{"id":1029,"date":"2024-08-30T10:18:34","date_gmt":"2024-08-30T08:18:34","guid":{"rendered":"https:\/\/marpanel.pl\/?post_type=product&#038;p=1029"},"modified":"2025-12-23T16:24:18","modified_gmt":"2025-12-23T15:24:18","slug":"plyta-warstwowa-gs-mw-qa-s","status":"publish","type":"product","link":"https:\/\/marpanel.pl\/de\/plyta\/plyta-warstwowa-gs-mw-qa-s\/","title":{"rendered":"Sandwichelement GS MW QA S"},"content":{"rendered":"<p>Die Sandwichplatte GS MW QA S mit sichtbarer Befestigung ist ein spezielles Bauelement, das f\u00fcr die Erstellung von Au\u00dfen- und Innenw\u00e4nden in Rahmenkonstruktionen konzipiert ist. Sie zeichnen sich durch einen g\u00fcnstigen W\u00e4rmeleitkoeffizienten aus, der es erm\u00f6glicht, das Geb\u00e4ude effizient zu isolieren und gleichzeitig die geringere Dichte des Plattenkerns beizubehalten. Das Verkleidungsmaterial besteht aus beidseitig verzinktem Stahlblech gem\u00e4\u00df EN 10346, das zus\u00e4tzlich mit einem 25 \u03bcm dicken organischen Polyesterlack beschichtet ist, um Korrosionsschutz und eine dauerhafte Oberfl\u00e4che zu gew\u00e4hrleisten. Die Paneele k\u00f6nnen sowohl vertikal als auch horizontal montiert werden und bieten somit Flexibilit\u00e4t bei der Konstruktion. Sie bieten einen hervorragenden Brandschutz und eine ausgezeichnete Schalld\u00e4mmung und sind somit die ideale Wahl f\u00fcr Anwendungen, bei denen hohe Sicherheits- und Komfortstandards erforderlich sind.<\/p>\n<p>1. die Profilierung der Blechverkleidung verleiht den W\u00e4nden ein \u00e4sthetisches Aussehen<br \/>\nGro\u00dfer Radius des Verschlussprofils zur Gew\u00e4hrleistung der Integrit\u00e4t der Lackierung<br \/>\n3. doppelte Verriegelung der Paneele, um eine hohe Feuerfestigkeit zu gew\u00e4hrleisten<br \/>\nHarter Mineralwollkern mit sehr guter Feuerbest\u00e4ndigkeit und Schalld\u00e4mmung<\/p>","protected":false},"excerpt":{"rendered":"<p>GS MW S Platten mit sichtbarer Befestigung sind f\u00fcr den Bau von Au\u00dfen- und Innenw\u00e4nden auf einer Rahmenkonstruktion vorgesehen. Sie zeichnen sich durch einen besseren W\u00e4rmeleitkoeffizienten bei geringerer Kerndichte aus, bieten eine ausgezeichnete Schalld\u00e4mmung und einen hervorragenden Brandschutz. Sie k\u00f6nnen sowohl vertikal als auch horizontal verlegt werden. Sie werden mit beidseitig verzinkten und mit Polyesterlack beschichteten Stahlblechen ausgef\u00fchrt.<\/p>","protected":false},"featured_media":1030,"comment_status":"open","ping_status":"closed","template":"","meta":{"_acf_changed":false},"product_brand":[],"product_cat":[27,34],"product_tag":[],"class_list":{"0":"post-1029","1":"product","2":"type-product","3":"status-publish","4":"has-post-thumbnail","6":"product_cat-plyty-warstwowe","7":"product_cat-plyty-warstwowe-welna","9":"first","10":"instock","11":"shipping-taxable","12":"product-type-simple"},"acf":[],"_links":{"self":[{"href":"https:\/\/marpanel.pl\/de\/wp-json\/wp\/v2\/product\/1029","targetHints":{"allow":["GET"]}}],"collection":[{"href":"https:\/\/marpanel.pl\/de\/wp-json\/wp\/v2\/product"}],"about":[{"href":"https:\/\/marpanel.pl\/de\/wp-json\/wp\/v2\/types\/product"}],"replies":[{"embeddable":true,"href":"https:\/\/marpanel.pl\/de\/wp-json\/wp\/v2\/comments?post=1029"}],"wp:featuredmedia":[{"embeddable":true,"href":"https:\/\/marpanel.pl\/de\/wp-json\/wp\/v2\/media\/1030"}],"wp:attachment":[{"href":"https:\/\/marpanel.pl\/de\/wp-json\/wp\/v2\/media?parent=1029"}],"wp:term":[{"taxonomy":"product_brand","embeddable":true,"href":"https:\/\/marpanel.pl\/de\/wp-json\/wp\/v2\/product_brand?post=1029"},{"taxonomy":"product_cat","embeddable":true,"href":"https:\/\/marpanel.pl\/de\/wp-json\/wp\/v2\/product_cat?post=1029"},{"taxonomy":"product_tag","embeddable":true,"href":"https:\/\/marpanel.pl\/de\/wp-json\/wp\/v2\/product_tag?post=1029"}],"curies":[{"name":"wp","href":"https:\/\/api.w.org\/{rel}","templated":true}]}}