{"id":1031,"date":"2024-08-30T10:23:34","date_gmt":"2024-08-30T08:23:34","guid":{"rendered":"https:\/\/marpanel.pl\/?post_type=product&#038;p=1031"},"modified":"2024-10-28T21:20:17","modified_gmt":"2024-10-28T20:20:17","slug":"plyta-warstwowa-gs-mw-qa-u","status":"publish","type":"product","link":"https:\/\/marpanel.pl\/de\/plyta\/plyta-warstwowa-gs-mw-qa-u\/","title":{"rendered":"Sandwichelement GS MW QA U"},"content":{"rendered":"<p>Das Sandwichelement GS MW QA U ist ein modernes Bauelement mit verdeckter Befestigung, das sich ideal f\u00fcr die Realisierung von Au\u00dfen- und Innenw\u00e4nden in Rahmenbausystemen eignet. Dank einer fortschrittlichen Produktionstechnologie haben diese Platten einen besseren W\u00e4rmeleitkoeffizienten bei gleichzeitig geringerer Kerndichte, was zur Verbesserung der Energieeffizienz des Geb\u00e4udes beitr\u00e4gt. Die M\u00f6glichkeit, die Platten sowohl vertikal als auch horizontal einzubauen und als ein- oder mehrfeldrige Wandelemente zu verwenden, bietet den Planern eine gro\u00dfe Flexibilit\u00e4t bei der Gestaltung der Architektur von Geb\u00e4uden. Die verdeckte Befestigung, die von der Fassade aus nicht sichtbar ist, unterstreicht die \u00c4sthetik und Eleganz der Fassade und macht diese Paneele in optischer und funktionaler Hinsicht besonders attraktiv. Die Oberfl\u00e4che der Paneele ist mit einem beidseitig verzinkten Stahlblech gem\u00e4\u00df EN 10346 versehen und mit einem dauerhaften organischen Polyesterlack mit einer Dicke von 25 \u03bcm beschichtet, der Schutz vor Korrosion und Langlebigkeit bietet. Die Paneele bieten einen hervorragenden Brandschutz und eine ausgezeichnete Schalld\u00e4mmung, was sie zu einer ausgezeichneten Wahl f\u00fcr Geb\u00e4ude mit hohen Anforderungen an die Sicherheit und den akustischen Komfort macht.<\/p>\n<p>1. die Profilierung der Blechverkleidung verleiht den W\u00e4nden ein \u00e4sthetisches Aussehen<br \/>\n2. verdeckte Befestigung f\u00fcr ein einheitlicheres Erscheinungsbild der Fassade<br \/>\nGro\u00dfer Radius des Verschlussprofils zur Gew\u00e4hrleistung der Integrit\u00e4t der Lackierung<br \/>\n4. Hilfsrille zur Erleichterung der Positionierung des Befestigungselements<br \/>\n5. harter Mineralwollkern mit sehr guter Feuerbest\u00e4ndigkeit und Schalld\u00e4mmung<\/p>","protected":false},"excerpt":{"rendered":"<p>GS MW QA U-Platten mit verdeckter Befestigung, die f\u00fcr Au\u00dfen- und Innenw\u00e4nde auf einer Rahmenkonstruktion vorgesehen sind, zeichnen sich durch einen verbesserten W\u00e4rmeleitkoeffizienten und eine geringere Kerndichte aus. Sie k\u00f6nnen vertikal und horizontal als ein- oder mehrfeldrige Elemente verlegt werden. Die verdeckte Befestigung macht sie architektonisch attraktiv. Sie sind aus verzinktem Stahlblech mit Polyesterlackierung gefertigt und bieten einen hervorragenden Brandschutz und eine ausgezeichnete Schalld\u00e4mmung.<\/p>","protected":false},"featured_media":1032,"comment_status":"open","ping_status":"closed","template":"","meta":{"_acf_changed":false},"product_brand":[],"product_cat":[27,34],"product_tag":[],"class_list":{"0":"post-1031","1":"product","2":"type-product","3":"status-publish","4":"has-post-thumbnail","6":"product_cat-plyty-warstwowe","7":"product_cat-plyty-warstwowe-welna","9":"first","10":"instock","11":"shipping-taxable","12":"product-type-simple"},"acf":[],"_links":{"self":[{"href":"https:\/\/marpanel.pl\/de\/wp-json\/wp\/v2\/product\/1031","targetHints":{"allow":["GET"]}}],"collection":[{"href":"https:\/\/marpanel.pl\/de\/wp-json\/wp\/v2\/product"}],"about":[{"href":"https:\/\/marpanel.pl\/de\/wp-json\/wp\/v2\/types\/product"}],"replies":[{"embeddable":true,"href":"https:\/\/marpanel.pl\/de\/wp-json\/wp\/v2\/comments?post=1031"}],"wp:featuredmedia":[{"embeddable":true,"href":"https:\/\/marpanel.pl\/de\/wp-json\/wp\/v2\/media\/1032"}],"wp:attachment":[{"href":"https:\/\/marpanel.pl\/de\/wp-json\/wp\/v2\/media?parent=1031"}],"wp:term":[{"taxonomy":"product_brand","embeddable":true,"href":"https:\/\/marpanel.pl\/de\/wp-json\/wp\/v2\/product_brand?post=1031"},{"taxonomy":"product_cat","embeddable":true,"href":"https:\/\/marpanel.pl\/de\/wp-json\/wp\/v2\/product_cat?post=1031"},{"taxonomy":"product_tag","embeddable":true,"href":"https:\/\/marpanel.pl\/de\/wp-json\/wp\/v2\/product_tag?post=1031"}],"curies":[{"name":"wp","href":"https:\/\/api.w.org\/{rel}","templated":true}]}}