{"id":1033,"date":"2024-08-30T10:29:32","date_gmt":"2024-08-30T08:29:32","guid":{"rendered":"https:\/\/marpanel.pl\/?post_type=product&#038;p=1033"},"modified":"2024-10-28T21:16:13","modified_gmt":"2024-10-28T20:16:13","slug":"plyta-warstwowa-gs-mw-qa-ch","status":"publish","type":"product","link":"https:\/\/marpanel.pl\/de\/plyta\/plyta-warstwowa-gs-mw-qa-ch\/","title":{"rendered":"Sandwichelement GS MW QA CH"},"content":{"rendered":"<p>Die Sandwichplatte GS MW QA CH mit sichtbarer Befestigung ist eine moderne L\u00f6sung f\u00fcr den Bau von Au\u00dfen- und Innenw\u00e4nden in Fachwerkgeb\u00e4uden. Die Paneele zeichnen sich durch einen verbesserten W\u00e4rmeleitkoeffizienten infolge der geringeren Dichte des Kerns aus, was eine bessere W\u00e4rmed\u00e4mmung bei gleichbleibender Energieeffizienz erm\u00f6glicht. Die Oberfl\u00e4che der Paneele ist beidseitig mit verzinktem Stahlblech gem\u00e4\u00df EN 10346 beschichtet und mit einem organischen Polyesterlack mit einer Schichtdicke von 25 \u03bcm gesch\u00fctzt, der einen dauerhaften Korrosionsschutz und ein \u00e4sthetisches Finish bietet. Die M\u00f6glichkeit der vertikalen und horizontalen Verlegung macht GS MW CH-Platten zu einer vielseitigen L\u00f6sung, die sich an unterschiedliche architektonische Anforderungen anpassen l\u00e4sst. Sie bieten einen ausgezeichneten Brandschutz und eine hervorragende Schalld\u00e4mmung, was sie zu einer idealen Wahl f\u00fcr Geb\u00e4ude macht, in denen hohe Sicherheitsstandards und akustischer Komfort wichtig sind.<\/p>\n<p>1. die Profilierung der Blechverkleidung verleiht den W\u00e4nden ein \u00e4sthetisches Aussehen<br \/>\nGro\u00dfer Radius des Verschlussprofils zur Gew\u00e4hrleistung der Integrit\u00e4t der Lackierung<br \/>\n3. doppelte Verriegelung der Paneele, um eine hohe Feuerfestigkeit zu gew\u00e4hrleisten<br \/>\nHarter Mineralwollkern mit sehr guter Feuerbest\u00e4ndigkeit und Schalld\u00e4mmung<\/p>","protected":false},"excerpt":{"rendered":"<p>Die Wandplatten GS MW CH mit sichtbarer Befestigung sind f\u00fcr den Bau von Au\u00dfen- und Innenw\u00e4nden auf einer Rahmenkonstruktion vorgesehen. Sie haben einen besseren W\u00e4rmeleitkoeffizienten aufgrund der geringeren Dichte des Kerns. Sie sind aus verzinktem Stahlblech mit 25 \u03bcm Polyesterlack gefertigt. Sie k\u00f6nnen vertikal und horizontal verlegt werden und bieten einen hervorragenden Brandschutz und eine ausgezeichnete Schalld\u00e4mmung.<\/p>","protected":false},"featured_media":1034,"comment_status":"open","ping_status":"closed","template":"","meta":{"_acf_changed":false},"product_brand":[],"product_cat":[27,34],"product_tag":[],"class_list":{"0":"post-1033","1":"product","2":"type-product","3":"status-publish","4":"has-post-thumbnail","6":"product_cat-plyty-warstwowe","7":"product_cat-plyty-warstwowe-welna","9":"first","10":"instock","11":"shipping-taxable","12":"product-type-simple"},"acf":[],"_links":{"self":[{"href":"https:\/\/marpanel.pl\/de\/wp-json\/wp\/v2\/product\/1033","targetHints":{"allow":["GET"]}}],"collection":[{"href":"https:\/\/marpanel.pl\/de\/wp-json\/wp\/v2\/product"}],"about":[{"href":"https:\/\/marpanel.pl\/de\/wp-json\/wp\/v2\/types\/product"}],"replies":[{"embeddable":true,"href":"https:\/\/marpanel.pl\/de\/wp-json\/wp\/v2\/comments?post=1033"}],"wp:featuredmedia":[{"embeddable":true,"href":"https:\/\/marpanel.pl\/de\/wp-json\/wp\/v2\/media\/1034"}],"wp:attachment":[{"href":"https:\/\/marpanel.pl\/de\/wp-json\/wp\/v2\/media?parent=1033"}],"wp:term":[{"taxonomy":"product_brand","embeddable":true,"href":"https:\/\/marpanel.pl\/de\/wp-json\/wp\/v2\/product_brand?post=1033"},{"taxonomy":"product_cat","embeddable":true,"href":"https:\/\/marpanel.pl\/de\/wp-json\/wp\/v2\/product_cat?post=1033"},{"taxonomy":"product_tag","embeddable":true,"href":"https:\/\/marpanel.pl\/de\/wp-json\/wp\/v2\/product_tag?post=1033"}],"curies":[{"name":"wp","href":"https:\/\/api.w.org\/{rel}","templated":true}]}}