{"id":1035,"date":"2024-08-30T10:34:15","date_gmt":"2024-08-30T08:34:15","guid":{"rendered":"https:\/\/marpanel.pl\/?post_type=product&#038;p=1035"},"modified":"2025-06-01T02:04:09","modified_gmt":"2025-06-01T00:04:09","slug":"plyta-warstwowa-gs-mw-s","status":"publish","type":"product","link":"https:\/\/marpanel.pl\/de\/plyta\/plyta-warstwowa-gs-mw-s\/","title":{"rendered":"Sandwichplatte GS MW S"},"content":{"rendered":"<p>Die Sandwichelemente GS MW S mit sichtbarer Befestigung sind eine Speziall\u00f6sung f\u00fcr die Realisierung von Au\u00dfen- und Innenw\u00e4nden in Rahmenkonstruktionen. Sie zeichnen sich durch eine langlebige, beidseitig verzinkte Stahlblechverkleidung nach EN 10346 aus, die mit einem organischen Polyesterlack mit einer Schichtdicke von 25 \u03bcm beschichtet ist, der Korrosionsbest\u00e4ndigkeit und ein \u00e4sthetisches Aussehen gew\u00e4hrleistet. Die Platten k\u00f6nnen sowohl vertikal als auch horizontal verlegt werden und bieten somit eine gro\u00dfe Flexibilit\u00e4t bei der Wandgestaltung. GS MW S-Platten garantieren ein H\u00f6chstma\u00df an Brandschutz und eine hervorragende Schalld\u00e4mmung und sind damit die ideale Wahl f\u00fcr Geb\u00e4ude, die hohe Anforderungen an Sicherheit und akustischen Komfort stellen.<\/p>\n<p>1. die Profilierung der Blechverkleidung verleiht den W\u00e4nden ein \u00e4sthetisches Aussehen<br \/>\nGro\u00dfer Radius des Verschlussprofils zur Gew\u00e4hrleistung der Integrit\u00e4t der Lackierung<br \/>\n3. doppelte Verriegelung der Paneele, um eine hohe Feuerfestigkeit zu gew\u00e4hrleisten<br \/>\nHarter Mineralwollkern mit sehr guter Feuerbest\u00e4ndigkeit und Schalld\u00e4mmung<\/p>","protected":false},"excerpt":{"rendered":"<p>Die Platten GS MW S mit sichtbarer Befestigung sind f\u00fcr den Bau von Au\u00dfen- und Innenw\u00e4nden auf einer Rahmenkonstruktion vorgesehen. Sie sind mit verzinktem Stahlblech versehen und mit 25 \u03bcm Polyesterlack lackiert und bieten einen hervorragenden Brandschutz und eine hohe Schalld\u00e4mmung. Sie k\u00f6nnen sowohl senkrecht als auch waagerecht montiert werden.<\/p>","protected":false},"featured_media":1036,"comment_status":"open","ping_status":"closed","template":"","meta":{"_acf_changed":false},"product_brand":[],"product_cat":[27,34],"product_tag":[],"class_list":{"0":"post-1035","1":"product","2":"type-product","3":"status-publish","4":"has-post-thumbnail","6":"product_cat-plyty-warstwowe","7":"product_cat-plyty-warstwowe-welna","9":"first","10":"instock","11":"shipping-taxable","12":"product-type-simple"},"acf":[],"_links":{"self":[{"href":"https:\/\/marpanel.pl\/de\/wp-json\/wp\/v2\/product\/1035","targetHints":{"allow":["GET"]}}],"collection":[{"href":"https:\/\/marpanel.pl\/de\/wp-json\/wp\/v2\/product"}],"about":[{"href":"https:\/\/marpanel.pl\/de\/wp-json\/wp\/v2\/types\/product"}],"replies":[{"embeddable":true,"href":"https:\/\/marpanel.pl\/de\/wp-json\/wp\/v2\/comments?post=1035"}],"wp:featuredmedia":[{"embeddable":true,"href":"https:\/\/marpanel.pl\/de\/wp-json\/wp\/v2\/media\/1036"}],"wp:attachment":[{"href":"https:\/\/marpanel.pl\/de\/wp-json\/wp\/v2\/media?parent=1035"}],"wp:term":[{"taxonomy":"product_brand","embeddable":true,"href":"https:\/\/marpanel.pl\/de\/wp-json\/wp\/v2\/product_brand?post=1035"},{"taxonomy":"product_cat","embeddable":true,"href":"https:\/\/marpanel.pl\/de\/wp-json\/wp\/v2\/product_cat?post=1035"},{"taxonomy":"product_tag","embeddable":true,"href":"https:\/\/marpanel.pl\/de\/wp-json\/wp\/v2\/product_tag?post=1035"}],"curies":[{"name":"wp","href":"https:\/\/api.w.org\/{rel}","templated":true}]}}