{"id":1037,"date":"2024-08-30T10:37:31","date_gmt":"2024-08-30T08:37:31","guid":{"rendered":"https:\/\/marpanel.pl\/?post_type=product&#038;p=1037"},"modified":"2024-10-28T20:16:09","modified_gmt":"2024-10-28T19:16:09","slug":"plyta-warstwowa-gs-mw-u","status":"publish","type":"product","link":"https:\/\/marpanel.pl\/de\/plyta\/plyta-warstwowa-gs-mw-u\/","title":{"rendered":"Sandwichplatte GS MW U"},"content":{"rendered":"<p>Das Sandwichelement GS MW U ist eine innovative L\u00f6sung f\u00fcr die Realisierung von Au\u00dfen- und Innenw\u00e4nden auf einer Rahmenkonstruktion, die sich durch ihre \u00c4sthetik und Funktionalit\u00e4t dank der verdeckten Befestigung auszeichnet. Diese Befestigung ist von der Fassade aus nicht sichtbar, was die Paneele architektonisch besonders attraktiv macht. Die Verkleidung der Paneele besteht aus beidseitig verzinktem Stahlblech gem\u00e4\u00df EN 10346 und ist mit einem 25 \u03bcm dicken organischen Polyesterlack beschichtet, um Langlebigkeit, Korrosionsbest\u00e4ndigkeit und ein \u00e4sthetisch ansprechendes Aussehen zu gew\u00e4hrleisten. Die Platten k\u00f6nnen sowohl vertikal als auch horizontal montiert werden, was ihre Vielseitigkeit bei einer Vielzahl von Bauprojekten erh\u00f6ht. Sie bieten einen ausgezeichneten Brandschutz und eine hervorragende Schalld\u00e4mmung, was sie zu einer idealen Wahl f\u00fcr Geb\u00e4ude macht, die ein hohes Ma\u00df an Sicherheit und akustischem Komfort erfordern.<\/p>\n<p>1. die Profilierung der Blechverkleidung verleiht den W\u00e4nden ein \u00e4sthetisches Aussehen<br \/>\n2. verdeckte Befestigung f\u00fcr ein einheitlicheres Erscheinungsbild der Fassade<br \/>\nGro\u00dfer Radius des Verschlussprofils zur Gew\u00e4hrleistung der Integrit\u00e4t der Lackierung<br \/>\n4. Hilfsrille zur Erleichterung der Positionierung des Befestigungselements<br \/>\n5. harter Mineralwollkern mit sehr guter Feuerbest\u00e4ndigkeit und Schalld\u00e4mmung<\/p>","protected":false},"excerpt":{"rendered":"<p>Die Wandpaneele GS MW U sind f\u00fcr den Bau von Au\u00dfen- und Innenw\u00e4nden in Rahmenkonstruktionen vorgesehen. Dank der verdeckten Befestigung, die von der Fassade aus nicht sichtbar ist, bieten die Paneele ein \u00e4sthetisches und funktionelles Aussehen. Sie bestehen aus verzinktem Stahlblech mit 25 \u03bcm organischem Polyesterlack und bieten einen hervorragenden Brandschutz und eine hohe Schalld\u00e4mmung. Sie k\u00f6nnen sowohl vertikal als auch horizontal montiert werden.<\/p>","protected":false},"featured_media":1038,"comment_status":"open","ping_status":"closed","template":"","meta":{"_acf_changed":false},"product_brand":[],"product_cat":[27,34],"product_tag":[],"class_list":{"0":"post-1037","1":"product","2":"type-product","3":"status-publish","4":"has-post-thumbnail","6":"product_cat-plyty-warstwowe","7":"product_cat-plyty-warstwowe-welna","9":"first","10":"instock","11":"shipping-taxable","12":"product-type-simple"},"acf":[],"_links":{"self":[{"href":"https:\/\/marpanel.pl\/de\/wp-json\/wp\/v2\/product\/1037","targetHints":{"allow":["GET"]}}],"collection":[{"href":"https:\/\/marpanel.pl\/de\/wp-json\/wp\/v2\/product"}],"about":[{"href":"https:\/\/marpanel.pl\/de\/wp-json\/wp\/v2\/types\/product"}],"replies":[{"embeddable":true,"href":"https:\/\/marpanel.pl\/de\/wp-json\/wp\/v2\/comments?post=1037"}],"wp:featuredmedia":[{"embeddable":true,"href":"https:\/\/marpanel.pl\/de\/wp-json\/wp\/v2\/media\/1038"}],"wp:attachment":[{"href":"https:\/\/marpanel.pl\/de\/wp-json\/wp\/v2\/media?parent=1037"}],"wp:term":[{"taxonomy":"product_brand","embeddable":true,"href":"https:\/\/marpanel.pl\/de\/wp-json\/wp\/v2\/product_brand?post=1037"},{"taxonomy":"product_cat","embeddable":true,"href":"https:\/\/marpanel.pl\/de\/wp-json\/wp\/v2\/product_cat?post=1037"},{"taxonomy":"product_tag","embeddable":true,"href":"https:\/\/marpanel.pl\/de\/wp-json\/wp\/v2\/product_tag?post=1037"}],"curies":[{"name":"wp","href":"https:\/\/api.w.org\/{rel}","templated":true}]}}