{"id":1039,"date":"2024-08-30T10:41:41","date_gmt":"2024-08-30T08:41:41","guid":{"rendered":"https:\/\/marpanel.pl\/?post_type=product&#038;p=1039"},"modified":"2024-10-28T20:13:12","modified_gmt":"2024-10-28T19:13:12","slug":"plyta-warstwowa-gs-mw-ch","status":"publish","type":"product","link":"https:\/\/marpanel.pl\/de\/plyta\/plyta-warstwowa-gs-mw-ch\/","title":{"rendered":"Sandwichplatte GS MW CH"},"content":{"rendered":"<p>Die Sandwichelemente GS MW CH mit sichtbarer Befestigung sind f\u00fcr den Bau von Au\u00dfen- und Innenw\u00e4nden in Rahmenkonstruktionen vorgesehen. Sie bestehen aus verzinktem Stahlblech nach EN 10346 und sind mit 25 \u03bcm organischem Polyesterlack beschichtet. Sie bieten einen hervorragenden Brandschutz und eine hohe Schalld\u00e4mmung. Sie k\u00f6nnen sowohl senkrecht als auch waagerecht verlegt werden.<\/p>\n<p>1. die Profilierung der Blechverkleidung verleiht den W\u00e4nden ein \u00e4sthetisches Aussehen<br \/>\nGro\u00dfer Radius des Verschlussprofils zur Gew\u00e4hrleistung der Integrit\u00e4t der Lackierung<br \/>\n3. doppelte Verriegelung der Paneele, um eine hohe Feuerfestigkeit zu gew\u00e4hrleisten<br \/>\nHarter Mineralwollkern mit sehr guter Feuerbest\u00e4ndigkeit und Schalld\u00e4mmung<\/p>","protected":false},"excerpt":{"rendered":"<p>Die Wandpaneele GS MW CH, die mit einer sichtbaren Befestigung ausgestattet sind, sind f\u00fcr den Bau von Au\u00dfen- und Innenw\u00e4nden in Rahmenbausystemen bestimmt. Sie zeichnen sich durch ihre hohe Funktionalit\u00e4t und \u00c4sthetik aus, dank der Verwendung von beidseitig verzinkten Stahlblechen gem\u00e4\u00df EN 10346, die mit einem organischen Polyesterlack mit einer Dicke von 25 \u03bcm beschichtet sind, der Haltbarkeit und Korrosionsbest\u00e4ndigkeit gew\u00e4hrleistet. Die Paneele k\u00f6nnen sowohl vertikal als auch horizontal montiert werden, was eine flexible Gestaltung erm\u00f6glicht. GS MW CH garantieren einen hervorragenden Brandschutz und eine ausgezeichnete Schalld\u00e4mmung und sind damit die ideale L\u00f6sung f\u00fcr Geb\u00e4ude, in denen sowohl Sicherheit als auch akustischer Komfort wichtig sind.<\/p>","protected":false},"featured_media":1040,"comment_status":"open","ping_status":"closed","template":"","meta":{"_acf_changed":false},"product_brand":[],"product_cat":[27,34],"product_tag":[],"class_list":{"0":"post-1039","1":"product","2":"type-product","3":"status-publish","4":"has-post-thumbnail","6":"product_cat-plyty-warstwowe","7":"product_cat-plyty-warstwowe-welna","9":"first","10":"instock","11":"shipping-taxable","12":"product-type-simple"},"acf":[],"_links":{"self":[{"href":"https:\/\/marpanel.pl\/de\/wp-json\/wp\/v2\/product\/1039","targetHints":{"allow":["GET"]}}],"collection":[{"href":"https:\/\/marpanel.pl\/de\/wp-json\/wp\/v2\/product"}],"about":[{"href":"https:\/\/marpanel.pl\/de\/wp-json\/wp\/v2\/types\/product"}],"replies":[{"embeddable":true,"href":"https:\/\/marpanel.pl\/de\/wp-json\/wp\/v2\/comments?post=1039"}],"wp:featuredmedia":[{"embeddable":true,"href":"https:\/\/marpanel.pl\/de\/wp-json\/wp\/v2\/media\/1040"}],"wp:attachment":[{"href":"https:\/\/marpanel.pl\/de\/wp-json\/wp\/v2\/media?parent=1039"}],"wp:term":[{"taxonomy":"product_brand","embeddable":true,"href":"https:\/\/marpanel.pl\/de\/wp-json\/wp\/v2\/product_brand?post=1039"},{"taxonomy":"product_cat","embeddable":true,"href":"https:\/\/marpanel.pl\/de\/wp-json\/wp\/v2\/product_cat?post=1039"},{"taxonomy":"product_tag","embeddable":true,"href":"https:\/\/marpanel.pl\/de\/wp-json\/wp\/v2\/product_tag?post=1039"}],"curies":[{"name":"wp","href":"https:\/\/api.w.org\/{rel}","templated":true}]}}