{"id":2222,"date":"2024-09-02T14:45:41","date_gmt":"2024-09-02T12:45:41","guid":{"rendered":"https:\/\/marpanel.pl\/?post_type=product&#038;p=2222"},"modified":"2025-11-25T01:40:46","modified_gmt":"2025-11-25T00:40:46","slug":"dark-oak-plyta-warstwowa","status":"publish","type":"product","link":"https:\/\/marpanel.pl\/de\/plyta\/dark-oak-plyta-warstwowa\/","title":{"rendered":"Laminat Eiche dunkel"},"content":{"rendered":"<p>Die Marpanel Verbundplatte Eiche Dunkel mit Struktur Eiche Dunkel bietet eine moderne Fassadenl\u00f6sung, die die Eleganz von nat\u00fcrlichem Holz harmonisch mit der au\u00dfergew\u00f6hnlichen Haltbarkeit moderner Materialien verbindet. Die Struktur Eiche Dunkel f\u00e4ngt das tiefe, reiche Erscheinungsbild von dunklem Holz genau ein und verleiht Geb\u00e4uden einen anspruchsvollen und modernen Charakter, der sowohl mit traditioneller als auch mit innovativer Architektur perfekt harmoniert.<\/p>\n<p>Marpanel Dark Oak-Platten werden aus hochwertigen Materialien hergestellt, die gegen verschiedene Witterungsbedingungen, UV-Strahlung und mechanische Besch\u00e4digungen resistent sind. Dadurch behalten die Fassaden ihr \u00e4sthetisches Erscheinungsbild \u00fcber viele Jahre hinweg, ohne dass h\u00e4ufige Wartungsarbeiten erforderlich sind. Die Oberfl\u00e4che der Paneele ist leicht sauber zu halten, was ihre Nutzbarkeit erh\u00f6ht.<\/p>\n<p>Das Marpanel-Paneel-Montagesystem ist f\u00fcr eine schnelle und problemlose Montage konzipiert. Die Paneele sind leicht und einfach zu verarbeiten und erm\u00f6glichen eine pr\u00e4zise Anpassung an jede Geb\u00e4udestruktur. Dank der speziell geformten Kanten und der verdeckten Verbinder sind die Verbindungen zwischen den Paneelen stabil und dicht, wodurch eine einheitliche, \u00e4sthetisch ansprechende Oberfl\u00e4che ohne sichtbare Befestigungen entsteht.<\/p>\n<p>Die Struktur der dunklen Eiche verleiht Geb\u00e4uden ein unverwechselbares, nat\u00fcrliches Aussehen, das ihre Eleganz und ihr Prestige unterstreicht. Sie ist die perfekte L\u00f6sung sowohl f\u00fcr Wohn- als auch f\u00fcr Gesch\u00e4ftsh\u00e4user, da sie deren \u00c4sthetik und Marktwert steigert und gleichzeitig Haltbarkeit und Funktionalit\u00e4t \u00fcber Jahre hinweg gew\u00e4hrleistet.<\/p>\n<h3>Wesentliche Merkmale:<\/h3>\n<ul>\n<li><strong>Tiefe Holzstruktur<\/strong>Dark Oak bietet das realistische Aussehen von dunklem Holz und verleiht Fassaden einen eleganten und unverwechselbaren Charakter.<\/li>\n<li><strong>Hohe Widerstandsf\u00e4higkeit<\/strong>Die Materialien sind widerstandsf\u00e4hig gegen raue Witterungsbedingungen, UV-Strahlung und mechanische Besch\u00e4digungen und bieten einen dauerhaften Schutz.<\/li>\n<li><strong>Einfache Installation<\/strong>Die Leichtigkeit der Paneele und das intuitive Montagesystem erm\u00f6glichen eine schnelle und pr\u00e4zise Fertigstellung der Fassade.<\/li>\n<li><strong>Niedrige Betriebskosten<\/strong>: Die Paneele m\u00fcssen nicht h\u00e4ufig gewartet werden, was die Wartungskosten des Geb\u00e4udes senkt.<\/li>\n<li><strong>Anspruchsvolle \u00c4sthetik und Langlebigkeit<\/strong>: Die Dark Oak-Struktur verbindet die \u00c4sthetik von dunklem Holz perfekt mit modernen Technologien und steigert so den Wert und die Attraktivit\u00e4t des Geb\u00e4udes.<\/li>\n<\/ul>","protected":false},"excerpt":{"rendered":"<p>Die holz\u00e4hnlichen Marpanel-Paneele in der Textur Eiche Dunkel sind stilvolle und dauerhafte Fassadenpaneele, die das tiefe, nat\u00fcrliche Aussehen von dunklem Holz perfekt nachbilden. Mit ihrer pr\u00e4zisen Struktur und den fortschrittlichen Materialien sind diese Paneele ideal f\u00fcr die Gestaltung moderner und dauerhafter Fassaden, sowohl in Wohn- als auch in Gesch\u00e4ftsgeb\u00e4uden.<\/p>","protected":false},"featured_media":2223,"comment_status":"open","ping_status":"closed","template":"","meta":{"_acf_changed":false},"product_brand":[],"product_cat":[47,33,30],"product_tag":[],"class_list":{"0":"post-2222","1":"product","2":"type-product","3":"status-publish","4":"has-post-thumbnail","6":"product_cat-plyty-warstwowe-drewnopodobne","7":"product_cat-plyty-warstwowe-dachowe","8":"product_cat-plyty-warstwowe-scienne","10":"first","11":"instock","12":"shipping-taxable","13":"product-type-simple"},"acf":[],"_links":{"self":[{"href":"https:\/\/marpanel.pl\/de\/wp-json\/wp\/v2\/product\/2222","targetHints":{"allow":["GET"]}}],"collection":[{"href":"https:\/\/marpanel.pl\/de\/wp-json\/wp\/v2\/product"}],"about":[{"href":"https:\/\/marpanel.pl\/de\/wp-json\/wp\/v2\/types\/product"}],"replies":[{"embeddable":true,"href":"https:\/\/marpanel.pl\/de\/wp-json\/wp\/v2\/comments?post=2222"}],"wp:featuredmedia":[{"embeddable":true,"href":"https:\/\/marpanel.pl\/de\/wp-json\/wp\/v2\/media\/2223"}],"wp:attachment":[{"href":"https:\/\/marpanel.pl\/de\/wp-json\/wp\/v2\/media?parent=2222"}],"wp:term":[{"taxonomy":"product_brand","embeddable":true,"href":"https:\/\/marpanel.pl\/de\/wp-json\/wp\/v2\/product_brand?post=2222"},{"taxonomy":"product_cat","embeddable":true,"href":"https:\/\/marpanel.pl\/de\/wp-json\/wp\/v2\/product_cat?post=2222"},{"taxonomy":"product_tag","embeddable":true,"href":"https:\/\/marpanel.pl\/de\/wp-json\/wp\/v2\/product_tag?post=2222"}],"curies":[{"name":"wp","href":"https:\/\/api.w.org\/{rel}","templated":true}]}}