{"id":2235,"date":"2024-09-02T15:03:36","date_gmt":"2024-09-02T13:03:36","guid":{"rendered":"https:\/\/marpanel.pl\/?post_type=product&#038;p=2235"},"modified":"2025-11-25T01:42:05","modified_gmt":"2025-11-25T00:42:05","slug":"wenge-plyta-warstwowa-drewnopodobna","status":"publish","type":"product","link":"https:\/\/marpanel.pl\/de\/plyta\/wenge-plyta-warstwowa-drewnopodobna\/","title":{"rendered":"Verbundplatte Wenge mit Holzmaserung"},"content":{"rendered":"<p>Die Verbundplatten mit Wenge-Struktur von Marpanel bieten eine innovative Fassadenl\u00f6sung, die die exotische Sch\u00f6nheit von dunklem Holz mit der bemerkenswerten Best\u00e4ndigkeit moderner Verbundwerkstoffe verbindet. Die Wenge-Struktur f\u00e4ngt den tiefen, edlen Charakter von Holz perfekt ein und verleiht Geb\u00e4uden ein unverwechselbares und modernes Aussehen, das sich sowohl mit traditioneller als auch mit modernistischer Architektur perfekt kombinieren l\u00e4sst.<\/p>\n<p>Marpanel Wenge-Paneele werden aus extrem haltbaren Materialien hergestellt, die resistent gegen raue Witterungsbedingungen, UV-Strahlung und mechanische Besch\u00e4digungen sind. Dadurch behalten die Fassaden \u00fcber viele Jahre hinweg ihr \u00e4sthetisches Erscheinungsbild, ohne dass eine h\u00e4ufige Wartung erforderlich ist. Die Oberfl\u00e4che der Paneele ist au\u00dferdem schmutzabweisend, was sie leicht sauber zu halten und noch funktioneller macht.<\/p>\n<p>Das Marpanel-Paneel-Montagesystem ist so konzipiert, dass eine schnelle und problemlose Montage m\u00f6glich ist. Die Paneele sind leicht und einfach zu verarbeiten, so dass sie sich pr\u00e4zise in jede Geb\u00e4udestruktur einf\u00fcgen lassen. Spezielle Kanten und verdeckte Befestigungen garantieren die Stabilit\u00e4t und Dichtigkeit der Verbindungen und schaffen eine nahtlose, elegante Oberfl\u00e4che ohne sichtbare Befestigungen.<\/p>\n<p>Die Wenge-Struktur verleiht Geb\u00e4uden einen einzigartigen, exotischen Charakter, der ihr Prestige und ihre Eleganz unterstreicht. Diese Paneele sind die ideale L\u00f6sung f\u00fcr Wohn- und Gesch\u00e4ftsgeb\u00e4ude und erh\u00f6hen deren \u00e4sthetischen und Marktwert, w\u00e4hrend sie gleichzeitig die Haltbarkeit und Funktionalit\u00e4t f\u00fcr viele Jahre gew\u00e4hrleisten.<\/p>\n<h3>Wesentliche Merkmale:<\/h3>\n<ul>\n<li><strong>Exotische Holzstruktur<\/strong>: Wenge reproduziert originalgetreu das tiefe, luxuri\u00f6se Aussehen von exotischem Holz und verleiht Fassaden einen anspruchsvollen und modernen Charakter.<\/li>\n<li><strong>Hohe Widerstandsf\u00e4higkeit<\/strong>Die Materialien sind widerstandsf\u00e4hig gegen wechselnde Witterungsbedingungen, UV-Strahlung und mechanische Besch\u00e4digungen und gew\u00e4hrleisten einen dauerhaften Schutz.<\/li>\n<li><strong>Einfacher Einbau<\/strong>Die leichten Paneele mit ihrem intuitiven Montagesystem erm\u00f6glichen eine schnelle und pr\u00e4zise Fertigstellung der Fassade.<\/li>\n<li><strong>Niedrige Betriebskosten<\/strong>: Die Paneele m\u00fcssen nicht regelm\u00e4\u00dfig gewartet werden, was die Wartungskosten f\u00fcr das Geb\u00e4ude erheblich senkt.<\/li>\n<li><strong>Anspruchsvolle \u00c4sthetik und Langlebigkeit<\/strong>: Die Wenge-Struktur verbindet die Eleganz exotischen Holzes mit modernen Technologien und steigert den Wert und die Attraktivit\u00e4t des Geb\u00e4udes.<\/li>\n<\/ul>","protected":false},"excerpt":{"rendered":"<p>Die holz\u00e4hnlichen Marpanel-Paneele in Wenge-Struktur sind stilvolle und dauerhafte Fassadenpaneele, die das tiefe, exotische Aussehen von Wenge-Holz originalgetreu nachbilden. Mit ihrer einzigartigen Textur und den hochwertigen Materialien sind diese Paneele die perfekte Wahl f\u00fcr die Gestaltung eleganter, langlebiger und moderner Fassaden in Wohn- und Gesch\u00e4ftsgeb\u00e4uden.<\/p>","protected":false},"featured_media":2236,"comment_status":"open","ping_status":"closed","template":"","meta":{"_acf_changed":false},"product_brand":[],"product_cat":[47,33,30],"product_tag":[],"class_list":{"0":"post-2235","1":"product","2":"type-product","3":"status-publish","4":"has-post-thumbnail","6":"product_cat-plyty-warstwowe-drewnopodobne","7":"product_cat-plyty-warstwowe-dachowe","8":"product_cat-plyty-warstwowe-scienne","10":"first","11":"instock","12":"shipping-taxable","13":"product-type-simple"},"acf":[],"_links":{"self":[{"href":"https:\/\/marpanel.pl\/de\/wp-json\/wp\/v2\/product\/2235","targetHints":{"allow":["GET"]}}],"collection":[{"href":"https:\/\/marpanel.pl\/de\/wp-json\/wp\/v2\/product"}],"about":[{"href":"https:\/\/marpanel.pl\/de\/wp-json\/wp\/v2\/types\/product"}],"replies":[{"embeddable":true,"href":"https:\/\/marpanel.pl\/de\/wp-json\/wp\/v2\/comments?post=2235"}],"wp:featuredmedia":[{"embeddable":true,"href":"https:\/\/marpanel.pl\/de\/wp-json\/wp\/v2\/media\/2236"}],"wp:attachment":[{"href":"https:\/\/marpanel.pl\/de\/wp-json\/wp\/v2\/media?parent=2235"}],"wp:term":[{"taxonomy":"product_brand","embeddable":true,"href":"https:\/\/marpanel.pl\/de\/wp-json\/wp\/v2\/product_brand?post=2235"},{"taxonomy":"product_cat","embeddable":true,"href":"https:\/\/marpanel.pl\/de\/wp-json\/wp\/v2\/product_cat?post=2235"},{"taxonomy":"product_tag","embeddable":true,"href":"https:\/\/marpanel.pl\/de\/wp-json\/wp\/v2\/product_tag?post=2235"}],"curies":[{"name":"wp","href":"https:\/\/api.w.org\/{rel}","templated":true}]}}