{"id":897,"date":"2024-08-29T14:36:33","date_gmt":"2024-08-29T12:36:33","guid":{"rendered":"https:\/\/marpanel.pl\/?post_type=product&#038;p=897"},"modified":"2024-10-29T07:57:26","modified_gmt":"2024-10-29T06:57:26","slug":"plyta-izolacyjna-termpir-max-19-al","status":"publish","type":"product","link":"https:\/\/marpanel.pl\/de\/plyta\/plyta-izolacyjna-termpir-max-19-al\/","title":{"rendered":"D\u00e4mmplatte termPIR\u00ae MAX 19 AL"},"content":{"rendered":"<p>Eine unschlagbare L\u00f6sung zur Steigerung der Energieeffizienz Ihres Geb\u00e4udes! Die D\u00e4mmplatte termPIR\u00ae MAX 19 AL besteht aus einem W\u00e4rmed\u00e4mmkern aus PIR-Hartschaum, der sich durch einen extrem niedrigen W\u00e4rmeleitf\u00e4higkeitskoeffizienten von 0,019 [W\/m-K] auszeichnet. Dadurch bieten die Platten eine hervorragende W\u00e4rmed\u00e4mmung, was sich in erheblichen Energieeinsparungen f\u00fcr Geb\u00e4ude niederschl\u00e4gt. Die Paneele sind auf beiden Seiten durch eine geschichtete, gasdichte Auskleidung aus Aluminium (AL), Papier und Polyethylen gesch\u00fctzt, was ihre Haltbarkeit und Widerstandsf\u00e4higkeit gegen Feuchtigkeit und mechanische Besch\u00e4digungen weiter erh\u00f6ht. Es ist die ideale L\u00f6sung f\u00fcr alle, die eine wirksame und hochwertige W\u00e4rmed\u00e4mmung suchen.<\/p>","protected":false},"excerpt":{"rendered":"<p>Die unschlagbare L\u00f6sung zur Steigerung der Energieeffizienz Ihres Geb\u00e4udes! TermPIR\u00ae MAX19 AL D\u00e4mmplatten mit einem PIR-Schaumkern mit einem W\u00e4rmeleitkoeffizienten von 0,019 [W\/m-K], beidseitig gesch\u00fctzt mit einer gasdichten Aluminium-, Papier- und Polyethylenverkleidung.<\/p>","protected":false},"featured_media":898,"comment_status":"open","ping_status":"closed","template":"","meta":{"_acf_changed":false},"product_brand":[],"product_cat":[35],"product_tag":[],"class_list":{"0":"post-897","1":"product","2":"type-product","3":"status-publish","4":"has-post-thumbnail","6":"product_cat-plyty-izolacyjne","8":"first","9":"instock","10":"shipping-taxable","11":"product-type-simple"},"acf":[],"_links":{"self":[{"href":"https:\/\/marpanel.pl\/de\/wp-json\/wp\/v2\/product\/897","targetHints":{"allow":["GET"]}}],"collection":[{"href":"https:\/\/marpanel.pl\/de\/wp-json\/wp\/v2\/product"}],"about":[{"href":"https:\/\/marpanel.pl\/de\/wp-json\/wp\/v2\/types\/product"}],"replies":[{"embeddable":true,"href":"https:\/\/marpanel.pl\/de\/wp-json\/wp\/v2\/comments?post=897"}],"wp:featuredmedia":[{"embeddable":true,"href":"https:\/\/marpanel.pl\/de\/wp-json\/wp\/v2\/media\/898"}],"wp:attachment":[{"href":"https:\/\/marpanel.pl\/de\/wp-json\/wp\/v2\/media?parent=897"}],"wp:term":[{"taxonomy":"product_brand","embeddable":true,"href":"https:\/\/marpanel.pl\/de\/wp-json\/wp\/v2\/product_brand?post=897"},{"taxonomy":"product_cat","embeddable":true,"href":"https:\/\/marpanel.pl\/de\/wp-json\/wp\/v2\/product_cat?post=897"},{"taxonomy":"product_tag","embeddable":true,"href":"https:\/\/marpanel.pl\/de\/wp-json\/wp\/v2\/product_tag?post=897"}],"curies":[{"name":"wp","href":"https:\/\/api.w.org\/{rel}","templated":true}]}}