{"id":905,"date":"2024-08-29T14:40:27","date_gmt":"2024-08-29T12:40:27","guid":{"rendered":"https:\/\/marpanel.pl\/?post_type=product&#038;p=905"},"modified":"2025-04-10T22:11:42","modified_gmt":"2025-04-10T20:11:42","slug":"plyta-izolacyjna-pir-termpir-pro-f","status":"publish","type":"product","link":"https:\/\/marpanel.pl\/de\/plyta\/plyta-izolacyjna-pir-termpir-pro-f\/","title":{"rendered":"PIR-D\u00e4mmplatte termPIR\u00ae Pro-F"},"content":{"rendered":"<p>Die PIR-D\u00e4mmplatte termPIR\u00ae Pro-F ist die perfekte L\u00f6sung zur Steigerung der Energieeffizienz von Geb\u00e4uden. Sie bestehen aus einem W\u00e4rmed\u00e4mmkern aus Polyisocyanurat-Hartschaum (PIR), der hervorragende D\u00e4mmeigenschaften und Haltbarkeit bietet. Um den Schutz gegen \u00e4u\u00dfere Einfl\u00fcsse weiter zu verbessern, sind die termPIR\u00ae Pro-F Platten auf beiden Seiten mit einer gasdichten Verkleidung aus Aluminium, Papier und Polyethylen versehen. Diese Konstruktion verbessert nicht nur die D\u00e4mmwirkung, sondern bietet auch einen dauerhaften Schutz gegen Feuchtigkeit, mechanische Besch\u00e4digung und andere sch\u00e4dliche Einfl\u00fcsse, was termPIR\u00ae Pro-F zu einer zuverl\u00e4ssigen Wahl f\u00fcr moderne und energieeffiziente Geb\u00e4ude macht.<\/p>","protected":false},"excerpt":{"rendered":"<p>termPIR\u00ae Pro-F D\u00e4mmplatten bestehen aus einem W\u00e4rmed\u00e4mmkern aus PIR-Hartschaum. Die Platten sind beidseitig durch eine schichtweise gasdichte Auskleidung aus Aluminium, Papier und Polyethylen gesch\u00fctzt.<\/p>","protected":false},"featured_media":896,"comment_status":"open","ping_status":"closed","template":"","meta":{"_acf_changed":false},"product_brand":[],"product_cat":[35],"product_tag":[],"class_list":{"0":"post-905","1":"product","2":"type-product","3":"status-publish","4":"has-post-thumbnail","6":"product_cat-plyty-izolacyjne","8":"first","9":"instock","10":"shipping-taxable","11":"product-type-simple"},"acf":[],"_links":{"self":[{"href":"https:\/\/marpanel.pl\/de\/wp-json\/wp\/v2\/product\/905","targetHints":{"allow":["GET"]}}],"collection":[{"href":"https:\/\/marpanel.pl\/de\/wp-json\/wp\/v2\/product"}],"about":[{"href":"https:\/\/marpanel.pl\/de\/wp-json\/wp\/v2\/types\/product"}],"replies":[{"embeddable":true,"href":"https:\/\/marpanel.pl\/de\/wp-json\/wp\/v2\/comments?post=905"}],"wp:featuredmedia":[{"embeddable":true,"href":"https:\/\/marpanel.pl\/de\/wp-json\/wp\/v2\/media\/896"}],"wp:attachment":[{"href":"https:\/\/marpanel.pl\/de\/wp-json\/wp\/v2\/media?parent=905"}],"wp:term":[{"taxonomy":"product_brand","embeddable":true,"href":"https:\/\/marpanel.pl\/de\/wp-json\/wp\/v2\/product_brand?post=905"},{"taxonomy":"product_cat","embeddable":true,"href":"https:\/\/marpanel.pl\/de\/wp-json\/wp\/v2\/product_cat?post=905"},{"taxonomy":"product_tag","embeddable":true,"href":"https:\/\/marpanel.pl\/de\/wp-json\/wp\/v2\/product_tag?post=905"}],"curies":[{"name":"wp","href":"https:\/\/api.w.org\/{rel}","templated":true}]}}