{"id":925,"date":"2024-08-29T15:02:24","date_gmt":"2024-08-29T13:02:24","guid":{"rendered":"https:\/\/marpanel.pl\/?post_type=product&#038;p=925"},"modified":"2024-10-29T07:53:03","modified_gmt":"2024-10-29T06:53:03","slug":"plyta-izolacyjna-pir-termpir-ws","status":"publish","type":"product","link":"https:\/\/marpanel.pl\/de\/plyta\/plyta-izolacyjna-pir-termpir-ws\/","title":{"rendered":"PIR-D\u00e4mmplatte termPIR\u00ae WS"},"content":{"rendered":"<p>Die PIR termPIR\u00ae WS D\u00e4mmplatte ist die ideale L\u00f6sung f\u00fcr alle, die die Energieeffizienz ihres Geb\u00e4udes deutlich erh\u00f6hen wollen. Die Platten haben einen Kern aus PIR-Hartschaum, der hervorragende W\u00e4rmed\u00e4mmeigenschaften bietet. Sie sind beidseitig mit einer gasdurchl\u00e4ssigen Glasschleierkaschierung (WS) versehen, die die Konstruktion atmen l\u00e4sst, sie vor Feuchtigkeit sch\u00fctzt und optimale D\u00e4mmbedingungen gew\u00e4hrleistet. termPIR\u00ae WS vereint Effizienz, Langlebigkeit und moderne Technologie und ist damit eine zuverl\u00e4ssige L\u00f6sung f\u00fcr anspruchsvolle Anwendungen.<\/p>","protected":false},"excerpt":{"rendered":"<p>TermPIR\u00ae WS D\u00e4mmplatten sind eine unschlagbare L\u00f6sung zur Steigerung der Energieeffizienz Ihres Geb\u00e4udes. Sie enthalten PIR-Hartschaum und sind beidseitig mit einer gasdurchl\u00e4ssigen Glasschleierverkleidung gesch\u00fctzt.<\/p>","protected":false},"featured_media":930,"comment_status":"open","ping_status":"closed","template":"","meta":{"_acf_changed":false},"product_brand":[],"product_cat":[35],"product_tag":[],"class_list":{"0":"post-925","1":"product","2":"type-product","3":"status-publish","4":"has-post-thumbnail","6":"product_cat-plyty-izolacyjne","8":"first","9":"instock","10":"shipping-taxable","11":"product-type-simple"},"acf":[],"_links":{"self":[{"href":"https:\/\/marpanel.pl\/de\/wp-json\/wp\/v2\/product\/925","targetHints":{"allow":["GET"]}}],"collection":[{"href":"https:\/\/marpanel.pl\/de\/wp-json\/wp\/v2\/product"}],"about":[{"href":"https:\/\/marpanel.pl\/de\/wp-json\/wp\/v2\/types\/product"}],"replies":[{"embeddable":true,"href":"https:\/\/marpanel.pl\/de\/wp-json\/wp\/v2\/comments?post=925"}],"wp:featuredmedia":[{"embeddable":true,"href":"https:\/\/marpanel.pl\/de\/wp-json\/wp\/v2\/media\/930"}],"wp:attachment":[{"href":"https:\/\/marpanel.pl\/de\/wp-json\/wp\/v2\/media?parent=925"}],"wp:term":[{"taxonomy":"product_brand","embeddable":true,"href":"https:\/\/marpanel.pl\/de\/wp-json\/wp\/v2\/product_brand?post=925"},{"taxonomy":"product_cat","embeddable":true,"href":"https:\/\/marpanel.pl\/de\/wp-json\/wp\/v2\/product_cat?post=925"},{"taxonomy":"product_tag","embeddable":true,"href":"https:\/\/marpanel.pl\/de\/wp-json\/wp\/v2\/product_tag?post=925"}],"curies":[{"name":"wp","href":"https:\/\/api.w.org\/{rel}","templated":true}]}}