{"id":926,"date":"2024-08-29T15:06:29","date_gmt":"2024-08-29T13:06:29","guid":{"rendered":"https:\/\/marpanel.pl\/?post_type=product&#038;p=926"},"modified":"2024-10-29T07:50:12","modified_gmt":"2024-10-29T06:50:12","slug":"plyta-izolacyjna-pir-termpir-al-gk","status":"publish","type":"product","link":"https:\/\/marpanel.pl\/de\/plyta\/plyta-izolacyjna-pir-termpir-al-gk\/","title":{"rendered":"PIR-D\u00e4mmplatte termPIR\u00ae AL GK"},"content":{"rendered":"<p>Die PIR termPIR\u00ae AL GK D\u00e4mmplatte ist eine innovative L\u00f6sung, die f\u00fcr hohe Energieeffizienz und Vielseitigkeit in der Anwendung entwickelt wurde. Jede Platte besteht aus einem Kern aus Polyisocyanuratschaum (PIR), der dank seines niedrigen W\u00e4rmeleitkoeffizienten hervorragende W\u00e4rmed\u00e4mmeigenschaften bietet.<\/p>\n<p>Die Paneele sind auf beiden Seiten durch eine mehrschichtige Verkleidung gesch\u00fctzt, die Papier, Aluminium und 12,5 mm dicke Gipskartonplatten kombiniert. Die Aluminiumschicht wirkt als gasdichte Barriere und verhindert effektiv W\u00e4rmeverluste und das Eindringen von Feuchtigkeit. Das Papier und das Aluminium unterst\u00fctzen die Haltbarkeit und Stabilit\u00e4t der gesamten Struktur.<\/p>\n<p>Zus\u00e4tzlich befindet sich zwischen der aluminiumbeschichteten Platte und der Gipsplatte eine Klebeschicht, die eine starke und dauerhafte Verbindung zwischen den beiden Materialien gew\u00e4hrleistet. Dank dieser Schicht sind termPIR\u00ae AL GK-Platten einfach zu verlegen und bieten eine dauerhafte und effektive D\u00e4mmung.<\/p>\n<p>Diese Platten sind ideal f\u00fcr eine Vielzahl von Bauanwendungen wie Innenw\u00e4nde, Decken oder Verkleidungen. Sie bieten nicht nur hervorragende D\u00e4mmeigenschaften, sondern dank der integrierten Gipsplatte auch eine \u00e4sthetisch ansprechende Oberfl\u00e4che, die zur Energieeffizienz und zum Komfort in Geb\u00e4uden beitr\u00e4gt.<\/p>","protected":false},"excerpt":{"rendered":"<p>TermPIR\u00ae AL GK-D\u00e4mmplatten sind eine Komplettl\u00f6sung zur Steigerung der Energieeffizienz von Geb\u00e4uden. Die Platten bestehen aus einem PIR-Schaumkern, der beidseitig mit einer Schicht aus Papier, Aluminium und 12,5 mm dicken Gipskartonplatten bedeckt ist. Zus\u00e4tzlich befindet sich zwischen der Aluminiumplatte und der Gipskartonplatte eine Klebeschicht, die eine starke und dauerhafte Verbindung gew\u00e4hrleistet.<\/p>","protected":false},"featured_media":928,"comment_status":"open","ping_status":"closed","template":"","meta":{"_acf_changed":false},"product_brand":[],"product_cat":[35],"product_tag":[],"class_list":{"0":"post-926","1":"product","2":"type-product","3":"status-publish","4":"has-post-thumbnail","6":"product_cat-plyty-izolacyjne","8":"first","9":"instock","10":"shipping-taxable","11":"product-type-simple"},"acf":[],"_links":{"self":[{"href":"https:\/\/marpanel.pl\/de\/wp-json\/wp\/v2\/product\/926","targetHints":{"allow":["GET"]}}],"collection":[{"href":"https:\/\/marpanel.pl\/de\/wp-json\/wp\/v2\/product"}],"about":[{"href":"https:\/\/marpanel.pl\/de\/wp-json\/wp\/v2\/types\/product"}],"replies":[{"embeddable":true,"href":"https:\/\/marpanel.pl\/de\/wp-json\/wp\/v2\/comments?post=926"}],"wp:featuredmedia":[{"embeddable":true,"href":"https:\/\/marpanel.pl\/de\/wp-json\/wp\/v2\/media\/928"}],"wp:attachment":[{"href":"https:\/\/marpanel.pl\/de\/wp-json\/wp\/v2\/media?parent=926"}],"wp:term":[{"taxonomy":"product_brand","embeddable":true,"href":"https:\/\/marpanel.pl\/de\/wp-json\/wp\/v2\/product_brand?post=926"},{"taxonomy":"product_cat","embeddable":true,"href":"https:\/\/marpanel.pl\/de\/wp-json\/wp\/v2\/product_cat?post=926"},{"taxonomy":"product_tag","embeddable":true,"href":"https:\/\/marpanel.pl\/de\/wp-json\/wp\/v2\/product_tag?post=926"}],"curies":[{"name":"wp","href":"https:\/\/api.w.org\/{rel}","templated":true}]}}