{"id":939,"date":"2024-08-29T15:11:43","date_gmt":"2024-08-29T13:11:43","guid":{"rendered":"https:\/\/marpanel.pl\/?post_type=product&#038;p=939"},"modified":"2024-10-29T07:46:29","modified_gmt":"2024-10-29T06:46:29","slug":"plyta-izolacyjna-pir-termpir-bws","status":"publish","type":"product","link":"https:\/\/marpanel.pl\/de\/plyta\/plyta-izolacyjna-pir-termpir-bws\/","title":{"rendered":"PIR-D\u00e4mmplatte termPIR\u00ae BWS"},"content":{"rendered":"<p>Die PIR-D\u00e4mmplatte termPIR\u00ae BWS ist eine innovative L\u00f6sung zur Steigerung der Energieeffizienz eines jeden Geb\u00e4udes. Ihr Kern aus PIR-Hartschaum garantiert hervorragende W\u00e4rmed\u00e4mmeigenschaften. Die Platten sind auf zwei Seiten durch spezielle gasdurchl\u00e4ssige Deckschichten gesch\u00fctzt: auf der einen Seite durch einen Glasschleier (WS), der ausreichenden Schutz und Haltbarkeit bietet, und auf der anderen Seite durch einen bitumin\u00f6sen Glasschleier (BT), der die Best\u00e4ndigkeit gegen Feuchtigkeit zus\u00e4tzlich erh\u00f6ht. termPIR\u00ae BWS ist die ideale L\u00f6sung f\u00fcr Geb\u00e4ude, die eine wirksame und zuverl\u00e4ssige W\u00e4rmed\u00e4mmung ben\u00f6tigen, die langfristig vor W\u00e4rmeverlusten sch\u00fctzt.<\/p>","protected":false},"excerpt":{"rendered":"<p>TermPIR\u00ae BWS-D\u00e4mmplatten sind eine unschlagbare L\u00f6sung zur Steigerung der Energieeffizienz Ihres Geb\u00e4udes. Sie bestehen aus PIR-Hartschaum und sind durch gasdurchl\u00e4ssige Deckschichten gesch\u00fctzt: Glasschleier (WS) auf der einen Seite und bitumin\u00f6ser Glasschleier (BT) auf der anderen Seite.<\/p>","protected":false},"featured_media":940,"comment_status":"open","ping_status":"closed","template":"","meta":{"_acf_changed":false},"product_brand":[],"product_cat":[35],"product_tag":[],"class_list":{"0":"post-939","1":"product","2":"type-product","3":"status-publish","4":"has-post-thumbnail","6":"product_cat-plyty-izolacyjne","8":"first","9":"instock","10":"shipping-taxable","11":"product-type-simple"},"acf":[],"_links":{"self":[{"href":"https:\/\/marpanel.pl\/de\/wp-json\/wp\/v2\/product\/939","targetHints":{"allow":["GET"]}}],"collection":[{"href":"https:\/\/marpanel.pl\/de\/wp-json\/wp\/v2\/product"}],"about":[{"href":"https:\/\/marpanel.pl\/de\/wp-json\/wp\/v2\/types\/product"}],"replies":[{"embeddable":true,"href":"https:\/\/marpanel.pl\/de\/wp-json\/wp\/v2\/comments?post=939"}],"wp:featuredmedia":[{"embeddable":true,"href":"https:\/\/marpanel.pl\/de\/wp-json\/wp\/v2\/media\/940"}],"wp:attachment":[{"href":"https:\/\/marpanel.pl\/de\/wp-json\/wp\/v2\/media?parent=939"}],"wp:term":[{"taxonomy":"product_brand","embeddable":true,"href":"https:\/\/marpanel.pl\/de\/wp-json\/wp\/v2\/product_brand?post=939"},{"taxonomy":"product_cat","embeddable":true,"href":"https:\/\/marpanel.pl\/de\/wp-json\/wp\/v2\/product_cat?post=939"},{"taxonomy":"product_tag","embeddable":true,"href":"https:\/\/marpanel.pl\/de\/wp-json\/wp\/v2\/product_tag?post=939"}],"curies":[{"name":"wp","href":"https:\/\/api.w.org\/{rel}","templated":true}]}}