{"id":947,"date":"2024-08-29T15:15:10","date_gmt":"2024-08-29T13:15:10","guid":{"rendered":"https:\/\/marpanel.pl\/?post_type=product&#038;p=947"},"modified":"2024-10-29T07:41:22","modified_gmt":"2024-10-29T06:41:22","slug":"plyta-izolacyjna-pir-termpir-al-osb","status":"publish","type":"product","link":"https:\/\/marpanel.pl\/de\/plyta\/plyta-izolacyjna-pir-termpir-al-osb\/","title":{"rendered":"PIR-D\u00e4mmplatte termPIR\u00ae AL OSB"},"content":{"rendered":"<p>Die PIR termPIR\u00ae AL OSB-D\u00e4mmplatte bietet eine fortschrittliche L\u00f6sung f\u00fcr die wirksame W\u00e4rmed\u00e4mmung von Geb\u00e4uden und sorgt gleichzeitig f\u00fcr eine erh\u00f6hte Energieeffizienz. Der Kern der Platten besteht aus hochwertigem PIR-Hartschaum, der beidseitig mit einer gasdichten Papier-Aluminium-Sandwich-Verkleidung abgedeckt ist, die hervorragende D\u00e4mmeigenschaften garantiert. Dar\u00fcber hinaus sind die Platten mit einer OSB-Schicht von 8 bis 22 mm Dicke versehen, die ihnen mechanische Festigkeit verleiht. Zwischen der Aluminiumverkleidung und der OSB-Platte befindet sich eine Klebeschicht, die eine dauerhafte Verbindung und strukturelle Stabilit\u00e4t gew\u00e4hrleistet. termPIR\u00ae AL OSB ist die ideale L\u00f6sung f\u00fcr den Einsatz in anspruchsvollen Bauprojekten, bei denen sowohl die thermische als auch die strukturelle Isolierung wichtig sind.<\/p>","protected":false},"excerpt":{"rendered":"<p>TermPIR\u00ae AL OSB-D\u00e4mmplatten sind eine unschlagbare L\u00f6sung zur Steigerung der Energieeffizienz Ihres Geb\u00e4udes. Sie bestehen aus PIR-Schaum mit einer gasdichten Aluminiumkaschierung und einer 8-22 mm dicken OSB-Platte, die mit einer Klebeschicht verbunden ist.<\/p>","protected":false},"featured_media":948,"comment_status":"open","ping_status":"closed","template":"","meta":{"_acf_changed":false},"product_brand":[],"product_cat":[35],"product_tag":[],"class_list":{"0":"post-947","1":"product","2":"type-product","3":"status-publish","4":"has-post-thumbnail","6":"product_cat-plyty-izolacyjne","8":"first","9":"instock","10":"shipping-taxable","11":"product-type-simple"},"acf":[],"_links":{"self":[{"href":"https:\/\/marpanel.pl\/de\/wp-json\/wp\/v2\/product\/947","targetHints":{"allow":["GET"]}}],"collection":[{"href":"https:\/\/marpanel.pl\/de\/wp-json\/wp\/v2\/product"}],"about":[{"href":"https:\/\/marpanel.pl\/de\/wp-json\/wp\/v2\/types\/product"}],"replies":[{"embeddable":true,"href":"https:\/\/marpanel.pl\/de\/wp-json\/wp\/v2\/comments?post=947"}],"wp:featuredmedia":[{"embeddable":true,"href":"https:\/\/marpanel.pl\/de\/wp-json\/wp\/v2\/media\/948"}],"wp:attachment":[{"href":"https:\/\/marpanel.pl\/de\/wp-json\/wp\/v2\/media?parent=947"}],"wp:term":[{"taxonomy":"product_brand","embeddable":true,"href":"https:\/\/marpanel.pl\/de\/wp-json\/wp\/v2\/product_brand?post=947"},{"taxonomy":"product_cat","embeddable":true,"href":"https:\/\/marpanel.pl\/de\/wp-json\/wp\/v2\/product_cat?post=947"},{"taxonomy":"product_tag","embeddable":true,"href":"https:\/\/marpanel.pl\/de\/wp-json\/wp\/v2\/product_tag?post=947"}],"curies":[{"name":"wp","href":"https:\/\/api.w.org\/{rel}","templated":true}]}}