{"id":949,"date":"2024-08-29T15:16:27","date_gmt":"2024-08-29T13:16:27","guid":{"rendered":"https:\/\/marpanel.pl\/?post_type=product&#038;p=949"},"modified":"2024-10-29T07:40:14","modified_gmt":"2024-10-29T06:40:14","slug":"plyta-izolacyjna-pir-termpir-osb-al-osb","status":"publish","type":"product","link":"https:\/\/marpanel.pl\/de\/plyta\/plyta-izolacyjna-pir-termpir-osb-al-osb\/","title":{"rendered":"PIR-D\u00e4mmplatte termPIR\u00ae OSB AL OSB"},"content":{"rendered":"<p>Die PIR-D\u00e4mmplatte termPIR\u00ae OSB AL OSB ist eine fortschrittliche L\u00f6sung, die die Energieeffizienz von Geb\u00e4uden effektiv verbessert und gleichzeitig die strukturelle Solidit\u00e4t gew\u00e4hrleistet. Im Zentrum steht ein Kern aus PIR-Hartschaum, der beidseitig mit einer gasdichten Papier-Aluminium-Sandwich-Verkleidung abgedeckt ist. Auf beiden Seiten der Platte werden hochbelastbare OSB-Platten mit einer Dicke von 8 bis 22 mm verwendet, um die gesamte Struktur zu verst\u00e4rken. Eine Klebeschicht zwischen der Aluminiumverkleidung und den OSB-Platten sorgt f\u00fcr eine dauerhafte und stabile Verbindung. termPIR\u00ae AL OSB(2) ist die ideale L\u00f6sung f\u00fcr Bauprojekte, bei denen sowohl eine wirksame W\u00e4rmed\u00e4mmung als auch strukturelle Solidit\u00e4t erforderlich sind.<\/p>","protected":false},"excerpt":{"rendered":"<p>TermPIR\u00ae AL OSB(2) D\u00e4mmplatten sind eine unschlagbare L\u00f6sung zur Steigerung der Energieeffizienz Ihres Geb\u00e4udes. Sie bestehen aus einem PIR-Kern mit gasdichter Aluminiumumh\u00fcllung und beidseitig 8-22 mm dicken OSB-Platten, die mit einer Klebeschicht verbunden sind.<\/p>","protected":false},"featured_media":950,"comment_status":"open","ping_status":"closed","template":"","meta":{"_acf_changed":false},"product_brand":[],"product_cat":[35],"product_tag":[],"class_list":{"0":"post-949","1":"product","2":"type-product","3":"status-publish","4":"has-post-thumbnail","6":"product_cat-plyty-izolacyjne","8":"first","9":"instock","10":"shipping-taxable","11":"product-type-simple"},"acf":[],"_links":{"self":[{"href":"https:\/\/marpanel.pl\/de\/wp-json\/wp\/v2\/product\/949","targetHints":{"allow":["GET"]}}],"collection":[{"href":"https:\/\/marpanel.pl\/de\/wp-json\/wp\/v2\/product"}],"about":[{"href":"https:\/\/marpanel.pl\/de\/wp-json\/wp\/v2\/types\/product"}],"replies":[{"embeddable":true,"href":"https:\/\/marpanel.pl\/de\/wp-json\/wp\/v2\/comments?post=949"}],"wp:featuredmedia":[{"embeddable":true,"href":"https:\/\/marpanel.pl\/de\/wp-json\/wp\/v2\/media\/950"}],"wp:attachment":[{"href":"https:\/\/marpanel.pl\/de\/wp-json\/wp\/v2\/media?parent=949"}],"wp:term":[{"taxonomy":"product_brand","embeddable":true,"href":"https:\/\/marpanel.pl\/de\/wp-json\/wp\/v2\/product_brand?post=949"},{"taxonomy":"product_cat","embeddable":true,"href":"https:\/\/marpanel.pl\/de\/wp-json\/wp\/v2\/product_cat?post=949"},{"taxonomy":"product_tag","embeddable":true,"href":"https:\/\/marpanel.pl\/de\/wp-json\/wp\/v2\/product_tag?post=949"}],"curies":[{"name":"wp","href":"https:\/\/api.w.org\/{rel}","templated":true}]}}