{"id":956,"date":"2024-08-29T15:20:03","date_gmt":"2024-08-29T13:20:03","guid":{"rendered":"https:\/\/marpanel.pl\/?post_type=product&#038;p=956"},"modified":"2024-10-29T07:36:05","modified_gmt":"2024-10-29T06:36:05","slug":"plyta-izolacyjna-termpir-al-r-eco","status":"publish","type":"product","link":"https:\/\/marpanel.pl\/de\/plyta\/plyta-izolacyjna-termpir-al-r-eco\/","title":{"rendered":"PIR-D\u00e4mmplatte termPIR\u00ae BT R-eco"},"content":{"rendered":"<p>Die PIR-D\u00e4mmplatte termPIR\u00ae BT R-eco ist eine fortschrittliche L\u00f6sung, die die Energieeffizienz von Geb\u00e4uden effektiv erh\u00f6ht und moderne Technologie mit umweltfreundlichen Materialien kombiniert. Die Platten enthalten einen Kern aus PIR-Hartschaum, der aus recycelten Rohstoffen hergestellt wird, was zur Reduzierung der Umweltbelastung beitr\u00e4gt. Ein beidseitiger Schutz in Form einer gasdurchl\u00e4ssigen Bitumen-Glasschleier-Deckschicht (BT) bietet zus\u00e4tzlichen Schutz vor Feuchtigkeit und erh\u00f6ht die Haltbarkeit der D\u00e4mmung. Mit diesen Eigenschaften bietet termPIR\u00ae BT nicht nur eine hervorragende W\u00e4rmed\u00e4mmung, sondern ist auch witterungsbest\u00e4ndig und damit ideal f\u00fcr anspruchsvolle Bauprojekte.<\/p>","protected":false},"excerpt":{"rendered":"<p>TermPIR\u00ae BT-D\u00e4mmplatten sind eine un\u00fcbertroffene L\u00f6sung zur Steigerung der Energieeffizienz Ihres Geb\u00e4udes. Sie werden aus recyceltem PIR-Hartschaum hergestellt und sind auf beiden Seiten mit einer gasdurchl\u00e4ssigen Bitumen-Glasschleier-Deckschicht (BT) gesch\u00fctzt.<\/p>","protected":false},"featured_media":959,"comment_status":"open","ping_status":"closed","template":"","meta":{"_acf_changed":false},"product_brand":[],"product_cat":[35],"product_tag":[],"class_list":{"0":"post-956","1":"product","2":"type-product","3":"status-publish","4":"has-post-thumbnail","6":"product_cat-plyty-izolacyjne","8":"first","9":"instock","10":"shipping-taxable","11":"product-type-simple"},"acf":[],"_links":{"self":[{"href":"https:\/\/marpanel.pl\/de\/wp-json\/wp\/v2\/product\/956","targetHints":{"allow":["GET"]}}],"collection":[{"href":"https:\/\/marpanel.pl\/de\/wp-json\/wp\/v2\/product"}],"about":[{"href":"https:\/\/marpanel.pl\/de\/wp-json\/wp\/v2\/types\/product"}],"replies":[{"embeddable":true,"href":"https:\/\/marpanel.pl\/de\/wp-json\/wp\/v2\/comments?post=956"}],"wp:featuredmedia":[{"embeddable":true,"href":"https:\/\/marpanel.pl\/de\/wp-json\/wp\/v2\/media\/959"}],"wp:attachment":[{"href":"https:\/\/marpanel.pl\/de\/wp-json\/wp\/v2\/media?parent=956"}],"wp:term":[{"taxonomy":"product_brand","embeddable":true,"href":"https:\/\/marpanel.pl\/de\/wp-json\/wp\/v2\/product_brand?post=956"},{"taxonomy":"product_cat","embeddable":true,"href":"https:\/\/marpanel.pl\/de\/wp-json\/wp\/v2\/product_cat?post=956"},{"taxonomy":"product_tag","embeddable":true,"href":"https:\/\/marpanel.pl\/de\/wp-json\/wp\/v2\/product_tag?post=956"}],"curies":[{"name":"wp","href":"https:\/\/api.w.org\/{rel}","templated":true}]}}