{"id":960,"date":"2024-08-29T15:22:44","date_gmt":"2024-08-29T13:22:44","guid":{"rendered":"https:\/\/marpanel.pl\/?post_type=product&#038;p=960"},"modified":"2024-10-29T07:34:46","modified_gmt":"2024-10-29T06:34:46","slug":"plyta-izolacyjna-pir-termpir-etx-r-eco","status":"publish","type":"product","link":"https:\/\/marpanel.pl\/de\/plyta\/plyta-izolacyjna-pir-termpir-etx-r-eco\/","title":{"rendered":"PIR-D\u00e4mmplatte termPIR\u00ae ETX R-eco"},"content":{"rendered":"<p>Die PIR-D\u00e4mmplatte termPIR\u00ae ETX R-eco ist eine fortschrittliche L\u00f6sung, die die Energieeffizienz von Geb\u00e4uden effektiv verbessert und moderne Materialien mit umweltfreundlichen Technologien kombiniert. Hergestellt aus PIR-Hartschaum, der aus recycelten Rohstoffen gewonnen wird, bieten die Platten hervorragende W\u00e4rmed\u00e4mmeigenschaften und tragen dazu bei, die Umweltbelastung zu reduzieren. Ein beidseitiger Schutz in Form eines gasdurchl\u00e4ssigen Glasschleiers (ETX) sch\u00fctzt zus\u00e4tzlich vor Feuchtigkeit und gew\u00e4hrleistet die Haltbarkeit und Stabilit\u00e4t der D\u00e4mmung. Mit diesen Eigenschaften bietet termPIR\u00ae ETX einen wirksamen Schutz vor W\u00e4rmeverlusten und eine dauerhafte Leistung, was es zu einer idealen Wahl f\u00fcr nachhaltige und energieeffiziente Bauprojekte macht.<\/p>","protected":false},"excerpt":{"rendered":"<p>TermPIR\u00ae ETX-D\u00e4mmplatten sind eine un\u00fcbertroffene L\u00f6sung zur Steigerung der Energieeffizienz Ihres Geb\u00e4udes. Sie bestehen aus einem Kern aus PIR-Hartschaum, der aus recycelten Rohstoffen hergestellt wird, und einer beidseitigen, gasdurchl\u00e4ssigen Glasschleierschicht (ETX).<\/p>","protected":false},"featured_media":961,"comment_status":"open","ping_status":"closed","template":"","meta":{"_acf_changed":false},"product_brand":[],"product_cat":[35],"product_tag":[],"class_list":{"0":"post-960","1":"product","2":"type-product","3":"status-publish","4":"has-post-thumbnail","6":"product_cat-plyty-izolacyjne","8":"first","9":"instock","10":"shipping-taxable","11":"product-type-simple"},"acf":[],"_links":{"self":[{"href":"https:\/\/marpanel.pl\/de\/wp-json\/wp\/v2\/product\/960","targetHints":{"allow":["GET"]}}],"collection":[{"href":"https:\/\/marpanel.pl\/de\/wp-json\/wp\/v2\/product"}],"about":[{"href":"https:\/\/marpanel.pl\/de\/wp-json\/wp\/v2\/types\/product"}],"replies":[{"embeddable":true,"href":"https:\/\/marpanel.pl\/de\/wp-json\/wp\/v2\/comments?post=960"}],"wp:featuredmedia":[{"embeddable":true,"href":"https:\/\/marpanel.pl\/de\/wp-json\/wp\/v2\/media\/961"}],"wp:attachment":[{"href":"https:\/\/marpanel.pl\/de\/wp-json\/wp\/v2\/media?parent=960"}],"wp:term":[{"taxonomy":"product_brand","embeddable":true,"href":"https:\/\/marpanel.pl\/de\/wp-json\/wp\/v2\/product_brand?post=960"},{"taxonomy":"product_cat","embeddable":true,"href":"https:\/\/marpanel.pl\/de\/wp-json\/wp\/v2\/product_cat?post=960"},{"taxonomy":"product_tag","embeddable":true,"href":"https:\/\/marpanel.pl\/de\/wp-json\/wp\/v2\/product_tag?post=960"}],"curies":[{"name":"wp","href":"https:\/\/api.w.org\/{rel}","templated":true}]}}