{"id":962,"date":"2024-08-29T15:23:40","date_gmt":"2024-08-29T13:23:40","guid":{"rendered":"https:\/\/marpanel.pl\/?post_type=product&#038;p=962"},"modified":"2024-10-29T07:21:39","modified_gmt":"2024-10-29T06:21:39","slug":"plyta-izolacyjna-pir-termpir-agro-al-ceil","status":"publish","type":"product","link":"https:\/\/marpanel.pl\/de\/plyta\/plyta-izolacyjna-pir-termpir-agro-al-ceil\/","title":{"rendered":"PIR-D\u00e4mmplatte termPIR\u00ae AGRO AL CEIL"},"content":{"rendered":"<p>Die PIR-D\u00e4mmplatte termPIR\u00ae AGRO AL CEIL ist eine moderne L\u00f6sung, die die Energieeffizienz Ihres Geb\u00e4udes deutlich erh\u00f6ht. Sie bestehen aus einem W\u00e4rmed\u00e4mmkern aus PIR-Hartschaum, der hervorragende D\u00e4mmeigenschaften bietet. Die Platten sind beidseitig mit einer abwaschbaren, 50 \u03bcm dicken, gasdichten Aluminiumfolie (Agro AL) gesch\u00fctzt, die zus\u00e4tzlich vor W\u00e4rmeverlusten sch\u00fctzt und die Haltbarkeit des Materials gew\u00e4hrleistet. Dank ihrer Konstruktion ist termPIR\u00ae AGRO AL die ideale Wahl f\u00fcr eine Vielzahl von Bauanwendungen und bietet gleichzeitig eine hohe Best\u00e4ndigkeit gegen \u00e4u\u00dfere Einfl\u00fcsse. Die Platten haben eine Brandklassifizierung B-s2,d0, die ihre Schwerentflammbarkeit und Sicherheit im Brandfall best\u00e4tigt. Detaillierte Informationen zur Brandklassifizierung finden Sie in den entsprechenden Unterlagen.<\/p>","protected":false},"excerpt":{"rendered":"<p>TermPIR\u00ae AGRO AL D\u00e4mmplatten sind eine unschlagbare L\u00f6sung zur Steigerung der Energieeffizienz Ihres Geb\u00e4udes. Sie bestehen aus PIR-Hartschaum und sind beidseitig mit einer abwaschbaren 50 \u03bcm dicken Aluminiumfolie (Agro AL) kaschiert. Die Platten haben eine Brandklassifizierung von B-s2,d0.<\/p>","protected":false},"featured_media":963,"comment_status":"open","ping_status":"closed","template":"","meta":{"_acf_changed":false},"product_brand":[],"product_cat":[35],"product_tag":[],"class_list":{"0":"post-962","1":"product","2":"type-product","3":"status-publish","4":"has-post-thumbnail","6":"product_cat-plyty-izolacyjne","8":"first","9":"instock","10":"shipping-taxable","11":"product-type-simple"},"acf":[],"_links":{"self":[{"href":"https:\/\/marpanel.pl\/de\/wp-json\/wp\/v2\/product\/962","targetHints":{"allow":["GET"]}}],"collection":[{"href":"https:\/\/marpanel.pl\/de\/wp-json\/wp\/v2\/product"}],"about":[{"href":"https:\/\/marpanel.pl\/de\/wp-json\/wp\/v2\/types\/product"}],"replies":[{"embeddable":true,"href":"https:\/\/marpanel.pl\/de\/wp-json\/wp\/v2\/comments?post=962"}],"wp:featuredmedia":[{"embeddable":true,"href":"https:\/\/marpanel.pl\/de\/wp-json\/wp\/v2\/media\/963"}],"wp:attachment":[{"href":"https:\/\/marpanel.pl\/de\/wp-json\/wp\/v2\/media?parent=962"}],"wp:term":[{"taxonomy":"product_brand","embeddable":true,"href":"https:\/\/marpanel.pl\/de\/wp-json\/wp\/v2\/product_brand?post=962"},{"taxonomy":"product_cat","embeddable":true,"href":"https:\/\/marpanel.pl\/de\/wp-json\/wp\/v2\/product_cat?post=962"},{"taxonomy":"product_tag","embeddable":true,"href":"https:\/\/marpanel.pl\/de\/wp-json\/wp\/v2\/product_tag?post=962"}],"curies":[{"name":"wp","href":"https:\/\/api.w.org\/{rel}","templated":true}]}}