{"id":968,"date":"2024-08-29T15:50:09","date_gmt":"2024-08-29T13:50:09","guid":{"rendered":"https:\/\/marpanel.pl\/?post_type=product&#038;p=968"},"modified":"2024-10-28T21:53:21","modified_gmt":"2024-10-28T20:53:21","slug":"plyta-warstwowa-gs-inspire-s-2","status":"publish","type":"product","link":"https:\/\/marpanel.pl\/de\/plyta\/plyta-warstwowa-gs-inspire-s-2\/","title":{"rendered":"GS insPIRe\u00ae S Sandwich-Paneel"},"content":{"rendered":"<p>GS insPIRe\u00ae S-Verbundplatten sind ein vielseitiges Material, das f\u00fcr den Bau von Au\u00dfenfassaden und Innentrennw\u00e4nden in Rahmenkonstruktionen entwickelt wurde. Ihr Design erm\u00f6glicht eine flexible Installation in vertikalen und horizontalen Anordnungen, um eine Vielzahl von Designanforderungen zu erf\u00fcllen. Die Platten sind als ein- und mehrfeldrige Wandelemente erh\u00e4ltlich, was ihre Vielseitigkeit und Funktionalit\u00e4t gew\u00e4hrleistet.<\/p>\n<p>GS insPIRe\u00ae S-Paneele werden aus hochwertigem, beidseitig verzinktem Stahlblech gem\u00e4\u00df EN 10346 hergestellt. Das Blech ist mit organischem Polyesterlack mit einer Schichtdicke von 25 \u03bcm beschichtet, um Witterungsbest\u00e4ndigkeit und dauerhafte \u00c4sthetik zu gew\u00e4hrleisten. Um die Dichtheit der Fugen zwischen den Paneelen zu gew\u00e4hrleisten, wird eine Polyurethan-PUS-Dichtung verwendet, die bereits in der Produktionsphase aufgetragen wird.<\/p>\n<p>Zur Erleichterung der Montage sind die Paneele in verschiedenen St\u00e4rken und Verschlussarten erh\u00e4ltlich: In den St\u00e4rken 100 mm und 120 mm verf\u00fcgen die Paneele \u00fcber einen Nut-Feder-Verschluss, w\u00e4hrend die St\u00e4rken 40 mm, 60 mm und 80 mm einen flachen Verschluss aufweisen. Dies erm\u00f6glicht eine genaue Anpassung an die baulichen Anforderungen und gew\u00e4hrleistet die Robustheit und Langlebigkeit der Wandkonstruktion.<\/p>\n<p>1. die Profilierung der Blechverkleidung verleiht den W\u00e4nden ein \u00e4sthetisches Aussehen<br \/>\nGro\u00dfer Schleusenprofilradius zur Gew\u00e4hrleistung der Unversehrtheit von Blechbeschichtungen<br \/>\n3. doppelt verriegelte Verbindungsplatten, die eine hohe Feuerbest\u00e4ndigkeit garantieren<br \/>\n4. profilierte Kanten f\u00fcr eine einfachere Installation und bessere W\u00e4rmed\u00e4mmung<br \/>\n5. PIR-Hartschaumkern mit sehr guten W\u00e4rme- und Brandschutzeigenschaften<br \/>\n6 Kontinuierliche Polyurethan-Dichtung zur Aufrechterhaltung einer hohen W\u00e4rmed\u00e4mmung. Sie wird w\u00e4hrend des Herstellungsprozesses angebracht<br \/>\n7. Aluminiumfolie, um das Eindringen von Dampf in den Polyurethanschaumkern zu verhindern<\/p>","protected":false},"excerpt":{"rendered":"<p>GS insPIRe\u00ae S Wandpaneele sind die ideale L\u00f6sung f\u00fcr \u00e4u\u00dfere Vorhangfassaden und innere Trennw\u00e4nde in Rahmenkonstruktionen. Sie bestehen aus verzinktem Stahlblech, das mit 25 \u03bcm organischem Polyesterlack beschichtet ist, und bieten Haltbarkeit und \u00c4sthetik. Die Paneele k\u00f6nnen sowohl vertikal als auch horizontal montiert werden, je nach Dicke mit Nut und Feder oder mit flachen Schl\u00f6ssern.<\/p>","protected":false},"featured_media":971,"comment_status":"open","ping_status":"closed","template":"","meta":{"_acf_changed":false},"product_brand":[],"product_cat":[27,30],"product_tag":[],"class_list":{"0":"post-968","1":"product","2":"type-product","3":"status-publish","4":"has-post-thumbnail","6":"product_cat-plyty-warstwowe","7":"product_cat-plyty-warstwowe-scienne","9":"first","10":"instock","11":"shipping-taxable","12":"product-type-simple"},"acf":[],"_links":{"self":[{"href":"https:\/\/marpanel.pl\/de\/wp-json\/wp\/v2\/product\/968","targetHints":{"allow":["GET"]}}],"collection":[{"href":"https:\/\/marpanel.pl\/de\/wp-json\/wp\/v2\/product"}],"about":[{"href":"https:\/\/marpanel.pl\/de\/wp-json\/wp\/v2\/types\/product"}],"replies":[{"embeddable":true,"href":"https:\/\/marpanel.pl\/de\/wp-json\/wp\/v2\/comments?post=968"}],"wp:featuredmedia":[{"embeddable":true,"href":"https:\/\/marpanel.pl\/de\/wp-json\/wp\/v2\/media\/971"}],"wp:attachment":[{"href":"https:\/\/marpanel.pl\/de\/wp-json\/wp\/v2\/media?parent=968"}],"wp:term":[{"taxonomy":"product_brand","embeddable":true,"href":"https:\/\/marpanel.pl\/de\/wp-json\/wp\/v2\/product_brand?post=968"},{"taxonomy":"product_cat","embeddable":true,"href":"https:\/\/marpanel.pl\/de\/wp-json\/wp\/v2\/product_cat?post=968"},{"taxonomy":"product_tag","embeddable":true,"href":"https:\/\/marpanel.pl\/de\/wp-json\/wp\/v2\/product_tag?post=968"}],"curies":[{"name":"wp","href":"https:\/\/api.w.org\/{rel}","templated":true}]}}