{"id":969,"date":"2024-08-29T15:53:03","date_gmt":"2024-08-29T13:53:03","guid":{"rendered":"https:\/\/marpanel.pl\/?post_type=product&#038;p=969"},"modified":"2024-10-28T21:52:11","modified_gmt":"2024-10-28T20:52:11","slug":"plyta-warstwowa-gs-inspire-u","status":"publish","type":"product","link":"https:\/\/marpanel.pl\/de\/plyta\/plyta-warstwowa-gs-inspire-u\/","title":{"rendered":"GS insPIRe\u00ae U Sandwichelement"},"content":{"rendered":"<p>Die Sandwichelemente GS insPIRe\u00ae U sind f\u00fcr den Einsatz in Au\u00dfenfassaden und Innentrennw\u00e4nden in Fachwerkgeb\u00e4uden vorgesehen. Dank ihrer Flexibilit\u00e4t bei der Montage k\u00f6nnen diese Paneele sowohl vertikal als auch horizontal montiert werden, was eine breite Palette von Anwendungen erm\u00f6glicht, sowohl als ein- als auch mehrfeldrige Wandelemente.<\/p>\n<p>Ein einzigartiges Merkmal dieser Platten ist die verdeckte Befestigung, die von der Fassade aus nicht sichtbar ist. Diese L\u00f6sung steigert nicht nur die architektonische Attraktivit\u00e4t des Geb\u00e4udes, sondern erh\u00f6ht auch die Funktionalit\u00e4t, da sie eine einheitliche und \u00e4sthetisch ansprechende Oberfl\u00e4che bietet.<\/p>\n<p>GS insPIRe\u00ae U-Paneele werden aus beidseitig verzinktem Stahlblech gem\u00e4\u00df EN 10346 hergestellt. Die Oberfl\u00e4che des Blechs ist mit einem 25 \u03bcm dicken organischen Polyesterlack beschichtet, der f\u00fcr Witterungsbest\u00e4ndigkeit und ein dauerhaftes \u00e4sthetisches Aussehen sorgt.<\/p>\n<p>Um die Luftdichtheit der Fugen zwischen den Paneelen zu gew\u00e4hrleisten, wird in der Produktionsphase eine PUS-Dichtung aus Polyurethan angebracht. Diese L\u00f6sung garantiert eine hervorragende Isolierung und Haltbarkeit der gesamten Wandstruktur.<\/p>\n<p>1. die Profilierung der Blechverkleidung verleiht den W\u00e4nden ein \u00e4sthetisches Aussehen<br \/>\n2. verdeckte Befestigung f\u00fcr ein einheitlicheres Erscheinungsbild der Fassade<br \/>\nGro\u00dfer Schleusenprofilradius zur Gew\u00e4hrleistung der Unversehrtheit von Blechbeschichtungen<br \/>\nDoppelte Verriegelung der Paneele, um eine hohe Feuerbest\u00e4ndigkeit zu gew\u00e4hrleisten<br \/>\n5. Hilfsrille zur Erleichterung der Positionierung des Befestigungselements<br \/>\nProfilierte Kanten f\u00fcr einfachere Montage und bessere W\u00e4rmed\u00e4mmung<br \/>\n7 Eine kontinuierliche Polyurethan-Dichtung, die eine hohe W\u00e4rmed\u00e4mmung gew\u00e4hrleistet. Sie wird w\u00e4hrend des Herstellungsprozesses angebracht<br \/>\n8. Aluminiumfolie, um das Eindringen von Dampf in den Polyurethanschaumkern zu verhindern<br \/>\n9. PIR-Hartschaumkern mit sehr guten W\u00e4rme- und Brandschutzeigenschaften<\/p>","protected":false},"excerpt":{"rendered":"<p>Die Wandpaneele GS insPIRe\u00ae U sind ideal f\u00fcr den Bau von Au\u00dfenfassaden und Innentrennw\u00e4nden in Rahmenkonstruktionen. Sie zeichnen sich durch eine verdeckte Befestigung aus, die ein \u00e4sthetisch ansprechendes und funktionales Erscheinungsbild bietet. Hergestellt aus verzinktem Stahlblech, beschichtet mit organischem Polyesterlack mit einer Dicke von 25 \u03bcm und ausgestattet mit einer Polyurethan-PUS-Dichtung, garantieren sie Haltbarkeit und Dichtheit.<\/p>","protected":false},"featured_media":973,"comment_status":"open","ping_status":"closed","template":"","meta":{"_acf_changed":false},"product_brand":[],"product_cat":[27,30],"product_tag":[],"class_list":{"0":"post-969","1":"product","2":"type-product","3":"status-publish","4":"has-post-thumbnail","6":"product_cat-plyty-warstwowe","7":"product_cat-plyty-warstwowe-scienne","9":"first","10":"instock","11":"shipping-taxable","12":"product-type-simple"},"acf":[],"_links":{"self":[{"href":"https:\/\/marpanel.pl\/de\/wp-json\/wp\/v2\/product\/969","targetHints":{"allow":["GET"]}}],"collection":[{"href":"https:\/\/marpanel.pl\/de\/wp-json\/wp\/v2\/product"}],"about":[{"href":"https:\/\/marpanel.pl\/de\/wp-json\/wp\/v2\/types\/product"}],"replies":[{"embeddable":true,"href":"https:\/\/marpanel.pl\/de\/wp-json\/wp\/v2\/comments?post=969"}],"wp:featuredmedia":[{"embeddable":true,"href":"https:\/\/marpanel.pl\/de\/wp-json\/wp\/v2\/media\/973"}],"wp:attachment":[{"href":"https:\/\/marpanel.pl\/de\/wp-json\/wp\/v2\/media?parent=969"}],"wp:term":[{"taxonomy":"product_brand","embeddable":true,"href":"https:\/\/marpanel.pl\/de\/wp-json\/wp\/v2\/product_brand?post=969"},{"taxonomy":"product_cat","embeddable":true,"href":"https:\/\/marpanel.pl\/de\/wp-json\/wp\/v2\/product_cat?post=969"},{"taxonomy":"product_tag","embeddable":true,"href":"https:\/\/marpanel.pl\/de\/wp-json\/wp\/v2\/product_tag?post=969"}],"curies":[{"name":"wp","href":"https:\/\/api.w.org\/{rel}","templated":true}]}}