{"id":974,"date":"2024-08-29T16:00:43","date_gmt":"2024-08-29T14:00:43","guid":{"rendered":"https:\/\/marpanel.pl\/?post_type=product&#038;p=974"},"modified":"2024-10-28T21:49:17","modified_gmt":"2024-10-28T20:49:17","slug":"plyta-warstwowa-gs-inspire-ch","status":"publish","type":"product","link":"https:\/\/marpanel.pl\/de\/plyta\/plyta-warstwowa-gs-inspire-ch\/","title":{"rendered":"GS insPIRe\u00ae CH Sandwichelement"},"content":{"rendered":"<p>Die Sandwichplatte GS insPIRe\u00ae CH wurde speziell f\u00fcr Einrichtungen entwickelt, in denen kontrollierte Temperatur- und Feuchtigkeitsbedingungen erforderlich sind, wie z. B. in K\u00fchl- und Gefrierh\u00e4usern. Es kann sowohl in K\u00fchlh\u00e4usern (t &gt; 0\u00b0C) als auch in Gefrierr\u00e4umen (t &lt; 0\u00b0C) sowie in anderen Einrichtungen, die eine pr\u00e4zise Temperatur- und Feuchtigkeitskontrolle erfordern, eingesetzt werden.<\/p>\n<p>Die GS insPIRe\u00ae CH-Paneele k\u00f6nnen sowohl vertikal als auch horizontal verlegt werden, wodurch sie in einer Vielzahl von Konfigurationen eingesetzt werden k\u00f6nnen. Sie sind ideal f\u00fcr den Bau von freistehenden Strukturen und als Wand- und Bodenelemente in K\u00fchl- oder Gefrierr\u00e4umen, die innerhalb bestehender Geb\u00e4ude errichtet werden.<\/p>\n<p>Diese Paneele zeichnen sich durch ihre hohe Isolierwirkung aus, die daf\u00fcr sorgt, dass in kontrollierten R\u00e4umen optimale Bedingungen herrschen. Mit ihrer F\u00e4higkeit, als ein- und mehrfeldrige Elemente montiert zu werden, sind sie eine flexible L\u00f6sung, die an unterschiedliche Designanforderungen angepasst werden kann.<\/p>\n<p>1. die Profilierung der Blechverkleidung verleiht den W\u00e4nden ein \u00e4sthetisches Aussehen<br \/>\n2. bauseits aufgebrachte Dichtungsmasse<br \/>\nGro\u00dfer Schleusenprofilradius zur Gew\u00e4hrleistung der Unversehrtheit von Blechbeschichtungen<br \/>\n4. profilierte Kanten f\u00fcr eine einfachere Installation und bessere W\u00e4rmed\u00e4mmung<br \/>\n5. doppelte Verriegelung der Paneele, um eine hohe Feuerfestigkeit zu gew\u00e4hrleisten<br \/>\n6. Labyrinth-Kernkontakt zur Vermeidung von W\u00e4rmebr\u00fccken<br \/>\n7. ein PIR-Hartschaumkern mit sehr guten W\u00e4rme- und Brandschutzeigenschaften<\/p>","protected":false},"excerpt":{"rendered":"<p>Das GS insPIRe\u00ae CH K\u00fchlpaneel ist die ideale L\u00f6sung f\u00fcr die Konstruktion von W\u00e4nden und Decken in K\u00fchl- und Gefrierh\u00e4usern sowie in temperatur- und feuchtigkeitsgeregelten Einrichtungen. Dank ihrer F\u00e4higkeit, vertikal und horizontal installiert zu werden, k\u00f6nnen die Platten sowohl f\u00fcr freistehende Strukturen als auch f\u00fcr K\u00fchlr\u00e4ume in bestehenden Geb\u00e4uden verwendet werden.<\/p>","protected":false},"featured_media":975,"comment_status":"open","ping_status":"closed","template":"","meta":{"_acf_changed":false},"product_brand":[],"product_cat":[27,30],"product_tag":[],"class_list":{"0":"post-974","1":"product","2":"type-product","3":"status-publish","4":"has-post-thumbnail","6":"product_cat-plyty-warstwowe","7":"product_cat-plyty-warstwowe-scienne","9":"first","10":"instock","11":"shipping-taxable","12":"product-type-simple"},"acf":[],"_links":{"self":[{"href":"https:\/\/marpanel.pl\/de\/wp-json\/wp\/v2\/product\/974","targetHints":{"allow":["GET"]}}],"collection":[{"href":"https:\/\/marpanel.pl\/de\/wp-json\/wp\/v2\/product"}],"about":[{"href":"https:\/\/marpanel.pl\/de\/wp-json\/wp\/v2\/types\/product"}],"replies":[{"embeddable":true,"href":"https:\/\/marpanel.pl\/de\/wp-json\/wp\/v2\/comments?post=974"}],"wp:featuredmedia":[{"embeddable":true,"href":"https:\/\/marpanel.pl\/de\/wp-json\/wp\/v2\/media\/975"}],"wp:attachment":[{"href":"https:\/\/marpanel.pl\/de\/wp-json\/wp\/v2\/media?parent=974"}],"wp:term":[{"taxonomy":"product_brand","embeddable":true,"href":"https:\/\/marpanel.pl\/de\/wp-json\/wp\/v2\/product_brand?post=974"},{"taxonomy":"product_cat","embeddable":true,"href":"https:\/\/marpanel.pl\/de\/wp-json\/wp\/v2\/product_cat?post=974"},{"taxonomy":"product_tag","embeddable":true,"href":"https:\/\/marpanel.pl\/de\/wp-json\/wp\/v2\/product_tag?post=974"}],"curies":[{"name":"wp","href":"https:\/\/api.w.org\/{rel}","templated":true}]}}