{"id":977,"date":"2024-08-29T16:04:37","date_gmt":"2024-08-29T14:04:37","guid":{"rendered":"https:\/\/marpanel.pl\/?post_type=product&#038;p=977"},"modified":"2025-04-17T15:14:41","modified_gmt":"2025-04-17T13:14:41","slug":"plyta-warstwowa-gs-inspire-d","status":"publish","type":"product","link":"https:\/\/marpanel.pl\/de\/plyta\/plyta-warstwowa-gs-inspire-d\/","title":{"rendered":"GS insPIRe\u00ae D Sandwich-Paneel"},"content":{"rendered":"<p>Die Sandwichpaneele GS insPIRe\u00ae D sind f\u00fcr Dachanwendungen bestimmt und bieten dank der tiefen Trapezprofilierung der Au\u00dfenverkleidung eine au\u00dfergew\u00f6hnliche Haltbarkeit und Best\u00e4ndigkeit gegen\u00fcber langfristigen Betriebslasten. Die Paneele k\u00f6nnen auf einer Holz-, Stahl- oder Stahlbetonkonstruktion verschraubt werden und gew\u00e4hrleisten Stabilit\u00e4t und Robustheit. Die Mindestdachneigung betr\u00e4gt 3\u00b0 (5,2%) f\u00fcr D\u00e4cher ohne Dachfenster und 5\u00b0 (8,7%) f\u00fcr D\u00e4cher mit l\u00e4ngs verbundenen Paneelen, was eine vielseitige Verwendung erm\u00f6glicht. Die Paneele haben eine modulare Breite von 1.000 mm und Standardl\u00e4ngen von 2,0 m bis 12,0 m, auf Sonderbestellung sind auch L\u00e4ngen bis 16,5 m m\u00f6glich. Die Paneelverkleidungen bestehen aus beidseitig verzinktem Stahlblech gem\u00e4\u00df EN 10346, das mit 25 \u03bcm organischem Polyesterlack beschichtet ist, um Korrosionsbest\u00e4ndigkeit und ein \u00e4sthetisches Aussehen zu gew\u00e4hrleisten. Die Dichtheit der Verbindungen zwischen den Paneelen wird durch eine Polyurethan-PUS-Dichtung gew\u00e4hrleistet, die in der Produktionsphase aufgebracht wird und die hohe Qualit\u00e4t und Haltbarkeit der \u00dcberdachung garantiert.<\/p>\n<p>1. die Profilierung der Blechverkleidung verleiht den W\u00e4nden ein \u00e4sthetisches Aussehen<br \/>\nGro\u00dfer Radius des Verkleidungsprofils zur Gew\u00e4hrleistung der Unversehrtheit der Blechbeschichtungen<br \/>\n3. kontinuierliche Polyurethan-Dichtung, die w\u00e4hrend des Herstellungsprozesses aufgebracht wird<br \/>\n4. kapillar aufsteigende Schutzkammer<br \/>\n5. PIR-Hartschaumkern mit sehr guten W\u00e4rme- und Brandschutzeigenschaften<br \/>\nProfilierte Kanten f\u00fcr einfachere Montage und bessere W\u00e4rmed\u00e4mmung<br \/>\n7 Eine kontinuierliche Polyurethan-Dichtung, die eine hohe W\u00e4rmed\u00e4mmung gew\u00e4hrleistet. Sie wird w\u00e4hrend des Herstellungsprozesses angebracht<br \/>\n8. Aluminiumfolie, um das Eindringen von Dampf in den Polyisocyanurat-Schaumkern zu verhindern<\/p>","protected":false},"excerpt":{"rendered":"<p>Die GS insPIRe\u00ae D Dachplatten werden f\u00fcr Dacheindeckungen verwendet und zeichnen sich durch ein tiefes Trapezprofil aus, das eine hohe Belastbarkeit bietet. Die Mindestneigung betr\u00e4gt 3\u00b0 (5,2%) ohne Oberlichter und 5\u00b0 (8,7%) f\u00fcr Bedachungen mit l\u00e4ngs verbundenen Platten. Sie sind aus verzinktem Stahlblech mit 25 \u03bcm Polyesterlack hergestellt und haben eine Modulbreite von 1000 mm und Standardl\u00e4ngen von 2,0 m bis 12,0 m. Es k\u00f6nnen Platten mit einer L\u00e4nge von bis zu 16,5 m bestellt werden. Die Platten werden mit Schrauben befestigt und die Dichtheit wird durch eine Polyurethan-PUS-Dichtung gew\u00e4hrleistet.<\/p>","protected":false},"featured_media":978,"comment_status":"open","ping_status":"closed","template":"","meta":{"_acf_changed":false},"product_brand":[],"product_cat":[27,33],"product_tag":[],"class_list":{"0":"post-977","1":"product","2":"type-product","3":"status-publish","4":"has-post-thumbnail","6":"product_cat-plyty-warstwowe","7":"product_cat-plyty-warstwowe-dachowe","9":"first","10":"instock","11":"shipping-taxable","12":"product-type-simple"},"acf":[],"_links":{"self":[{"href":"https:\/\/marpanel.pl\/de\/wp-json\/wp\/v2\/product\/977","targetHints":{"allow":["GET"]}}],"collection":[{"href":"https:\/\/marpanel.pl\/de\/wp-json\/wp\/v2\/product"}],"about":[{"href":"https:\/\/marpanel.pl\/de\/wp-json\/wp\/v2\/types\/product"}],"replies":[{"embeddable":true,"href":"https:\/\/marpanel.pl\/de\/wp-json\/wp\/v2\/comments?post=977"}],"wp:featuredmedia":[{"embeddable":true,"href":"https:\/\/marpanel.pl\/de\/wp-json\/wp\/v2\/media\/978"}],"wp:attachment":[{"href":"https:\/\/marpanel.pl\/de\/wp-json\/wp\/v2\/media?parent=977"}],"wp:term":[{"taxonomy":"product_brand","embeddable":true,"href":"https:\/\/marpanel.pl\/de\/wp-json\/wp\/v2\/product_brand?post=977"},{"taxonomy":"product_cat","embeddable":true,"href":"https:\/\/marpanel.pl\/de\/wp-json\/wp\/v2\/product_cat?post=977"},{"taxonomy":"product_tag","embeddable":true,"href":"https:\/\/marpanel.pl\/de\/wp-json\/wp\/v2\/product_tag?post=977"}],"curies":[{"name":"wp","href":"https:\/\/api.w.org\/{rel}","templated":true}]}}