{"id":981,"date":"2024-08-29T16:07:46","date_gmt":"2024-08-29T14:07:46","guid":{"rendered":"https:\/\/marpanel.pl\/?post_type=product&#038;p=981"},"modified":"2024-10-28T21:41:01","modified_gmt":"2024-10-28T20:41:01","slug":"plyta-warstwowa-gs-inspire-s-max","status":"publish","type":"product","link":"https:\/\/marpanel.pl\/de\/plyta\/plyta-warstwowa-gs-inspire-s-max\/","title":{"rendered":"GS insPIRe\u00ae S MAX Sandwichplatte"},"content":{"rendered":"<p>Die Sandwichelemente GS insPIRe\u00ae S MAX sind die ideale L\u00f6sung f\u00fcr den Bau von Au\u00dfenfassaden und Innentrennw\u00e4nden in Rahmenkonstruktionen. Sie zeichnen sich durch ihre Vielseitigkeit bei der Montage aus, da sie sowohl vertikal als auch horizontal und als ein- oder mehrfeldrige Elemente eingebaut werden k\u00f6nnen. Ihre Verkleidung besteht aus beidseitig verzinktem Stahlblech gem\u00e4\u00df EN 10346 und ist mit einem organischen Polyesterlack mit einer Schichtdicke von 25 \u03bcm beschichtet, der eine hohe Korrosionsbest\u00e4ndigkeit und ein \u00e4sthetisches Aussehen gew\u00e4hrleistet. Die Paneele sind in verschiedenen Dicken erh\u00e4ltlich, mit Nut- und Federverriegelung in den Dicken 100 und 120 mm und mit Flachverriegelung in den Dicken 40, 60 und 80 mm. Die Dichtheit der Fugen zwischen den Paneelen wird durch eine Polyurethan-PUS-Dichtung gew\u00e4hrleistet, die bei der Herstellung aufgebracht wird und eine wirksame Barriere gegen das Eindringen von Wasser und Luft darstellt.<\/p>\n<p>1. die Profilierung der Blechverkleidung verleiht den W\u00e4nden ein \u00e4sthetisches Aussehen<br \/>\nGro\u00dfer Schleusenprofilradius zur Gew\u00e4hrleistung der Unversehrtheit von Blechbeschichtungen<br \/>\n3. doppelt verriegelte Verbindungsplatten, die eine hohe Feuerbest\u00e4ndigkeit garantieren<br \/>\n4. profilierte Kanten f\u00fcr eine einfachere Installation und bessere W\u00e4rmed\u00e4mmung<br \/>\n5. PIR-Hartschaumkern mit sehr guten W\u00e4rme- und Brandschutzeigenschaften<br \/>\n6 Kontinuierliche Polyurethan-Dichtung zur Aufrechterhaltung einer hohen W\u00e4rmed\u00e4mmung. Sie wird w\u00e4hrend des Herstellungsprozesses angebracht<br \/>\n7. Aluminiumfolie, um das Eindringen von Dampf in den Polyurethanschaumkern zu verhindern<\/p>","protected":false},"excerpt":{"rendered":"<p>GS insPIRe\u00ae S MAX Wandplatten sind f\u00fcr den Bau von Au\u00dfenfassaden und Innentrennw\u00e4nden in Rahmenkonstruktionen vorgesehen. Sie k\u00f6nnen sowohl vertikal als auch horizontal, als ein- und mehrfeldrige Wandelemente montiert werden. Die Paneele haben eine Deckschicht aus verzinktem Stahlblech mit organischem Polyesterlack. Die Dichtheit wird durch eine PUS-Dichtung aus Polyurethan gew\u00e4hrleistet.<\/p>","protected":false},"featured_media":982,"comment_status":"open","ping_status":"closed","template":"","meta":{"_acf_changed":false},"product_brand":[],"product_cat":[27,30],"product_tag":[],"class_list":{"0":"post-981","1":"product","2":"type-product","3":"status-publish","4":"has-post-thumbnail","6":"product_cat-plyty-warstwowe","7":"product_cat-plyty-warstwowe-scienne","9":"first","10":"instock","11":"shipping-taxable","12":"product-type-simple"},"acf":[],"_links":{"self":[{"href":"https:\/\/marpanel.pl\/de\/wp-json\/wp\/v2\/product\/981","targetHints":{"allow":["GET"]}}],"collection":[{"href":"https:\/\/marpanel.pl\/de\/wp-json\/wp\/v2\/product"}],"about":[{"href":"https:\/\/marpanel.pl\/de\/wp-json\/wp\/v2\/types\/product"}],"replies":[{"embeddable":true,"href":"https:\/\/marpanel.pl\/de\/wp-json\/wp\/v2\/comments?post=981"}],"wp:featuredmedia":[{"embeddable":true,"href":"https:\/\/marpanel.pl\/de\/wp-json\/wp\/v2\/media\/982"}],"wp:attachment":[{"href":"https:\/\/marpanel.pl\/de\/wp-json\/wp\/v2\/media?parent=981"}],"wp:term":[{"taxonomy":"product_brand","embeddable":true,"href":"https:\/\/marpanel.pl\/de\/wp-json\/wp\/v2\/product_brand?post=981"},{"taxonomy":"product_cat","embeddable":true,"href":"https:\/\/marpanel.pl\/de\/wp-json\/wp\/v2\/product_cat?post=981"},{"taxonomy":"product_tag","embeddable":true,"href":"https:\/\/marpanel.pl\/de\/wp-json\/wp\/v2\/product_tag?post=981"}],"curies":[{"name":"wp","href":"https:\/\/api.w.org\/{rel}","templated":true}]}}