{"id":987,"date":"2024-08-29T16:10:38","date_gmt":"2024-08-29T14:10:38","guid":{"rendered":"https:\/\/marpanel.pl\/?post_type=product&#038;p=987"},"modified":"2025-05-31T08:02:08","modified_gmt":"2025-05-31T06:02:08","slug":"plyta-warstwowa-gs-inspire-u-max","status":"publish","type":"product","link":"https:\/\/marpanel.pl\/de\/plyta\/plyta-warstwowa-gs-inspire-u-max\/","title":{"rendered":"GS insPIRe\u00ae U MAX Sandwichplatte"},"content":{"rendered":"<p>Die Sandwichelemente GS insPIRe\u00ae U MAX wurden f\u00fcr den Bau von Au\u00dfenfassaden und Innentrennw\u00e4nden in Rahmenkonstruktionen entwickelt. Dank ihrer F\u00e4higkeit, sowohl vertikal als auch horizontal sowie als ein- und mehrfeldrige Wandelemente installiert zu werden, sind sie \u00e4u\u00dferst vielseitig. Sie zeichnen sich durch ihre verdeckte Befestigung aus, die von der Fassade aus nicht sichtbar ist, was sie architektonisch sehr attraktiv macht. Die Paneelverkleidungen bestehen aus beidseitig verzinktem Stahlblech nach EN 10346 mit einer 25 \u03bcm dicken Beschichtung aus organischem Polyesterlack, die eine hohe Haltbarkeit und \u00c4sthetik gew\u00e4hrleistet. Au\u00dferdem wird die Dichtheit der Fugen zwischen den Paneelen durch eine Polyurethan-PUS-Dichtung gew\u00e4hrleistet, die in der Produktionsphase angebracht wird und eine wirksame Barriere gegen das Eindringen von Wasser und Luft garantiert.<\/p>\n<p>1. die Profilierung der Blechverkleidung verleiht den W\u00e4nden ein \u00e4sthetisches Aussehen<br \/>\n2. verdeckte Befestigung f\u00fcr ein einheitlicheres Erscheinungsbild der Fassade<br \/>\nGro\u00dfer Schleusenprofilradius zur Gew\u00e4hrleistung der Unversehrtheit von Blechbeschichtungen<br \/>\nDoppelte Verriegelung der Paneele, um eine hohe Feuerbest\u00e4ndigkeit zu gew\u00e4hrleisten<br \/>\n5. Hilfsrille zur Erleichterung der Positionierung des Befestigungselements<br \/>\nProfilierte Kanten f\u00fcr einfachere Montage und bessere W\u00e4rmed\u00e4mmung<br \/>\n7 Eine kontinuierliche Polyurethan-Dichtung, die eine hohe W\u00e4rmed\u00e4mmung gew\u00e4hrleistet. Sie wird w\u00e4hrend des Herstellungsprozesses angebracht<br \/>\n8. Aluminiumfolie, um das Eindringen von Dampf in den Polyurethanschaumkern zu verhindern<br \/>\n9. PIR-Hartschaumkern mit sehr guten W\u00e4rme- und Brandschutzeigenschaften<\/p>","protected":false},"excerpt":{"rendered":"<p>Die Wandplatten GS insPIRe\u00ae U MAX sind ideal f\u00fcr den Bau von Au\u00dfenfassaden und Innentrennw\u00e4nden in Rahmenkonstruktionen. Sie zeichnen sich durch eine verdeckte Befestigung aus, die von der Fassade aus nicht sichtbar ist, was ihre \u00e4sthetischen und funktionellen Qualit\u00e4ten erh\u00f6ht. Die Paneele haben beidseitig verzinkte Stahlblechverkleidungen mit organischem Polyesterlack, und ihre Dichtheit wird durch eine PUS-Polyurethan-Dichtung gew\u00e4hrleistet.<\/p>","protected":false},"featured_media":990,"comment_status":"open","ping_status":"closed","template":"","meta":{"_acf_changed":false},"product_brand":[],"product_cat":[27,30],"product_tag":[],"class_list":{"0":"post-987","1":"product","2":"type-product","3":"status-publish","4":"has-post-thumbnail","6":"product_cat-plyty-warstwowe","7":"product_cat-plyty-warstwowe-scienne","9":"first","10":"instock","11":"shipping-taxable","12":"product-type-simple"},"acf":[],"_links":{"self":[{"href":"https:\/\/marpanel.pl\/de\/wp-json\/wp\/v2\/product\/987","targetHints":{"allow":["GET"]}}],"collection":[{"href":"https:\/\/marpanel.pl\/de\/wp-json\/wp\/v2\/product"}],"about":[{"href":"https:\/\/marpanel.pl\/de\/wp-json\/wp\/v2\/types\/product"}],"replies":[{"embeddable":true,"href":"https:\/\/marpanel.pl\/de\/wp-json\/wp\/v2\/comments?post=987"}],"wp:featuredmedia":[{"embeddable":true,"href":"https:\/\/marpanel.pl\/de\/wp-json\/wp\/v2\/media\/990"}],"wp:attachment":[{"href":"https:\/\/marpanel.pl\/de\/wp-json\/wp\/v2\/media?parent=987"}],"wp:term":[{"taxonomy":"product_brand","embeddable":true,"href":"https:\/\/marpanel.pl\/de\/wp-json\/wp\/v2\/product_brand?post=987"},{"taxonomy":"product_cat","embeddable":true,"href":"https:\/\/marpanel.pl\/de\/wp-json\/wp\/v2\/product_cat?post=987"},{"taxonomy":"product_tag","embeddable":true,"href":"https:\/\/marpanel.pl\/de\/wp-json\/wp\/v2\/product_tag?post=987"}],"curies":[{"name":"wp","href":"https:\/\/api.w.org\/{rel}","templated":true}]}}