{"id":988,"date":"2024-08-29T16:12:52","date_gmt":"2024-08-29T14:12:52","guid":{"rendered":"https:\/\/marpanel.pl\/?post_type=product&#038;p=988"},"modified":"2024-10-28T21:33:27","modified_gmt":"2024-10-28T20:33:27","slug":"plyta-warstwowa-gs-inspire-ch-max","status":"publish","type":"product","link":"https:\/\/marpanel.pl\/de\/plyta\/plyta-warstwowa-gs-inspire-ch-max\/","title":{"rendered":"GS insPIRe\u00ae CH MAX Sandwichplatte"},"content":{"rendered":"<p>Die Sandwichplatten GS insPIRe\u00ae CH MAX eignen sich ideal f\u00fcr den Bau von W\u00e4nden und Decken in temperaturgeregelten R\u00e4umen wie K\u00fchlh\u00e4usern (t &gt; 0\u00b0C) und Gefrierr\u00e4umen (t &lt; 0\u00b0C) sowie in anderen temperatur- und feuchtigkeitsgeregelten Einrichtungen. Dank ihrer D\u00e4mmeigenschaften sind sie ideal f\u00fcr die Schaffung von K\u00fchl- und Gefrierr\u00e4umen, sowohl als eigenst\u00e4ndige Konstruktion als auch als Teil bestehender Geb\u00e4ude. Die Paneele k\u00f6nnen in verschiedenen Konfigurationen installiert werden: vertikal und horizontal, als ein- und mehrfeldrige Elemente, was Flexibilit\u00e4t und Anpassung an eine Vielzahl von Designanforderungen erm\u00f6glicht.<\/p>\n<p>1 Die Profilierung der Blechverkleidung l\u00e4sst die W\u00e4nde \u00e4sthetisch ansprechend aussehen.<br \/>\n2. bauseitig aufgebrachte Dichtungsmasse.<br \/>\nGro\u00dfer Radius des Schleusenprofils zur Gew\u00e4hrleistung der Unversehrtheit von Blechbeschichtungen.<br \/>\n4. profilierte Kanten f\u00fcr eine einfachere Verlegung und bessere W\u00e4rmed\u00e4mmung.<br \/>\n5. doppelte Verriegelung der Paneele, um eine hohe Feuerfestigkeit zu gew\u00e4hrleisten.<br \/>\n6. Labyrinthkernkontakt zur Vermeidung von W\u00e4rmebr\u00fccken.<br \/>\n7. ein PIR-Hartschaumkern mit sehr guten W\u00e4rme- und Brandschutzeigenschaften.<\/p>","protected":false},"excerpt":{"rendered":"<p>GS insPIRe\u00ae CH MAX Wandplatten sind f\u00fcr den Bau von W\u00e4nden und Decken in temperaturbegrenzten Bereichen wie K\u00fchl- und Gefrierh\u00e4usern sowie in temperatur- und feuchtigkeitsgeregelten R\u00e4umen bestimmt. Sie bieten die M\u00f6glichkeit, sowohl vertikal als auch horizontal, als ein- und mehrfeldrige Elemente montiert zu werden.<\/p>","protected":false},"featured_media":989,"comment_status":"open","ping_status":"closed","template":"","meta":{"_acf_changed":false},"product_brand":[],"product_cat":[27,30],"product_tag":[],"class_list":{"0":"post-988","1":"product","2":"type-product","3":"status-publish","4":"has-post-thumbnail","6":"product_cat-plyty-warstwowe","7":"product_cat-plyty-warstwowe-scienne","9":"first","10":"instock","11":"shipping-taxable","12":"product-type-simple"},"acf":[],"_links":{"self":[{"href":"https:\/\/marpanel.pl\/de\/wp-json\/wp\/v2\/product\/988","targetHints":{"allow":["GET"]}}],"collection":[{"href":"https:\/\/marpanel.pl\/de\/wp-json\/wp\/v2\/product"}],"about":[{"href":"https:\/\/marpanel.pl\/de\/wp-json\/wp\/v2\/types\/product"}],"replies":[{"embeddable":true,"href":"https:\/\/marpanel.pl\/de\/wp-json\/wp\/v2\/comments?post=988"}],"wp:featuredmedia":[{"embeddable":true,"href":"https:\/\/marpanel.pl\/de\/wp-json\/wp\/v2\/media\/989"}],"wp:attachment":[{"href":"https:\/\/marpanel.pl\/de\/wp-json\/wp\/v2\/media?parent=988"}],"wp:term":[{"taxonomy":"product_brand","embeddable":true,"href":"https:\/\/marpanel.pl\/de\/wp-json\/wp\/v2\/product_brand?post=988"},{"taxonomy":"product_cat","embeddable":true,"href":"https:\/\/marpanel.pl\/de\/wp-json\/wp\/v2\/product_cat?post=988"},{"taxonomy":"product_tag","embeddable":true,"href":"https:\/\/marpanel.pl\/de\/wp-json\/wp\/v2\/product_tag?post=988"}],"curies":[{"name":"wp","href":"https:\/\/api.w.org\/{rel}","templated":true}]}}