{"id":991,"date":"2024-08-29T16:17:16","date_gmt":"2024-08-29T14:17:16","guid":{"rendered":"https:\/\/marpanel.pl\/?post_type=product&#038;p=991"},"modified":"2025-05-31T23:59:11","modified_gmt":"2025-05-31T21:59:11","slug":"plyta-warstwowa-gs-inspire-d-max","status":"publish","type":"product","link":"https:\/\/marpanel.pl\/de\/plyta\/plyta-warstwowa-gs-inspire-d-max\/","title":{"rendered":"GS insPIRe\u00ae D MAX Sandwichplatte"},"content":{"rendered":"<p>Die Sandwichpaneele GS insPIRe\u00ae D MAX wurden f\u00fcr Dachanwendungen entwickelt und bieten eine au\u00dfergew\u00f6hnliche Haltbarkeit und \u00c4sthetik. Sie zeichnen sich durch eine tiefe, trapezf\u00f6rmige Verkleidung aus, die eine langfristige Belastung erm\u00f6glicht. Die Paneele werden mit Schrauben an einer Holz-, Stahl- oder Stahlbetonkonstruktion befestigt, um Stabilit\u00e4t und Festigkeit zu gew\u00e4hrleisten.<\/p>\n<p>Die Mindestneigung der Dachschr\u00e4gen betr\u00e4gt 3\u00b0 (5,2%) f\u00fcr D\u00e4cher ohne Oberlichter und 5\u00b0 (8,7%) f\u00fcr D\u00e4cher mit in L\u00e4ngsrichtung verbundenen Paneelen. Die Paneele bestehen aus beidseitig verzinktem Stahlblech nach EN 10346 mit einer organischen Beschichtung von 25 \u03bcm. Die modulare Breite des Paneels betr\u00e4gt 1000 mm und die Standardl\u00e4ngen reichen von 2,0 m bis 12,0 m, mit der M\u00f6glichkeit einer Sonderlieferung in L\u00e4ngen bis zu 16,5 m. Die Dichtheit der Plattenverbindungen wird durch eine Polyurethan-PUS-Dichtung gew\u00e4hrleistet, die in der Produktionsphase aufgebracht wird und die hohe Qualit\u00e4t und Haltbarkeit der \u00dcberdachung garantiert.<\/p>\n<p>1. die Profilierung der Blechverkleidung verleiht den W\u00e4nden ein \u00e4sthetisches Aussehen<br \/>\nGro\u00dfer Radius des Verkleidungsprofils zur Gew\u00e4hrleistung der Unversehrtheit der Blechbeschichtungen<br \/>\n3. kontinuierliche Polyurethan-Dichtung, die w\u00e4hrend des Herstellungsprozesses aufgebracht wird<br \/>\n4. kapillar aufsteigende Schutzkammer<br \/>\n5. PIR-Hartschaumkern mit sehr guten W\u00e4rme- und Brandschutzeigenschaften<br \/>\nProfilierte Kanten f\u00fcr einfachere Montage und bessere W\u00e4rmed\u00e4mmung<br \/>\n7 Eine kontinuierliche Polyurethan-Dichtung, die eine hohe W\u00e4rmed\u00e4mmung gew\u00e4hrleistet. Sie wird w\u00e4hrend des Herstellungsprozesses angebracht<br \/>\n8. Aluminiumfolie, um das Eindringen von Dampf in den Polyisocyanurat-Schaumkern zu verhindern<\/p>","protected":false},"excerpt":{"rendered":"<p>Die GS insPIRe\u00ae D MAX Dachplatten sind ideal f\u00fcr Dachanwendungen und zeichnen sich durch ein tiefes Trapezprofil aus. Sie sind f\u00fcr dauerhafte Belastungen ausgelegt und werden mit Schrauben an verschiedenen Strukturen befestigt. Die Mindestneigung betr\u00e4gt 3\u00b0 (5,2%) ohne Dachfenster und 5\u00b0 (8,7%), wenn sie in L\u00e4ngsrichtung verbunden sind. Die Paneele haben eine Verkleidung aus verzinktem Stahl mit organischem Polyester-Lack. Die Standardbreite betr\u00e4gt 1000 mm und die L\u00e4ngen reichen von 2,0 m bis 12,0 m, mit der M\u00f6glichkeit einer Sonderlieferung bis zu 16,5 m. Die Abdichtung erfolgt durch eine Polyurethan-PUS-Dichtung.<\/p>","protected":false},"featured_media":992,"comment_status":"open","ping_status":"closed","template":"","meta":{"_acf_changed":false},"product_brand":[],"product_cat":[27,33],"product_tag":[],"class_list":{"0":"post-991","1":"product","2":"type-product","3":"status-publish","4":"has-post-thumbnail","6":"product_cat-plyty-warstwowe","7":"product_cat-plyty-warstwowe-dachowe","9":"first","10":"instock","11":"shipping-taxable","12":"product-type-simple"},"acf":[],"_links":{"self":[{"href":"https:\/\/marpanel.pl\/de\/wp-json\/wp\/v2\/product\/991","targetHints":{"allow":["GET"]}}],"collection":[{"href":"https:\/\/marpanel.pl\/de\/wp-json\/wp\/v2\/product"}],"about":[{"href":"https:\/\/marpanel.pl\/de\/wp-json\/wp\/v2\/types\/product"}],"replies":[{"embeddable":true,"href":"https:\/\/marpanel.pl\/de\/wp-json\/wp\/v2\/comments?post=991"}],"wp:featuredmedia":[{"embeddable":true,"href":"https:\/\/marpanel.pl\/de\/wp-json\/wp\/v2\/media\/992"}],"wp:attachment":[{"href":"https:\/\/marpanel.pl\/de\/wp-json\/wp\/v2\/media?parent=991"}],"wp:term":[{"taxonomy":"product_brand","embeddable":true,"href":"https:\/\/marpanel.pl\/de\/wp-json\/wp\/v2\/product_brand?post=991"},{"taxonomy":"product_cat","embeddable":true,"href":"https:\/\/marpanel.pl\/de\/wp-json\/wp\/v2\/product_cat?post=991"},{"taxonomy":"product_tag","embeddable":true,"href":"https:\/\/marpanel.pl\/de\/wp-json\/wp\/v2\/product_tag?post=991"}],"curies":[{"name":"wp","href":"https:\/\/api.w.org\/{rel}","templated":true}]}}