{"id":1029,"date":"2024-08-30T10:18:34","date_gmt":"2024-08-30T08:18:34","guid":{"rendered":"https:\/\/marpanel.pl\/?post_type=product&#038;p=1029"},"modified":"2025-12-23T16:24:18","modified_gmt":"2025-12-23T15:24:18","slug":"plyta-warstwowa-gs-mw-qa-s","status":"publish","type":"product","link":"https:\/\/marpanel.pl\/sk\/plyta\/plyta-warstwowa-gs-mw-qa-s\/","title":{"rendered":"Sendvi\u010dov\u00fd panel GS MW QA S"},"content":{"rendered":"<p>Sendvi\u010dov\u00fd panel GS MW QA S s vidite\u013en\u00fdm upevnen\u00edm je \u0161pecializovan\u00fd stavebn\u00fd prvok ur\u010den\u00fd na vytv\u00e1ranie vonkaj\u0161\u00edch a vn\u00fatorn\u00fdch stien v r\u00e1mov\u00fdch kon\u0161trukci\u00e1ch. Vyzna\u010duj\u00fa sa priazniv\u00fdm s\u00fa\u010dinite\u013eom tepelnej vodivosti, ktor\u00fd umo\u017e\u0148uje efekt\u00edvne zateplenie budovy pri zachovan\u00ed ni\u017e\u0161ej hustoty jadra panelu. Materi\u00e1lom obkladu je obojstranne pozinkovan\u00fd oce\u013eov\u00fd plech v s\u00falade s normou EN 10346, ktor\u00fd je dodato\u010dne pokryt\u00fd 25 \u03bcm organick\u00fdm polyesterov\u00fdm lakom na zabezpe\u010denie ochrany proti kor\u00f3zii a odolnej povrchovej \u00fapravy. Panely mo\u017eno in\u0161talova\u0165 vertik\u00e1lne aj horizont\u00e1lne, \u010do poskytuje flexibilitu pri kon\u0161truk\u010dnom n\u00e1vrhu. Pon\u00fakaj\u00fa vynikaj\u00facu protipo\u017eiarnu ochranu a vynikaj\u00facu zvukov\u00fa izol\u00e1ciu, v\u010faka \u010domu s\u00fa ide\u00e1lnou vo\u013ebou pre aplik\u00e1cie, kde sa vy\u017eaduj\u00fa vysok\u00e9 \u0161tandardy bezpe\u010dnosti a komfortu.<\/p>\n<p>1. profilovanie plechov\u00e9ho obkladu rob\u00ed steny estetick\u00fdmi<br \/>\nVe\u013ek\u00fd polomer profilu z\u00e1mku na zabezpe\u010denie integrity laku<br \/>\n3. dvojit\u00e9 uzamykanie panelov, ktor\u00e9 zaru\u010duje vysok\u00e9 protipo\u017eiarne vlastnosti<br \/>\n4. jadro z tvrdej miner\u00e1lnej vlny s ve\u013emi dobrou po\u017eiarnou odolnos\u0165ou a zvukovou izol\u00e1ciou<\/p>","protected":false},"excerpt":{"rendered":"<p>Dosky GS MW S s vidite\u013en\u00fdm upevnen\u00edm s\u00fa ur\u010den\u00e9 na v\u00fdstavbu vonkaj\u0161\u00edch a vn\u00fatorn\u00fdch stien na r\u00e1movej kon\u0161trukcii. Vyzna\u010duj\u00fa sa lep\u0161\u00edm s\u00fa\u010dinite\u013eom tepelnej vodivosti pri ni\u017e\u0161ej hustote jadra, poskytuj\u00fa vynikaj\u00facu zvukov\u00fa izol\u00e1ciu a vynikaj\u00facu protipo\u017eiarnu ochranu. Mo\u017eno ich in\u0161talova\u0165 vertik\u00e1lne aj horizont\u00e1lne. Ich povrchov\u00fa \u00fapravu tvoria obojstranne pozinkovan\u00e9 oce\u013eov\u00e9 plechy, ktor\u00e9 s\u00fa potiahnut\u00e9 polyesterov\u00fdm lakom.<\/p>","protected":false},"featured_media":1030,"comment_status":"open","ping_status":"closed","template":"","meta":{"_acf_changed":false},"product_brand":[],"product_cat":[27,34],"product_tag":[],"class_list":{"0":"post-1029","1":"product","2":"type-product","3":"status-publish","4":"has-post-thumbnail","6":"product_cat-plyty-warstwowe","7":"product_cat-plyty-warstwowe-welna","9":"first","10":"instock","11":"shipping-taxable","12":"product-type-simple"},"acf":[],"_links":{"self":[{"href":"https:\/\/marpanel.pl\/sk\/wp-json\/wp\/v2\/product\/1029","targetHints":{"allow":["GET"]}}],"collection":[{"href":"https:\/\/marpanel.pl\/sk\/wp-json\/wp\/v2\/product"}],"about":[{"href":"https:\/\/marpanel.pl\/sk\/wp-json\/wp\/v2\/types\/product"}],"replies":[{"embeddable":true,"href":"https:\/\/marpanel.pl\/sk\/wp-json\/wp\/v2\/comments?post=1029"}],"wp:featuredmedia":[{"embeddable":true,"href":"https:\/\/marpanel.pl\/sk\/wp-json\/wp\/v2\/media\/1030"}],"wp:attachment":[{"href":"https:\/\/marpanel.pl\/sk\/wp-json\/wp\/v2\/media?parent=1029"}],"wp:term":[{"taxonomy":"product_brand","embeddable":true,"href":"https:\/\/marpanel.pl\/sk\/wp-json\/wp\/v2\/product_brand?post=1029"},{"taxonomy":"product_cat","embeddable":true,"href":"https:\/\/marpanel.pl\/sk\/wp-json\/wp\/v2\/product_cat?post=1029"},{"taxonomy":"product_tag","embeddable":true,"href":"https:\/\/marpanel.pl\/sk\/wp-json\/wp\/v2\/product_tag?post=1029"}],"curies":[{"name":"wp","href":"https:\/\/api.w.org\/{rel}","templated":true}]}}