{"id":1031,"date":"2024-08-30T10:23:34","date_gmt":"2024-08-30T08:23:34","guid":{"rendered":"https:\/\/marpanel.pl\/?post_type=product&#038;p=1031"},"modified":"2024-10-28T21:20:17","modified_gmt":"2024-10-28T20:20:17","slug":"plyta-warstwowa-gs-mw-qa-u","status":"publish","type":"product","link":"https:\/\/marpanel.pl\/sk\/plyta\/plyta-warstwowa-gs-mw-qa-u\/","title":{"rendered":"Sendvi\u010dov\u00fd panel GS MW QA U"},"content":{"rendered":"<p>Sendvi\u010dov\u00fd panel GS MW QA U je modern\u00fd stavebn\u00fd prvok so skryt\u00fdm upevnen\u00edm, ide\u00e1lny na realiz\u00e1ciu vonkaj\u0161\u00edch a vn\u00fatorn\u00fdch stien v r\u00e1mov\u00fdch kon\u0161truk\u010dn\u00fdch syst\u00e9moch. V\u010faka pokro\u010dilej technol\u00f3gii v\u00fdroby maj\u00fa tieto panely lep\u0161\u00ed s\u00fa\u010dinite\u013e tepelnej vodivosti pri zachovan\u00ed ni\u017e\u0161ej hustoty jadra, \u010do prispieva k zlep\u0161eniu energetickej hospod\u00e1rnosti budovy. Mo\u017enos\u0165 vertik\u00e1lnej aj horizont\u00e1lnej in\u0161tal\u00e1cie a pou\u017eitia ako jedno- a viacrozponov\u00fdch stenov\u00fdch prvkov poskytuje projektantom ve\u013ek\u00fa flexibilitu pri formovan\u00ed architekt\u00fary budov. Skryt\u00e9 upevnenie, ktor\u00e9 nie je vidite\u013en\u00e9 z fas\u00e1dy, zvy\u0161uje estetiku a eleganciu fas\u00e1dy, v\u010faka \u010domu s\u00fa tieto panely mimoriadne atrakt\u00edvne z h\u013eadiska vizu\u00e1lnych a funk\u010dn\u00fdch vlastnost\u00ed. Povrch panelov je upraven\u00fd obojstranne pozinkovan\u00fdm oce\u013eov\u00fdm plechom v s\u00falade s normou EN 10346 a potiahnut\u00fd odoln\u00fdm organick\u00fdm polyesterov\u00fdm lakom s hr\u00fabkou 25 \u03bcm, ktor\u00fd poskytuje ochranu proti kor\u00f3zii a dlh\u00fa \u017eivotnos\u0165. Panely poskytuj\u00fa vynikaj\u00facu protipo\u017eiarnu ochranu a vynikaj\u00facu zvukov\u00fa izol\u00e1ciu, v\u010faka \u010domu s\u00fa vynikaj\u00facou vo\u013ebou pre budovy s vysok\u00fdmi po\u017eiadavkami na bezpe\u010dnos\u0165 a akustick\u00fd komfort.<\/p>\n<p>1. profilovanie plechov\u00e9ho obkladu rob\u00ed steny estetick\u00fdmi<br \/>\n2. skryt\u00fd spojovac\u00ed prvok na dosiahnutie jednotnej\u0161ieho vzh\u013eadu fas\u00e1d<br \/>\nVe\u013ek\u00fd polomer profilu z\u00e1mku na zabezpe\u010denie integrity laku<br \/>\n4. pomocn\u00e1 dr\u00e1\u017eka na u\u013eah\u010denie umiestnenia spojovacieho prvku<br \/>\n5. jadro z tvrdej miner\u00e1lnej vlny s ve\u013emi dobrou po\u017eiarnou odolnos\u0165ou a zvukovou izol\u00e1ciou<\/p>","protected":false},"excerpt":{"rendered":"<p>Panely GS MW QA U so skryt\u00fdm upevnen\u00edm, ur\u010den\u00e9 na vonkaj\u0161ie a vn\u00fatorn\u00e9 steny na r\u00e1movej kon\u0161trukcii, sa vyzna\u010duj\u00fa lep\u0161\u00edm s\u00fa\u010dinite\u013eom tepelnej vodivosti a ni\u017e\u0161ou hustotou jadra. M\u00f4\u017eu sa in\u0161talova\u0165 vertik\u00e1lne aj horizont\u00e1lne ako jedno- alebo viacprievlakov\u00e9 prvky. V\u010faka skryt\u00e9mu upevneniu s\u00fa architektonicky atrakt\u00edvne. Maj\u00fa povrchov\u00fa \u00fapravu z pozinkovan\u00e9ho oce\u013eov\u00e9ho plechu s polyesterov\u00fdm lakom a poskytuj\u00fa vynikaj\u00facu protipo\u017eiarnu ochranu a vynikaj\u00facu zvukov\u00fa izol\u00e1ciu.<\/p>","protected":false},"featured_media":1032,"comment_status":"open","ping_status":"closed","template":"","meta":{"_acf_changed":false},"product_brand":[],"product_cat":[27,34],"product_tag":[],"class_list":{"0":"post-1031","1":"product","2":"type-product","3":"status-publish","4":"has-post-thumbnail","6":"product_cat-plyty-warstwowe","7":"product_cat-plyty-warstwowe-welna","9":"first","10":"instock","11":"shipping-taxable","12":"product-type-simple"},"acf":[],"_links":{"self":[{"href":"https:\/\/marpanel.pl\/sk\/wp-json\/wp\/v2\/product\/1031","targetHints":{"allow":["GET"]}}],"collection":[{"href":"https:\/\/marpanel.pl\/sk\/wp-json\/wp\/v2\/product"}],"about":[{"href":"https:\/\/marpanel.pl\/sk\/wp-json\/wp\/v2\/types\/product"}],"replies":[{"embeddable":true,"href":"https:\/\/marpanel.pl\/sk\/wp-json\/wp\/v2\/comments?post=1031"}],"wp:featuredmedia":[{"embeddable":true,"href":"https:\/\/marpanel.pl\/sk\/wp-json\/wp\/v2\/media\/1032"}],"wp:attachment":[{"href":"https:\/\/marpanel.pl\/sk\/wp-json\/wp\/v2\/media?parent=1031"}],"wp:term":[{"taxonomy":"product_brand","embeddable":true,"href":"https:\/\/marpanel.pl\/sk\/wp-json\/wp\/v2\/product_brand?post=1031"},{"taxonomy":"product_cat","embeddable":true,"href":"https:\/\/marpanel.pl\/sk\/wp-json\/wp\/v2\/product_cat?post=1031"},{"taxonomy":"product_tag","embeddable":true,"href":"https:\/\/marpanel.pl\/sk\/wp-json\/wp\/v2\/product_tag?post=1031"}],"curies":[{"name":"wp","href":"https:\/\/api.w.org\/{rel}","templated":true}]}}