{"id":1033,"date":"2024-08-30T10:29:32","date_gmt":"2024-08-30T08:29:32","guid":{"rendered":"https:\/\/marpanel.pl\/?post_type=product&#038;p=1033"},"modified":"2024-10-28T21:16:13","modified_gmt":"2024-10-28T20:16:13","slug":"plyta-warstwowa-gs-mw-qa-ch","status":"publish","type":"product","link":"https:\/\/marpanel.pl\/sk\/plyta\/plyta-warstwowa-gs-mw-qa-ch\/","title":{"rendered":"Sendvi\u010dov\u00fd panel GS MW QA CH"},"content":{"rendered":"<p>Sendvi\u010dov\u00fd panel GS MW QA CH s vidite\u013en\u00fdm upevnen\u00edm je modern\u00fdm rie\u0161en\u00edm na v\u00fdstavbu vonkaj\u0161\u00edch a vn\u00fatorn\u00fdch stien v drevostavb\u00e1ch. Panely sa vyzna\u010duj\u00fa lep\u0161\u00edm s\u00fa\u010dinite\u013eom tepelnej vodivosti v d\u00f4sledku ni\u017e\u0161ej hustoty jadra, \u010do umo\u017e\u0148uje lep\u0161iu tepeln\u00fa izol\u00e1ciu pri zachovan\u00ed energetickej \u00fa\u010dinnosti. Povrch panelov je z oboch str\u00e1n pokryt\u00fd pozinkovan\u00fdm oce\u013eov\u00fdm plechom v s\u00falade s normou EN 10346 a chr\u00e1nen\u00fd organick\u00fdm polyesterov\u00fdm lakom s hr\u00fabkou vrstvy 25 \u03bcm, ktor\u00fd poskytuje dlhodob\u00fa ochranu proti kor\u00f3zii a estetick\u00fa povrchov\u00fa \u00fapravu. Mo\u017enos\u0165 vertik\u00e1lnej a horizont\u00e1lnej in\u0161tal\u00e1cie rob\u00ed z panelov GS MW CH univerz\u00e1lne rie\u0161enie, ktor\u00e9 mo\u017eno prisp\u00f4sobi\u0165 r\u00f4znym architektonick\u00fdm po\u017eiadavk\u00e1m. Poskytuj\u00fa vynikaj\u00facu protipo\u017eiarnu ochranu a vynikaj\u00facu zvukov\u00fa izol\u00e1ciu, v\u010faka \u010domu s\u00fa ide\u00e1lnou vo\u013ebou pre budovy, kde s\u00fa d\u00f4le\u017eit\u00e9 vysok\u00e9 \u0161tandardy bezpe\u010dnosti a akustick\u00e9ho komfortu.<\/p>\n<p>1. profilovanie plechov\u00e9ho obkladu rob\u00ed steny estetick\u00fdmi<br \/>\nVe\u013ek\u00fd polomer profilu z\u00e1mku na zabezpe\u010denie integrity laku<br \/>\n3. dvojit\u00e9 uzamykanie panelov, ktor\u00e9 zaru\u010duje vysok\u00e9 protipo\u017eiarne vlastnosti<br \/>\n4. jadro z tvrdej miner\u00e1lnej vlny s ve\u013emi dobrou po\u017eiarnou odolnos\u0165ou a zvukovou izol\u00e1ciou<\/p>","protected":false},"excerpt":{"rendered":"<p>Stenov\u00e9 panely GS MW CH s vidite\u013en\u00fdm upevnen\u00edm s\u00fa ur\u010den\u00e9 na v\u00fdstavbu vonkaj\u0161\u00edch a vn\u00fatorn\u00fdch stien na r\u00e1movej kon\u0161trukcii. V\u010faka ni\u017e\u0161ej hustote jadra maj\u00fa lep\u0161\u00ed s\u00fa\u010dinite\u013e tepelnej vodivosti. Ich povrchov\u00e1 \u00faprava je z pozinkovan\u00e9ho oce\u013eov\u00e9ho plechu s 25 \u03bcm polyesterov\u00fdm lakom. Mo\u017eno ich in\u0161talova\u0165 vertik\u00e1lne aj horizont\u00e1lne, pri\u010dom pon\u00fakaj\u00fa vynikaj\u00facu protipo\u017eiarnu ochranu a vynikaj\u00facu zvukov\u00fa izol\u00e1ciu.<\/p>","protected":false},"featured_media":1034,"comment_status":"open","ping_status":"closed","template":"","meta":{"_acf_changed":false},"product_brand":[],"product_cat":[27,34],"product_tag":[],"class_list":{"0":"post-1033","1":"product","2":"type-product","3":"status-publish","4":"has-post-thumbnail","6":"product_cat-plyty-warstwowe","7":"product_cat-plyty-warstwowe-welna","9":"first","10":"instock","11":"shipping-taxable","12":"product-type-simple"},"acf":[],"_links":{"self":[{"href":"https:\/\/marpanel.pl\/sk\/wp-json\/wp\/v2\/product\/1033","targetHints":{"allow":["GET"]}}],"collection":[{"href":"https:\/\/marpanel.pl\/sk\/wp-json\/wp\/v2\/product"}],"about":[{"href":"https:\/\/marpanel.pl\/sk\/wp-json\/wp\/v2\/types\/product"}],"replies":[{"embeddable":true,"href":"https:\/\/marpanel.pl\/sk\/wp-json\/wp\/v2\/comments?post=1033"}],"wp:featuredmedia":[{"embeddable":true,"href":"https:\/\/marpanel.pl\/sk\/wp-json\/wp\/v2\/media\/1034"}],"wp:attachment":[{"href":"https:\/\/marpanel.pl\/sk\/wp-json\/wp\/v2\/media?parent=1033"}],"wp:term":[{"taxonomy":"product_brand","embeddable":true,"href":"https:\/\/marpanel.pl\/sk\/wp-json\/wp\/v2\/product_brand?post=1033"},{"taxonomy":"product_cat","embeddable":true,"href":"https:\/\/marpanel.pl\/sk\/wp-json\/wp\/v2\/product_cat?post=1033"},{"taxonomy":"product_tag","embeddable":true,"href":"https:\/\/marpanel.pl\/sk\/wp-json\/wp\/v2\/product_tag?post=1033"}],"curies":[{"name":"wp","href":"https:\/\/api.w.org\/{rel}","templated":true}]}}