{"id":1035,"date":"2024-08-30T10:34:15","date_gmt":"2024-08-30T08:34:15","guid":{"rendered":"https:\/\/marpanel.pl\/?post_type=product&#038;p=1035"},"modified":"2025-06-01T02:04:09","modified_gmt":"2025-06-01T00:04:09","slug":"plyta-warstwowa-gs-mw-s","status":"publish","type":"product","link":"https:\/\/marpanel.pl\/sk\/plyta\/plyta-warstwowa-gs-mw-s\/","title":{"rendered":"Sendvi\u010dov\u00fd panel GS MW S"},"content":{"rendered":"<p>Sendvi\u010dov\u00e9 panely GS MW S s vidite\u013en\u00fdm upevnen\u00edm s\u00fa \u0161pecializovan\u00fdm rie\u0161en\u00edm na realiz\u00e1ciu vonkaj\u0161\u00edch a vn\u00fatorn\u00fdch stien v r\u00e1mov\u00fdch kon\u0161trukci\u00e1ch. Vyzna\u010duj\u00fa sa odoln\u00fdm opl\u00e1\u0161ten\u00edm z oce\u013eov\u00e9ho plechu obojstranne pozinkovan\u00e9ho v s\u00falade s normou EN 10346 a potiahnut\u00e9ho organick\u00fdm polyesterov\u00fdm lakom s hr\u00fabkou vrstvy 25 \u03bcm, ktor\u00fd zabezpe\u010duje odolnos\u0165 proti kor\u00f3zii a estetick\u00fd vzh\u013ead. V\u010faka mo\u017enosti vertik\u00e1lnej aj horizont\u00e1lnej in\u0161tal\u00e1cie pon\u00fakaj\u00fa panely ve\u013ek\u00fa flexibilitu pri navrhovan\u00ed stien. Panely GS MW S zaru\u010duj\u00fa najvy\u0161\u0161iu \u00farove\u0148 protipo\u017eiarnej ochrany a vynikaj\u00facu zvukov\u00fa izol\u00e1ciu, v\u010faka \u010domu s\u00fa ide\u00e1lnou vo\u013ebou pre budovy vy\u017eaduj\u00face vysok\u00fd \u0161tandard bezpe\u010dnosti a akustick\u00e9ho komfortu.<\/p>\n<p>1. profilovanie plechov\u00e9ho obkladu rob\u00ed steny estetick\u00fdmi<br \/>\nVe\u013ek\u00fd polomer profilu z\u00e1mku na zabezpe\u010denie integrity laku<br \/>\n3. dvojit\u00e9 uzamykanie panelov, ktor\u00e9 zaru\u010duje vysok\u00e9 protipo\u017eiarne vlastnosti<br \/>\n4. jadro z tvrdej miner\u00e1lnej vlny s ve\u013emi dobrou po\u017eiarnou odolnos\u0165ou a zvukovou izol\u00e1ciou<\/p>","protected":false},"excerpt":{"rendered":"<p>Panely GS MW S s vidite\u013en\u00fdm upevnen\u00edm s\u00fa ur\u010den\u00e9 na v\u00fdstavbu vonkaj\u0161\u00edch a vn\u00fatorn\u00fdch stien na r\u00e1movej kon\u0161trukcii. S\u00fa vybaven\u00e9 pozinkovan\u00fdm oce\u013eov\u00fdm plechom a natret\u00e9 25 \u03bcm polyesterov\u00fdm lakom, poskytuj\u00fa vynikaj\u00facu protipo\u017eiarnu ochranu a vysok\u00fa zvukov\u00fa izol\u00e1ciu. Mo\u017eno ich in\u0161talova\u0165 vertik\u00e1lne aj horizont\u00e1lne.<\/p>","protected":false},"featured_media":1036,"comment_status":"open","ping_status":"closed","template":"","meta":{"_acf_changed":false},"product_brand":[],"product_cat":[27,34],"product_tag":[],"class_list":{"0":"post-1035","1":"product","2":"type-product","3":"status-publish","4":"has-post-thumbnail","6":"product_cat-plyty-warstwowe","7":"product_cat-plyty-warstwowe-welna","9":"first","10":"instock","11":"shipping-taxable","12":"product-type-simple"},"acf":[],"_links":{"self":[{"href":"https:\/\/marpanel.pl\/sk\/wp-json\/wp\/v2\/product\/1035","targetHints":{"allow":["GET"]}}],"collection":[{"href":"https:\/\/marpanel.pl\/sk\/wp-json\/wp\/v2\/product"}],"about":[{"href":"https:\/\/marpanel.pl\/sk\/wp-json\/wp\/v2\/types\/product"}],"replies":[{"embeddable":true,"href":"https:\/\/marpanel.pl\/sk\/wp-json\/wp\/v2\/comments?post=1035"}],"wp:featuredmedia":[{"embeddable":true,"href":"https:\/\/marpanel.pl\/sk\/wp-json\/wp\/v2\/media\/1036"}],"wp:attachment":[{"href":"https:\/\/marpanel.pl\/sk\/wp-json\/wp\/v2\/media?parent=1035"}],"wp:term":[{"taxonomy":"product_brand","embeddable":true,"href":"https:\/\/marpanel.pl\/sk\/wp-json\/wp\/v2\/product_brand?post=1035"},{"taxonomy":"product_cat","embeddable":true,"href":"https:\/\/marpanel.pl\/sk\/wp-json\/wp\/v2\/product_cat?post=1035"},{"taxonomy":"product_tag","embeddable":true,"href":"https:\/\/marpanel.pl\/sk\/wp-json\/wp\/v2\/product_tag?post=1035"}],"curies":[{"name":"wp","href":"https:\/\/api.w.org\/{rel}","templated":true}]}}