{"id":1037,"date":"2024-08-30T10:37:31","date_gmt":"2024-08-30T08:37:31","guid":{"rendered":"https:\/\/marpanel.pl\/?post_type=product&#038;p=1037"},"modified":"2024-10-28T20:16:09","modified_gmt":"2024-10-28T19:16:09","slug":"plyta-warstwowa-gs-mw-u","status":"publish","type":"product","link":"https:\/\/marpanel.pl\/sk\/plyta\/plyta-warstwowa-gs-mw-u\/","title":{"rendered":"Sendvi\u010dov\u00fd panel GS MW U"},"content":{"rendered":"<p>Sendvi\u010dov\u00fd panel GS MW U je inovat\u00edvne rie\u0161enie na realiz\u00e1ciu vonkaj\u0161\u00edch a vn\u00fatorn\u00fdch stien na r\u00e1movej kon\u0161trukcii, ktor\u00e9 v\u010faka skryt\u00e9mu upevneniu vynik\u00e1 estetickos\u0165ou a funk\u010dnos\u0165ou. Toto upevnenie nie je vidite\u013en\u00e9 z fas\u00e1dy, \u010do rob\u00ed panely mimoriadne architektonicky atrakt\u00edvnymi. Opl\u00e1\u0161tenie panelov je vyroben\u00e9 z obojstranne pozinkovan\u00e9ho oce\u013eov\u00e9ho plechu v s\u00falade s normou EN 10346 a pokryt\u00e9 25 \u03bcm organick\u00fdm polyesterov\u00fdm lakom, ktor\u00fd zabezpe\u010duje trvanlivos\u0165, odolnos\u0165 proti kor\u00f3zii a estetick\u00fd vzh\u013ead. Panely mo\u017eno in\u0161talova\u0165 vertik\u00e1lne aj horizont\u00e1lne, \u010do zvy\u0161uje ich univerz\u00e1lnos\u0165 v r\u00f4znych stavebn\u00fdch projektoch. Pon\u00fakaj\u00fa vynikaj\u00facu protipo\u017eiarnu ochranu a vynikaj\u00facu zvukov\u00fa izol\u00e1ciu, v\u010faka \u010domu s\u00fa ide\u00e1lnou vo\u013ebou pre budovy vy\u017eaduj\u00face vysok\u00fa \u00farove\u0148 bezpe\u010dnosti a akustick\u00e9ho komfortu.<\/p>\n<p>1. profilovanie plechov\u00e9ho obkladu rob\u00ed steny estetick\u00fdmi<br \/>\n2. skryt\u00fd spojovac\u00ed prvok na dosiahnutie jednotnej\u0161ieho vzh\u013eadu fas\u00e1d<br \/>\nVe\u013ek\u00fd polomer profilu z\u00e1mku na zabezpe\u010denie integrity laku<br \/>\n4. pomocn\u00e1 dr\u00e1\u017eka na u\u013eah\u010denie umiestnenia spojovacieho prvku<br \/>\n5. jadro z tvrdej miner\u00e1lnej vlny s ve\u013emi dobrou po\u017eiarnou odolnos\u0165ou a zvukovou izol\u00e1ciou<\/p>","protected":false},"excerpt":{"rendered":"<p>Stenov\u00e9 panely GS MW U s\u00fa ur\u010den\u00e9 na v\u00fdstavbu vonkaj\u0161\u00edch a vn\u00fatorn\u00fdch stien v r\u00e1mov\u00fdch kon\u0161trukci\u00e1ch. V\u010faka skryt\u00e9mu upevneniu, ktor\u00e9 je z fas\u00e1dy nevidite\u013en\u00e9, pon\u00fakaj\u00fa panely estetick\u00fd a funk\u010dn\u00fd vzh\u013ead. S\u00fa vybaven\u00e9 pozinkovan\u00fdm oce\u013eov\u00fdm plechom s 25 \u03bcm organick\u00fdm polyesterov\u00fdm lakom a pon\u00fakaj\u00fa vynikaj\u00facu protipo\u017eiarnu ochranu a vysok\u00fa zvukov\u00fa izol\u00e1ciu. Mo\u017eno ich in\u0161talova\u0165 vertik\u00e1lne aj horizont\u00e1lne.<\/p>","protected":false},"featured_media":1038,"comment_status":"open","ping_status":"closed","template":"","meta":{"_acf_changed":false},"product_brand":[],"product_cat":[27,34],"product_tag":[],"class_list":{"0":"post-1037","1":"product","2":"type-product","3":"status-publish","4":"has-post-thumbnail","6":"product_cat-plyty-warstwowe","7":"product_cat-plyty-warstwowe-welna","9":"first","10":"instock","11":"shipping-taxable","12":"product-type-simple"},"acf":[],"_links":{"self":[{"href":"https:\/\/marpanel.pl\/sk\/wp-json\/wp\/v2\/product\/1037","targetHints":{"allow":["GET"]}}],"collection":[{"href":"https:\/\/marpanel.pl\/sk\/wp-json\/wp\/v2\/product"}],"about":[{"href":"https:\/\/marpanel.pl\/sk\/wp-json\/wp\/v2\/types\/product"}],"replies":[{"embeddable":true,"href":"https:\/\/marpanel.pl\/sk\/wp-json\/wp\/v2\/comments?post=1037"}],"wp:featuredmedia":[{"embeddable":true,"href":"https:\/\/marpanel.pl\/sk\/wp-json\/wp\/v2\/media\/1038"}],"wp:attachment":[{"href":"https:\/\/marpanel.pl\/sk\/wp-json\/wp\/v2\/media?parent=1037"}],"wp:term":[{"taxonomy":"product_brand","embeddable":true,"href":"https:\/\/marpanel.pl\/sk\/wp-json\/wp\/v2\/product_brand?post=1037"},{"taxonomy":"product_cat","embeddable":true,"href":"https:\/\/marpanel.pl\/sk\/wp-json\/wp\/v2\/product_cat?post=1037"},{"taxonomy":"product_tag","embeddable":true,"href":"https:\/\/marpanel.pl\/sk\/wp-json\/wp\/v2\/product_tag?post=1037"}],"curies":[{"name":"wp","href":"https:\/\/api.w.org\/{rel}","templated":true}]}}