{"id":1039,"date":"2024-08-30T10:41:41","date_gmt":"2024-08-30T08:41:41","guid":{"rendered":"https:\/\/marpanel.pl\/?post_type=product&#038;p=1039"},"modified":"2024-10-28T20:13:12","modified_gmt":"2024-10-28T19:13:12","slug":"plyta-warstwowa-gs-mw-ch","status":"publish","type":"product","link":"https:\/\/marpanel.pl\/sk\/plyta\/plyta-warstwowa-gs-mw-ch\/","title":{"rendered":"Sendvi\u010dov\u00fd panel GS MW CH"},"content":{"rendered":"<p>Sendvi\u010dov\u00e9 panely GS MW CH s vidite\u013en\u00fdm upevnen\u00edm s\u00fa ur\u010den\u00e9 na v\u00fdstavbu vonkaj\u0161\u00edch a vn\u00fatorn\u00fdch stien v r\u00e1mov\u00fdch kon\u0161trukci\u00e1ch. V\u010faka pozinkovan\u00e9mu oce\u013eov\u00e9mu plechu v s\u00falade s normou EN 10346 a povrchovej \u00faprave 25 \u03bcm organick\u00fdm polyesterov\u00fdm lakom poskytuj\u00fa vynikaj\u00facu protipo\u017eiarnu ochranu a vysok\u00fa zvukov\u00fa izol\u00e1ciu. Mo\u017eno ich in\u0161talova\u0165 vertik\u00e1lne aj horizont\u00e1lne.<\/p>\n<p>1. profilovanie plechov\u00e9ho obkladu rob\u00ed steny estetick\u00fdmi<br \/>\nVe\u013ek\u00fd polomer profilu z\u00e1mku na zabezpe\u010denie integrity laku<br \/>\n3. dvojit\u00e9 uzamykanie panelov, ktor\u00e9 zaru\u010duje vysok\u00e9 protipo\u017eiarne vlastnosti<br \/>\n4. jadro z tvrdej miner\u00e1lnej vlny s ve\u013emi dobrou po\u017eiarnou odolnos\u0165ou a zvukovou izol\u00e1ciou<\/p>","protected":false},"excerpt":{"rendered":"<p>Stenov\u00e9 panely GS MW CH, vybaven\u00e9 vidite\u013en\u00fdm upevnen\u00edm, s\u00fa ur\u010den\u00e9 na v\u00fdstavbu vonkaj\u0161\u00edch a vn\u00fatorn\u00fdch stien v r\u00e1mov\u00fdch kon\u0161truk\u010dn\u00fdch syst\u00e9moch. Vyzna\u010duj\u00fa sa vysokou funk\u010dnos\u0165ou a estetikou v\u010faka pou\u017eitiu obojstranne pozinkovan\u00fdch oce\u013eov\u00fdch plechov v s\u00falade s normou EN 10346 a potiahnut\u00fdch organick\u00fdm polyesterov\u00fdm lakom s hr\u00fabkou 25 \u03bcm, ktor\u00fd zabezpe\u010duje trvanlivos\u0165 a odolnos\u0165 proti kor\u00f3zii. Panely mo\u017eno in\u0161talova\u0165 vertik\u00e1lne aj horizont\u00e1lne, \u010do umo\u017e\u0148uje flexibilitu pri navrhovan\u00ed. GS MW CH zaru\u010duj\u00fa vynikaj\u00facu protipo\u017eiarnu ochranu a vynikaj\u00facu zvukov\u00fa izol\u00e1ciu, \u010do z nich rob\u00ed ide\u00e1lne rie\u0161enie pre budovy, kde je d\u00f4le\u017eit\u00e1 bezpe\u010dnos\u0165 aj akustick\u00fd komfort.<\/p>","protected":false},"featured_media":1040,"comment_status":"open","ping_status":"closed","template":"","meta":{"_acf_changed":false},"product_brand":[],"product_cat":[27,34],"product_tag":[],"class_list":{"0":"post-1039","1":"product","2":"type-product","3":"status-publish","4":"has-post-thumbnail","6":"product_cat-plyty-warstwowe","7":"product_cat-plyty-warstwowe-welna","9":"first","10":"instock","11":"shipping-taxable","12":"product-type-simple"},"acf":[],"_links":{"self":[{"href":"https:\/\/marpanel.pl\/sk\/wp-json\/wp\/v2\/product\/1039","targetHints":{"allow":["GET"]}}],"collection":[{"href":"https:\/\/marpanel.pl\/sk\/wp-json\/wp\/v2\/product"}],"about":[{"href":"https:\/\/marpanel.pl\/sk\/wp-json\/wp\/v2\/types\/product"}],"replies":[{"embeddable":true,"href":"https:\/\/marpanel.pl\/sk\/wp-json\/wp\/v2\/comments?post=1039"}],"wp:featuredmedia":[{"embeddable":true,"href":"https:\/\/marpanel.pl\/sk\/wp-json\/wp\/v2\/media\/1040"}],"wp:attachment":[{"href":"https:\/\/marpanel.pl\/sk\/wp-json\/wp\/v2\/media?parent=1039"}],"wp:term":[{"taxonomy":"product_brand","embeddable":true,"href":"https:\/\/marpanel.pl\/sk\/wp-json\/wp\/v2\/product_brand?post=1039"},{"taxonomy":"product_cat","embeddable":true,"href":"https:\/\/marpanel.pl\/sk\/wp-json\/wp\/v2\/product_cat?post=1039"},{"taxonomy":"product_tag","embeddable":true,"href":"https:\/\/marpanel.pl\/sk\/wp-json\/wp\/v2\/product_tag?post=1039"}],"curies":[{"name":"wp","href":"https:\/\/api.w.org\/{rel}","templated":true}]}}