{"id":897,"date":"2024-08-29T14:36:33","date_gmt":"2024-08-29T12:36:33","guid":{"rendered":"https:\/\/marpanel.pl\/?post_type=product&#038;p=897"},"modified":"2024-10-29T07:57:26","modified_gmt":"2024-10-29T06:57:26","slug":"plyta-izolacyjna-termpir-max-19-al","status":"publish","type":"product","link":"https:\/\/marpanel.pl\/sk\/plyta\/plyta-izolacyjna-termpir-max-19-al\/","title":{"rendered":"Izola\u010dn\u00e1 doska termPIR\u00ae MAX 19 AL"},"content":{"rendered":"<p>Bezkonkuren\u010dn\u00e9 rie\u0161enie na zv\u00fd\u0161enie energetickej \u00fa\u010dinnosti va\u0161ej budovy! Izola\u010dn\u00e1 doska termPIR\u00ae MAX 19 AL pozost\u00e1va z tepelnoizola\u010dn\u00e9ho jadra z tuhej PIR peny, ktor\u00e1 m\u00e1 v\u00fdnimo\u010dne n\u00edzky s\u00fa\u010dinite\u013e tepelnej vodivosti 0,019 [W\/m-K]. V\u010faka tomu dosky poskytuj\u00fa vynikaj\u00facu tepeln\u00fa izol\u00e1ciu, \u010do sa premieta do v\u00fdrazn\u00fdch \u00faspor energie v budov\u00e1ch. Panely s\u00fa z oboch str\u00e1n chr\u00e1nen\u00e9 vrstven\u00fdm plynotesn\u00fdm oblo\u017een\u00edm pozost\u00e1vaj\u00facim z hlin\u00edka (AL), papiera a polyetyl\u00e9nu, \u010do \u010falej zvy\u0161uje ich \u017eivotnos\u0165 a odolnos\u0165 vo\u010di vlhkosti a mechanick\u00e9mu po\u0161kodeniu. Je to ide\u00e1lne rie\u0161enie pre ka\u017ed\u00e9ho, kto h\u013ead\u00e1 \u00fa\u010dinn\u00fa a kvalitn\u00fa tepeln\u00fa izol\u00e1ciu.<\/p>","protected":false},"excerpt":{"rendered":"<p>Bezkonkuren\u010dn\u00e9 rie\u0161enie na zv\u00fd\u0161enie energetickej \u00fa\u010dinnosti va\u0161ej budovy! Izola\u010dn\u00e9 dosky TermPIR\u00ae MAX19 AL s jadrom z PIR peny so s\u00fa\u010dinite\u013eom tepelnej vodivosti 0,019 [W\/m-K], chr\u00e1nen\u00e9 z oboch str\u00e1n plynotesn\u00fdm hlin\u00edkov\u00fdm, papierov\u00fdm a polyetyl\u00e9nov\u00fdm obkladom.<\/p>","protected":false},"featured_media":898,"comment_status":"open","ping_status":"closed","template":"","meta":{"_acf_changed":false},"product_brand":[],"product_cat":[35],"product_tag":[],"class_list":{"0":"post-897","1":"product","2":"type-product","3":"status-publish","4":"has-post-thumbnail","6":"product_cat-plyty-izolacyjne","8":"first","9":"instock","10":"shipping-taxable","11":"product-type-simple"},"acf":[],"_links":{"self":[{"href":"https:\/\/marpanel.pl\/sk\/wp-json\/wp\/v2\/product\/897","targetHints":{"allow":["GET"]}}],"collection":[{"href":"https:\/\/marpanel.pl\/sk\/wp-json\/wp\/v2\/product"}],"about":[{"href":"https:\/\/marpanel.pl\/sk\/wp-json\/wp\/v2\/types\/product"}],"replies":[{"embeddable":true,"href":"https:\/\/marpanel.pl\/sk\/wp-json\/wp\/v2\/comments?post=897"}],"wp:featuredmedia":[{"embeddable":true,"href":"https:\/\/marpanel.pl\/sk\/wp-json\/wp\/v2\/media\/898"}],"wp:attachment":[{"href":"https:\/\/marpanel.pl\/sk\/wp-json\/wp\/v2\/media?parent=897"}],"wp:term":[{"taxonomy":"product_brand","embeddable":true,"href":"https:\/\/marpanel.pl\/sk\/wp-json\/wp\/v2\/product_brand?post=897"},{"taxonomy":"product_cat","embeddable":true,"href":"https:\/\/marpanel.pl\/sk\/wp-json\/wp\/v2\/product_cat?post=897"},{"taxonomy":"product_tag","embeddable":true,"href":"https:\/\/marpanel.pl\/sk\/wp-json\/wp\/v2\/product_tag?post=897"}],"curies":[{"name":"wp","href":"https:\/\/api.w.org\/{rel}","templated":true}]}}