{"id":905,"date":"2024-08-29T14:40:27","date_gmt":"2024-08-29T12:40:27","guid":{"rendered":"https:\/\/marpanel.pl\/?post_type=product&#038;p=905"},"modified":"2025-04-10T22:11:42","modified_gmt":"2025-04-10T20:11:42","slug":"plyta-izolacyjna-pir-termpir-pro-f","status":"publish","type":"product","link":"https:\/\/marpanel.pl\/sk\/plyta\/plyta-izolacyjna-pir-termpir-pro-f\/","title":{"rendered":"Izola\u010dn\u00e1 doska PIR termPIR\u00ae Pro-F"},"content":{"rendered":"<p>Izola\u010dn\u00e1 doska PIR termPIR\u00ae Pro-F je ide\u00e1lnym rie\u0161en\u00edm na zv\u00fd\u0161enie energetickej \u00fa\u010dinnosti budov. Pozost\u00e1vaj\u00fa z tepelnoizola\u010dn\u00e9ho jadra z tuhej polyizokyanur\u00e1tovej (PIR) peny, ktor\u00e1 poskytuje vynikaj\u00face izola\u010dn\u00e9 vlastnosti a trvanlivos\u0165. Na \u010fal\u0161ie zv\u00fd\u0161enie ochrany pred vonkaj\u0161\u00edmi vplyvmi s\u00fa dosky termPIR\u00ae Pro-F z oboch str\u00e1n chr\u00e1nen\u00e9 plynotesn\u00fdm obkladom, ktor\u00fd pozost\u00e1va z hlin\u00edka, papiera a polyetyl\u00e9nu. T\u00e1to kon\u0161trukcia nielen\u017ee zlep\u0161uje izola\u010dn\u00fa \u00fa\u010dinnos\u0165, ale poskytuje aj dlhodob\u00fa ochranu proti vlhkosti, mechanick\u00e9mu po\u0161kodeniu a in\u00fdm \u0161kodliv\u00fdm faktorom, v\u010faka \u010domu je termPIR\u00ae Pro-F spo\u013eahlivou vo\u013ebou pre modern\u00e9 a energeticky \u00fasporn\u00e9 budovy.<\/p>","protected":false},"excerpt":{"rendered":"<p>Izola\u010dn\u00e9 dosky termPIR\u00ae Pro-F pozost\u00e1vaj\u00fa z tepelnoizola\u010dn\u00e9ho jadra z tuhej PIR peny. Dosky s\u00fa z oboch str\u00e1n chr\u00e1nen\u00e9 vrstven\u00fdm plynotesn\u00fdm oblo\u017een\u00edm z hlin\u00edka, papiera a polyetyl\u00e9nu.<\/p>","protected":false},"featured_media":896,"comment_status":"open","ping_status":"closed","template":"","meta":{"_acf_changed":false},"product_brand":[],"product_cat":[35],"product_tag":[],"class_list":{"0":"post-905","1":"product","2":"type-product","3":"status-publish","4":"has-post-thumbnail","6":"product_cat-plyty-izolacyjne","8":"first","9":"instock","10":"shipping-taxable","11":"product-type-simple"},"acf":[],"_links":{"self":[{"href":"https:\/\/marpanel.pl\/sk\/wp-json\/wp\/v2\/product\/905","targetHints":{"allow":["GET"]}}],"collection":[{"href":"https:\/\/marpanel.pl\/sk\/wp-json\/wp\/v2\/product"}],"about":[{"href":"https:\/\/marpanel.pl\/sk\/wp-json\/wp\/v2\/types\/product"}],"replies":[{"embeddable":true,"href":"https:\/\/marpanel.pl\/sk\/wp-json\/wp\/v2\/comments?post=905"}],"wp:featuredmedia":[{"embeddable":true,"href":"https:\/\/marpanel.pl\/sk\/wp-json\/wp\/v2\/media\/896"}],"wp:attachment":[{"href":"https:\/\/marpanel.pl\/sk\/wp-json\/wp\/v2\/media?parent=905"}],"wp:term":[{"taxonomy":"product_brand","embeddable":true,"href":"https:\/\/marpanel.pl\/sk\/wp-json\/wp\/v2\/product_brand?post=905"},{"taxonomy":"product_cat","embeddable":true,"href":"https:\/\/marpanel.pl\/sk\/wp-json\/wp\/v2\/product_cat?post=905"},{"taxonomy":"product_tag","embeddable":true,"href":"https:\/\/marpanel.pl\/sk\/wp-json\/wp\/v2\/product_tag?post=905"}],"curies":[{"name":"wp","href":"https:\/\/api.w.org\/{rel}","templated":true}]}}