{"id":913,"date":"2024-08-29T14:48:45","date_gmt":"2024-08-29T12:48:45","guid":{"rendered":"https:\/\/marpanel.pl\/?post_type=product&#038;p=913"},"modified":"2024-10-29T07:54:30","modified_gmt":"2024-10-29T06:54:30","slug":"plyta-izolacyjna-pir-termpir-agro-al","status":"publish","type":"product","link":"https:\/\/marpanel.pl\/sk\/plyta\/plyta-izolacyjna-pir-termpir-agro-al\/","title":{"rendered":"Izola\u010dn\u00e1 doska PIR termPIR\u00ae AGRO AL"},"content":{"rendered":"<p>PIR term\u00ednPIR\u00ae AGRO AL izola\u010dn\u00e1 doska je modern\u00e9 rie\u0161enie tepelnej izol\u00e1cie, ktor\u00e9 pozost\u00e1va z jadra z tuhej polyizokyanur\u00e1tovej (PIR) peny. V\u010faka vysokej kvalite jadra maj\u00fa dosky vynikaj\u00face izola\u010dn\u00e9 vlastnosti, \u00fa\u010dinne zni\u017euj\u00fa tepeln\u00e9 straty a zlep\u0161uj\u00fa energetick\u00fa \u00fa\u010dinnos\u0165 budovy.<\/p>\n<p>Panely s\u00fa z oboch str\u00e1n chr\u00e1nen\u00e9 um\u00fdvate\u013en\u00fdm plynotesn\u00fdm oblo\u017een\u00edm, ktor\u00e9 pozost\u00e1va z 50 \u03bcm hrubej hlin\u00edkovej f\u00f3lie (Agro AL). Toto oblo\u017eenie poskytuje nielen dodato\u010dn\u00fa ochranu proti vlhkosti a plynom, ale umo\u017e\u0148uje aj jednoduch\u00e9 \u010distenie. Hlin\u00edkov\u00e1 f\u00f3lia je odoln\u00e1 vo\u010di \u0161irok\u00e9mu spektru chemik\u00e1li\u00ed, v\u010faka \u010domu s\u00fa panely ide\u00e1lne do n\u00e1ro\u010dn\u00fdch podmienok.<\/p>","protected":false},"excerpt":{"rendered":"<p>Izola\u010dn\u00e9 dosky TermPIR\u00ae AGRO AL sa skladaj\u00fa z jadra z tuhej PIR peny a s\u00fa z oboch str\u00e1n chr\u00e1nen\u00e9 um\u00fdvate\u013en\u00fdm oblo\u017een\u00edm z hlin\u00edkovej f\u00f3lie s hr\u00fabkou 50 \u03bcm (Agro AL).<\/p>","protected":false},"featured_media":914,"comment_status":"open","ping_status":"closed","template":"","meta":{"_acf_changed":false},"product_brand":[],"product_cat":[35],"product_tag":[],"class_list":{"0":"post-913","1":"product","2":"type-product","3":"status-publish","4":"has-post-thumbnail","6":"product_cat-plyty-izolacyjne","8":"first","9":"instock","10":"shipping-taxable","11":"product-type-simple"},"acf":[],"_links":{"self":[{"href":"https:\/\/marpanel.pl\/sk\/wp-json\/wp\/v2\/product\/913","targetHints":{"allow":["GET"]}}],"collection":[{"href":"https:\/\/marpanel.pl\/sk\/wp-json\/wp\/v2\/product"}],"about":[{"href":"https:\/\/marpanel.pl\/sk\/wp-json\/wp\/v2\/types\/product"}],"replies":[{"embeddable":true,"href":"https:\/\/marpanel.pl\/sk\/wp-json\/wp\/v2\/comments?post=913"}],"wp:featuredmedia":[{"embeddable":true,"href":"https:\/\/marpanel.pl\/sk\/wp-json\/wp\/v2\/media\/914"}],"wp:attachment":[{"href":"https:\/\/marpanel.pl\/sk\/wp-json\/wp\/v2\/media?parent=913"}],"wp:term":[{"taxonomy":"product_brand","embeddable":true,"href":"https:\/\/marpanel.pl\/sk\/wp-json\/wp\/v2\/product_brand?post=913"},{"taxonomy":"product_cat","embeddable":true,"href":"https:\/\/marpanel.pl\/sk\/wp-json\/wp\/v2\/product_cat?post=913"},{"taxonomy":"product_tag","embeddable":true,"href":"https:\/\/marpanel.pl\/sk\/wp-json\/wp\/v2\/product_tag?post=913"}],"curies":[{"name":"wp","href":"https:\/\/api.w.org\/{rel}","templated":true}]}}