{"id":925,"date":"2024-08-29T15:02:24","date_gmt":"2024-08-29T13:02:24","guid":{"rendered":"https:\/\/marpanel.pl\/?post_type=product&#038;p=925"},"modified":"2024-10-29T07:53:03","modified_gmt":"2024-10-29T06:53:03","slug":"plyta-izolacyjna-pir-termpir-ws","status":"publish","type":"product","link":"https:\/\/marpanel.pl\/sk\/plyta\/plyta-izolacyjna-pir-termpir-ws\/","title":{"rendered":"Izola\u010dn\u00e1 doska PIR termPIR\u00ae WS"},"content":{"rendered":"<p>Izola\u010dn\u00e1 doska PIR termPIR\u00ae WS je ide\u00e1lnym rie\u0161en\u00edm pre t\u00fdch, ktor\u00ed chc\u00fa v\u00fdrazne zv\u00fd\u0161i\u0165 energetick\u00fa \u00fa\u010dinnos\u0165 svojej budovy. Dosky maj\u00fa jadro z tuhej PIR peny, ktor\u00e1 poskytuje vynikaj\u00face tepelnoizola\u010dn\u00e9 vlastnosti. Na oboch stran\u00e1ch s\u00fa chr\u00e1nen\u00e9 obkladom zo sklenen\u00e9ho z\u00e1voja (WS) prep\u00fa\u0161\u0165aj\u00faceho plyny, ktor\u00fd umo\u017e\u0148uje kon\u0161trukcii d\u00fdcha\u0165 a z\u00e1rove\u0148 ju chr\u00e1ni pred vlhkos\u0165ou a poskytuje optim\u00e1lne izola\u010dn\u00e9 podmienky. termPIR\u00ae WS sp\u00e1ja \u00fa\u010dinnos\u0165, odolnos\u0165 a modern\u00e9 technol\u00f3gie, v\u010faka \u010domu je spo\u013eahliv\u00fdm rie\u0161en\u00edm pre n\u00e1ro\u010dn\u00e9 aplik\u00e1cie.<\/p>","protected":false},"excerpt":{"rendered":"<p>Izola\u010dn\u00e9 dosky TermPIR\u00ae WS s\u00fa bezkonkuren\u010dn\u00fdm rie\u0161en\u00edm na zv\u00fd\u0161enie energetickej \u00fa\u010dinnosti va\u0161ej budovy. Obsahuj\u00fa tuh\u00fa PIR penu a s\u00fa chr\u00e1nen\u00e9 obojstrann\u00fdm obkladom zo sklenenej f\u00f3lie prep\u00fa\u0161\u0165aj\u00facej plyny.<\/p>","protected":false},"featured_media":930,"comment_status":"open","ping_status":"closed","template":"","meta":{"_acf_changed":false},"product_brand":[],"product_cat":[35],"product_tag":[],"class_list":{"0":"post-925","1":"product","2":"type-product","3":"status-publish","4":"has-post-thumbnail","6":"product_cat-plyty-izolacyjne","8":"first","9":"instock","10":"shipping-taxable","11":"product-type-simple"},"acf":[],"_links":{"self":[{"href":"https:\/\/marpanel.pl\/sk\/wp-json\/wp\/v2\/product\/925","targetHints":{"allow":["GET"]}}],"collection":[{"href":"https:\/\/marpanel.pl\/sk\/wp-json\/wp\/v2\/product"}],"about":[{"href":"https:\/\/marpanel.pl\/sk\/wp-json\/wp\/v2\/types\/product"}],"replies":[{"embeddable":true,"href":"https:\/\/marpanel.pl\/sk\/wp-json\/wp\/v2\/comments?post=925"}],"wp:featuredmedia":[{"embeddable":true,"href":"https:\/\/marpanel.pl\/sk\/wp-json\/wp\/v2\/media\/930"}],"wp:attachment":[{"href":"https:\/\/marpanel.pl\/sk\/wp-json\/wp\/v2\/media?parent=925"}],"wp:term":[{"taxonomy":"product_brand","embeddable":true,"href":"https:\/\/marpanel.pl\/sk\/wp-json\/wp\/v2\/product_brand?post=925"},{"taxonomy":"product_cat","embeddable":true,"href":"https:\/\/marpanel.pl\/sk\/wp-json\/wp\/v2\/product_cat?post=925"},{"taxonomy":"product_tag","embeddable":true,"href":"https:\/\/marpanel.pl\/sk\/wp-json\/wp\/v2\/product_tag?post=925"}],"curies":[{"name":"wp","href":"https:\/\/api.w.org\/{rel}","templated":true}]}}