{"id":926,"date":"2024-08-29T15:06:29","date_gmt":"2024-08-29T13:06:29","guid":{"rendered":"https:\/\/marpanel.pl\/?post_type=product&#038;p=926"},"modified":"2024-10-29T07:50:12","modified_gmt":"2024-10-29T06:50:12","slug":"plyta-izolacyjna-pir-termpir-al-gk","status":"publish","type":"product","link":"https:\/\/marpanel.pl\/sk\/plyta\/plyta-izolacyjna-pir-termpir-al-gk\/","title":{"rendered":"Izola\u010dn\u00e1 doska PIR termPIR\u00ae AL GK"},"content":{"rendered":"<p>PIR termPIR\u00ae AL GK izola\u010dn\u00e1 doska je inovat\u00edvne rie\u0161enie vytvoren\u00e9 pre vysok\u00fa energetick\u00fa \u00fa\u010dinnos\u0165 a v\u0161estrann\u00e9 pou\u017eitie. Ka\u017ed\u00e1 doska sa sklad\u00e1 z jadra z polyizokyanur\u00e1tovej (PIR) peny, ktor\u00e1 v\u010faka svojmu n\u00edzkemu s\u00fa\u010dinite\u013eu tepelnej vodivosti poskytuje vynikaj\u00face tepelnoizola\u010dn\u00e9 vlastnosti.<\/p>\n<p>Panely s\u00fa z oboch str\u00e1n chr\u00e1nen\u00e9 vrstven\u00fdm obkladom, ktor\u00fd kombinuje papier, hlin\u00edk a sadrokart\u00f3n s hr\u00fabkou 12,5 mm. Hlin\u00edkov\u00e1 vrstva p\u00f4sob\u00ed ako plynotesn\u00e1 bari\u00e9ra, ktor\u00e1 \u00fa\u010dinne zabra\u0148uje tepeln\u00fdm strat\u00e1m a prenikaniu vlhkosti. Papier a hlin\u00edk podporuj\u00fa odolnos\u0165 a stabilitu celej kon\u0161trukcie.<\/p>\n<p>Okrem toho je medzi hlin\u00edkovou doskou a sadrokart\u00f3novou doskou lepiaca vrstva, ktor\u00e1 zabezpe\u010duje pevn\u00e9 a trvanliv\u00e9 spojenie oboch materi\u00e1lov. V\u010faka tejto vrstve sa dosky termPIR\u00ae AL GK \u013eahko in\u0161taluj\u00fa a poskytuj\u00fa dlhodobo \u00fa\u010dinn\u00fa izol\u00e1ciu.<\/p>\n<p>Tieto panely s\u00fa ide\u00e1lne na r\u00f4zne stavebn\u00e9 aplik\u00e1cie, ako s\u00fa vn\u00fatorn\u00e9 steny, stropy alebo obklady. Pon\u00fakaj\u00fa nielen vynikaj\u00face izola\u010dn\u00e9 vlastnosti, ale v\u010faka integrovanej sadrokart\u00f3novej doske aj estetick\u00fd vzh\u013ead, ktor\u00fd prispieva k energetickej \u00fa\u010dinnosti a komfortu v budov\u00e1ch.<\/p>","protected":false},"excerpt":{"rendered":"<p>Izola\u010dn\u00e9 dosky TermPIR\u00ae AL GK predstavuj\u00fa komplexn\u00e9 rie\u0161enie na zv\u00fd\u0161enie energetickej \u00fa\u010dinnosti budov. Dosky pozost\u00e1vaj\u00fa z jadra z PIR peny, ktor\u00e9 je z oboch str\u00e1n pokryt\u00e9 vrstven\u00fdm obkladom z papiera, hlin\u00edka a sadrokart\u00f3nu s hr\u00fabkou 12,5 mm. Okrem toho je medzi hlin\u00edkovou doskou a sadrokart\u00f3novou doskou lepiaca vrstva, ktor\u00e1 zabezpe\u010duje pevn\u00e9 a trvanliv\u00e9 spojenie.<\/p>","protected":false},"featured_media":928,"comment_status":"open","ping_status":"closed","template":"","meta":{"_acf_changed":false},"product_brand":[],"product_cat":[35],"product_tag":[],"class_list":{"0":"post-926","1":"product","2":"type-product","3":"status-publish","4":"has-post-thumbnail","6":"product_cat-plyty-izolacyjne","8":"first","9":"instock","10":"shipping-taxable","11":"product-type-simple"},"acf":[],"_links":{"self":[{"href":"https:\/\/marpanel.pl\/sk\/wp-json\/wp\/v2\/product\/926","targetHints":{"allow":["GET"]}}],"collection":[{"href":"https:\/\/marpanel.pl\/sk\/wp-json\/wp\/v2\/product"}],"about":[{"href":"https:\/\/marpanel.pl\/sk\/wp-json\/wp\/v2\/types\/product"}],"replies":[{"embeddable":true,"href":"https:\/\/marpanel.pl\/sk\/wp-json\/wp\/v2\/comments?post=926"}],"wp:featuredmedia":[{"embeddable":true,"href":"https:\/\/marpanel.pl\/sk\/wp-json\/wp\/v2\/media\/928"}],"wp:attachment":[{"href":"https:\/\/marpanel.pl\/sk\/wp-json\/wp\/v2\/media?parent=926"}],"wp:term":[{"taxonomy":"product_brand","embeddable":true,"href":"https:\/\/marpanel.pl\/sk\/wp-json\/wp\/v2\/product_brand?post=926"},{"taxonomy":"product_cat","embeddable":true,"href":"https:\/\/marpanel.pl\/sk\/wp-json\/wp\/v2\/product_cat?post=926"},{"taxonomy":"product_tag","embeddable":true,"href":"https:\/\/marpanel.pl\/sk\/wp-json\/wp\/v2\/product_tag?post=926"}],"curies":[{"name":"wp","href":"https:\/\/api.w.org\/{rel}","templated":true}]}}