{"id":935,"date":"2024-08-29T15:09:56","date_gmt":"2024-08-29T13:09:56","guid":{"rendered":"https:\/\/marpanel.pl\/?post_type=product&#038;p=935"},"modified":"2024-10-29T07:48:28","modified_gmt":"2024-10-29T06:48:28","slug":"plyta-izolacyjna-pir-termpir-etx","status":"publish","type":"product","link":"https:\/\/marpanel.pl\/sk\/plyta\/plyta-izolacyjna-pir-termpir-etx\/","title":{"rendered":"Izola\u010dn\u00e1 doska PIR termPIR\u00ae ETX"},"content":{"rendered":"<p>Izola\u010dn\u00e1 doska PIR termPIR\u00ae ETX pon\u00faka v\u00fdnimo\u010dn\u00e9 vlastnosti pri zvy\u0161ovan\u00ed energetickej \u00fa\u010dinnosti budov. S\u00fa kon\u0161truovan\u00e9 s tepelnoizola\u010dn\u00fdm jadrom z tuhej PIR peny, ktor\u00e1 poskytuje vynikaj\u00face izola\u010dn\u00e9 vlastnosti. Dosky s\u00fa pokryt\u00e9 plynopriepustn\u00fdm obkladom ETX, \u0161peci\u00e1lne ur\u010den\u00fdm na pou\u017eitie v dvojvrstvov\u00fdch sten\u00e1ch ETICS. Obkladov\u00e1 kon\u0161trukcia, vyroben\u00e1 zo sklenen\u00e9ho z\u00e1voja, poskytuje odolnos\u0165 a optim\u00e1lnu ochranu. Je d\u00f4le\u017eit\u00e9 pam\u00e4ta\u0165 na to, aby sa panely montovali l\u00edcom k stene, \u010do zabra\u0148uje probl\u00e9mom s trvanlivos\u0165ou fas\u00e1dy a zaru\u010duje dlh\u00fa \u017eivotnos\u0165 pou\u017eitej izol\u00e1cie. termPIR\u00ae ETX je modern\u00e9 rie\u0161enie pre n\u00e1ro\u010dn\u00e9 stavebn\u00e9 projekty.<\/p>","protected":false},"excerpt":{"rendered":"<p>Izola\u010dn\u00e9 dosky TermPIR\u00ae ETX s\u00fa bezkonkuren\u010dn\u00fdm rie\u0161en\u00edm na zv\u00fd\u0161enie energetickej \u00fa\u010dinnosti va\u0161ej budovy. S\u00fa vyroben\u00e9 z tuhej PIR peny a pokryt\u00e9 plynopriepustn\u00fdm obkladom ETX, s\u00fa ide\u00e1lne pre dvojvrstvov\u00e9 steny ETICS.<\/p>","protected":false},"featured_media":938,"comment_status":"open","ping_status":"closed","template":"","meta":{"_acf_changed":false},"product_brand":[],"product_cat":[35],"product_tag":[],"class_list":{"0":"post-935","1":"product","2":"type-product","3":"status-publish","4":"has-post-thumbnail","6":"product_cat-plyty-izolacyjne","8":"first","9":"instock","10":"shipping-taxable","11":"product-type-simple"},"acf":[],"_links":{"self":[{"href":"https:\/\/marpanel.pl\/sk\/wp-json\/wp\/v2\/product\/935","targetHints":{"allow":["GET"]}}],"collection":[{"href":"https:\/\/marpanel.pl\/sk\/wp-json\/wp\/v2\/product"}],"about":[{"href":"https:\/\/marpanel.pl\/sk\/wp-json\/wp\/v2\/types\/product"}],"replies":[{"embeddable":true,"href":"https:\/\/marpanel.pl\/sk\/wp-json\/wp\/v2\/comments?post=935"}],"wp:featuredmedia":[{"embeddable":true,"href":"https:\/\/marpanel.pl\/sk\/wp-json\/wp\/v2\/media\/938"}],"wp:attachment":[{"href":"https:\/\/marpanel.pl\/sk\/wp-json\/wp\/v2\/media?parent=935"}],"wp:term":[{"taxonomy":"product_brand","embeddable":true,"href":"https:\/\/marpanel.pl\/sk\/wp-json\/wp\/v2\/product_brand?post=935"},{"taxonomy":"product_cat","embeddable":true,"href":"https:\/\/marpanel.pl\/sk\/wp-json\/wp\/v2\/product_cat?post=935"},{"taxonomy":"product_tag","embeddable":true,"href":"https:\/\/marpanel.pl\/sk\/wp-json\/wp\/v2\/product_tag?post=935"}],"curies":[{"name":"wp","href":"https:\/\/api.w.org\/{rel}","templated":true}]}}