{"id":939,"date":"2024-08-29T15:11:43","date_gmt":"2024-08-29T13:11:43","guid":{"rendered":"https:\/\/marpanel.pl\/?post_type=product&#038;p=939"},"modified":"2024-10-29T07:46:29","modified_gmt":"2024-10-29T06:46:29","slug":"plyta-izolacyjna-pir-termpir-bws","status":"publish","type":"product","link":"https:\/\/marpanel.pl\/sk\/plyta\/plyta-izolacyjna-pir-termpir-bws\/","title":{"rendered":"Izola\u010dn\u00e1 doska PIR termPIR\u00ae BWS"},"content":{"rendered":"<p>Izola\u010dn\u00e1 doska PIR termPIR\u00ae BWS je inovat\u00edvne rie\u0161enie ur\u010den\u00e9 na zv\u00fd\u0161enie energetickej \u00fa\u010dinnosti ka\u017edej budovy. Ich jadro z tuhej PIR peny zaru\u010duje vynikaj\u00face tepelnoizola\u010dn\u00e9 vlastnosti. Dosky s\u00fa z dvoch str\u00e1n chr\u00e1nen\u00e9 \u0161peci\u00e1lnymi plynopriepustn\u00fdmi obkladmi: z jednej strany sklenen\u00fdm z\u00e1vojom (WS), ktor\u00fd poskytuje primeran\u00fa ochranu a odolnos\u0165, a z druhej strany bit\u00famenov\u00fdm sklenen\u00fdm z\u00e1vojom (BT), ktor\u00fd navy\u0161e zvy\u0161uje odolnos\u0165 proti vlhkosti. termPIR\u00ae BWS je ide\u00e1lnym rie\u0161en\u00edm pre budovy, ktor\u00e9 vy\u017eaduj\u00fa \u00fa\u010dinn\u00fa a spo\u013eahliv\u00fa tepeln\u00fa izol\u00e1ciu, poskytuj\u00facu dlhodob\u00fa ochranu pred tepeln\u00fdmi stratami.<\/p>","protected":false},"excerpt":{"rendered":"<p>Izola\u010dn\u00e9 dosky TermPIR\u00ae BWS s\u00fa bezkonkuren\u010dn\u00fdm rie\u0161en\u00edm na zv\u00fd\u0161enie energetickej \u00fa\u010dinnosti va\u0161ej budovy. S\u00fa vyroben\u00e9 z tuhej PIR peny a chr\u00e1nen\u00e9 plynopriepustn\u00fdmi obkladmi: sklenen\u00fdm z\u00e1vojom (WS) na jednej strane a bit\u00famenov\u00fdm sklenen\u00fdm z\u00e1vojom (BT) na druhej strane.<\/p>","protected":false},"featured_media":940,"comment_status":"open","ping_status":"closed","template":"","meta":{"_acf_changed":false},"product_brand":[],"product_cat":[35],"product_tag":[],"class_list":{"0":"post-939","1":"product","2":"type-product","3":"status-publish","4":"has-post-thumbnail","6":"product_cat-plyty-izolacyjne","8":"first","9":"instock","10":"shipping-taxable","11":"product-type-simple"},"acf":[],"_links":{"self":[{"href":"https:\/\/marpanel.pl\/sk\/wp-json\/wp\/v2\/product\/939","targetHints":{"allow":["GET"]}}],"collection":[{"href":"https:\/\/marpanel.pl\/sk\/wp-json\/wp\/v2\/product"}],"about":[{"href":"https:\/\/marpanel.pl\/sk\/wp-json\/wp\/v2\/types\/product"}],"replies":[{"embeddable":true,"href":"https:\/\/marpanel.pl\/sk\/wp-json\/wp\/v2\/comments?post=939"}],"wp:featuredmedia":[{"embeddable":true,"href":"https:\/\/marpanel.pl\/sk\/wp-json\/wp\/v2\/media\/940"}],"wp:attachment":[{"href":"https:\/\/marpanel.pl\/sk\/wp-json\/wp\/v2\/media?parent=939"}],"wp:term":[{"taxonomy":"product_brand","embeddable":true,"href":"https:\/\/marpanel.pl\/sk\/wp-json\/wp\/v2\/product_brand?post=939"},{"taxonomy":"product_cat","embeddable":true,"href":"https:\/\/marpanel.pl\/sk\/wp-json\/wp\/v2\/product_cat?post=939"},{"taxonomy":"product_tag","embeddable":true,"href":"https:\/\/marpanel.pl\/sk\/wp-json\/wp\/v2\/product_tag?post=939"}],"curies":[{"name":"wp","href":"https:\/\/api.w.org\/{rel}","templated":true}]}}