{"id":942,"date":"2024-08-29T15:12:51","date_gmt":"2024-08-29T13:12:51","guid":{"rendered":"https:\/\/marpanel.pl\/?post_type=product&#038;p=942"},"modified":"2024-10-29T07:44:51","modified_gmt":"2024-10-29T06:44:51","slug":"plyta-izolacyjna-pir-termpir-agro-p-rev","status":"publish","type":"product","link":"https:\/\/marpanel.pl\/sk\/plyta\/plyta-izolacyjna-pir-termpir-agro-p-rev\/","title":{"rendered":"Izola\u010dn\u00e1 doska PIR termPIR\u00ae AGRO P REV"},"content":{"rendered":"<p>PIR termPIR\u00ae AGRO P REV izola\u010dn\u00e1 doska je modern\u00e9 a \u00fa\u010dinn\u00e9 rie\u0161enie, ktor\u00e9 v\u00fdrazne zvy\u0161uje energetick\u00fa \u00fa\u010dinnos\u0165 budov. Dosky sa skladaj\u00fa z tepelnoizola\u010dn\u00e9ho jadra z tuhej PIR peny, ktor\u00e1 poskytuje vynikaj\u00face izola\u010dn\u00e9 vlastnosti. Z oboch str\u00e1n s\u00fa chr\u00e1nen\u00e9 plynotesn\u00fdm sendvi\u010dov\u00fdm opl\u00e1\u0161ten\u00edm pozost\u00e1vaj\u00facim z lamin\u00e1tu hlin\u00edka a polyetyl\u00e9nu (Agro P), pri\u010dom hlin\u00edkov\u00e1 vrstva smeruje dovn\u00fatra k jadru PIR. V\u010faka tomuto rie\u0161eniu s\u00fa dosky termPIR\u00ae AGRO P REV ide\u00e1lne vhodn\u00e9 na kontakt s materi\u00e1lmi, ktor\u00e9 m\u00f4\u017eu reagova\u0165 s hlin\u00edkom, a pon\u00fakaj\u00fa odolnos\u0165 a spo\u013eahlivos\u0165 v n\u00e1ro\u010dn\u00fdch podmienkach. Zistite viac o tomto inovat\u00edvnom rie\u0161en\u00ed a o tom, ako m\u00f4\u017ee zlep\u0161i\u0165 energetick\u00fa \u00fa\u010dinnos\u0165 v\u00e1\u0161ho projektu.<\/p>","protected":false},"excerpt":{"rendered":"<p>Izola\u010dn\u00e9 dosky TermPIR\u00ae AGRO P REV s\u00fa bezkonkuren\u010dn\u00fdm rie\u0161en\u00edm na zv\u00fd\u0161enie energetickej \u00fa\u010dinnosti va\u0161ej budovy. V\u010faka jadru z tuhej PIR peny a vrstven\u00e9mu hlin\u00edkov\u00e9mu a polyetyl\u00e9nov\u00e9mu plynotesn\u00e9mu pl\u00e1\u0161\u0165u s\u00fa dosky ide\u00e1lne na kontakt s hlin\u00edkov\u00fdmi reakt\u00edvnymi materi\u00e1lmi.<\/p>","protected":false},"featured_media":944,"comment_status":"open","ping_status":"closed","template":"","meta":{"_acf_changed":false},"product_brand":[],"product_cat":[35],"product_tag":[],"class_list":{"0":"post-942","1":"product","2":"type-product","3":"status-publish","4":"has-post-thumbnail","6":"product_cat-plyty-izolacyjne","8":"first","9":"instock","10":"shipping-taxable","11":"product-type-simple"},"acf":[],"_links":{"self":[{"href":"https:\/\/marpanel.pl\/sk\/wp-json\/wp\/v2\/product\/942","targetHints":{"allow":["GET"]}}],"collection":[{"href":"https:\/\/marpanel.pl\/sk\/wp-json\/wp\/v2\/product"}],"about":[{"href":"https:\/\/marpanel.pl\/sk\/wp-json\/wp\/v2\/types\/product"}],"replies":[{"embeddable":true,"href":"https:\/\/marpanel.pl\/sk\/wp-json\/wp\/v2\/comments?post=942"}],"wp:featuredmedia":[{"embeddable":true,"href":"https:\/\/marpanel.pl\/sk\/wp-json\/wp\/v2\/media\/944"}],"wp:attachment":[{"href":"https:\/\/marpanel.pl\/sk\/wp-json\/wp\/v2\/media?parent=942"}],"wp:term":[{"taxonomy":"product_brand","embeddable":true,"href":"https:\/\/marpanel.pl\/sk\/wp-json\/wp\/v2\/product_brand?post=942"},{"taxonomy":"product_cat","embeddable":true,"href":"https:\/\/marpanel.pl\/sk\/wp-json\/wp\/v2\/product_cat?post=942"},{"taxonomy":"product_tag","embeddable":true,"href":"https:\/\/marpanel.pl\/sk\/wp-json\/wp\/v2\/product_tag?post=942"}],"curies":[{"name":"wp","href":"https:\/\/api.w.org\/{rel}","templated":true}]}}