{"id":945,"date":"2024-08-29T15:14:09","date_gmt":"2024-08-29T13:14:09","guid":{"rendered":"https:\/\/marpanel.pl\/?post_type=product&#038;p=945"},"modified":"2024-10-29T07:42:28","modified_gmt":"2024-10-29T06:42:28","slug":"plyta-izolacyjna-izoproof","status":"publish","type":"product","link":"https:\/\/marpanel.pl\/sk\/plyta\/plyta-izolacyjna-izoproof\/","title":{"rendered":"Izola\u010dn\u00e1 doska IZOPROOF"},"content":{"rendered":"<p>Izola\u010dn\u00e9 dosky IZOPROOF s\u00fa vynikaj\u00facou vo\u013ebou pre t\u00fdch, ktor\u00ed chc\u00fa zv\u00fd\u0161i\u0165 energetick\u00fa \u00fa\u010dinnos\u0165 svojej budovy. Tieto dosky s\u00fa vyroben\u00e9 z vysoko kvalitnej tuhej PIR peny a maj\u00fa vynikaj\u00face tepelnoizola\u010dn\u00e9 vlastnosti. Z oboch str\u00e1n s\u00fa chr\u00e1nen\u00e9 pokro\u010dil\u00fdm vrstven\u00fdm plynotesn\u00fdm opl\u00e1\u0161ten\u00edm, ktor\u00e9 pozost\u00e1va z hlin\u00edka, papiera a polyetyl\u00e9nu. Toto rie\u0161enie zaru\u010duje nielen \u00fa\u010dinn\u00fa ochranu pred tepeln\u00fdmi stratami, ale aj trvanlivos\u0165 a odolnos\u0165 vo\u010di vonkaj\u0161\u00edm vplyvom. IZOPROOF je ide\u00e1lnym rie\u0161en\u00edm pre modern\u00e9 stavebn\u00e9 projekty, pri ktor\u00fdch je energetick\u00e1 \u00fa\u010dinnos\u0165 rozhoduj\u00faca.<\/p>","protected":false},"excerpt":{"rendered":"<p>Izola\u010dn\u00e9 dosky IZOPROOF s\u00fa bezkonkuren\u010dn\u00fdm rie\u0161en\u00edm na zv\u00fd\u0161enie energetickej \u00fa\u010dinnosti va\u0161ej budovy. S\u00fa vyroben\u00e9 z tuhej PIR peny a na oboch stran\u00e1ch s\u00fa chr\u00e1nen\u00e9 plynotesn\u00fdm obkladom z hlin\u00edka, papiera a polyetyl\u00e9nu.<\/p>","protected":false},"featured_media":946,"comment_status":"open","ping_status":"closed","template":"","meta":{"_acf_changed":false},"product_brand":[],"product_cat":[35],"product_tag":[],"class_list":{"0":"post-945","1":"product","2":"type-product","3":"status-publish","4":"has-post-thumbnail","6":"product_cat-plyty-izolacyjne","8":"first","9":"instock","10":"shipping-taxable","11":"product-type-simple"},"acf":[],"_links":{"self":[{"href":"https:\/\/marpanel.pl\/sk\/wp-json\/wp\/v2\/product\/945","targetHints":{"allow":["GET"]}}],"collection":[{"href":"https:\/\/marpanel.pl\/sk\/wp-json\/wp\/v2\/product"}],"about":[{"href":"https:\/\/marpanel.pl\/sk\/wp-json\/wp\/v2\/types\/product"}],"replies":[{"embeddable":true,"href":"https:\/\/marpanel.pl\/sk\/wp-json\/wp\/v2\/comments?post=945"}],"wp:featuredmedia":[{"embeddable":true,"href":"https:\/\/marpanel.pl\/sk\/wp-json\/wp\/v2\/media\/946"}],"wp:attachment":[{"href":"https:\/\/marpanel.pl\/sk\/wp-json\/wp\/v2\/media?parent=945"}],"wp:term":[{"taxonomy":"product_brand","embeddable":true,"href":"https:\/\/marpanel.pl\/sk\/wp-json\/wp\/v2\/product_brand?post=945"},{"taxonomy":"product_cat","embeddable":true,"href":"https:\/\/marpanel.pl\/sk\/wp-json\/wp\/v2\/product_cat?post=945"},{"taxonomy":"product_tag","embeddable":true,"href":"https:\/\/marpanel.pl\/sk\/wp-json\/wp\/v2\/product_tag?post=945"}],"curies":[{"name":"wp","href":"https:\/\/api.w.org\/{rel}","templated":true}]}}