{"id":947,"date":"2024-08-29T15:15:10","date_gmt":"2024-08-29T13:15:10","guid":{"rendered":"https:\/\/marpanel.pl\/?post_type=product&#038;p=947"},"modified":"2024-10-29T07:41:22","modified_gmt":"2024-10-29T06:41:22","slug":"plyta-izolacyjna-pir-termpir-al-osb","status":"publish","type":"product","link":"https:\/\/marpanel.pl\/sk\/plyta\/plyta-izolacyjna-pir-termpir-al-osb\/","title":{"rendered":"Izola\u010dn\u00e1 doska PIR termPIR\u00ae AL OSB"},"content":{"rendered":"<p>PIR termPIR\u00ae AL OSB izola\u010dn\u00e1 doska predstavuje modern\u00e9 rie\u0161enie na \u00fa\u010dinn\u00fa tepeln\u00fa izol\u00e1ciu budov a z\u00e1rove\u0148 poskytuje zv\u00fd\u0161en\u00fa energetick\u00fa \u00fa\u010dinnos\u0165. Jadro dosiek tvor\u00ed vysokokvalitn\u00e1 tuh\u00e1 PIR pena, ktor\u00e1 je z oboch str\u00e1n pokryt\u00e1 plynotesn\u00fdm papierovo-hlin\u00edkov\u00fdm sendvi\u010dov\u00fdm pl\u00e1\u0161\u0165om, \u010do zaru\u010duje vynikaj\u00face izola\u010dn\u00e9 vlastnosti. Okrem toho s\u00fa dosky vybaven\u00e9 vrstvou OSB s hr\u00fabkou 8 a\u017e 22 mm, ktor\u00e1 im dod\u00e1va mechanick\u00fa pevnos\u0165. Medzi hlin\u00edkov\u00fdm obkladom a OSB doskou je lepiaca vrstva, ktor\u00e1 zabezpe\u010duje trval\u00e9 spojenie a stabilitu kon\u0161trukcie. termPIR\u00ae AL OSB je ide\u00e1lnym rie\u0161en\u00edm na pou\u017eitie v n\u00e1ro\u010dn\u00fdch stavebn\u00fdch projektoch, kde je d\u00f4le\u017eit\u00e1 tepeln\u00e1 aj kon\u0161truk\u010dn\u00e1 izol\u00e1cia.<\/p>","protected":false},"excerpt":{"rendered":"<p>Izola\u010dn\u00e9 dosky TermPIR\u00ae AL OSB s\u00fa bezkonkuren\u010dn\u00fdm rie\u0161en\u00edm na zv\u00fd\u0161enie energetickej \u00fa\u010dinnosti va\u0161ej budovy. Skladaj\u00fa sa z PIR peny s plynotesnou hlin\u00edkovou vlo\u017ekou a OSB dosiek s hr\u00fabkou 8-22 mm, spojen\u00fdch lepiacou vrstvou.<\/p>","protected":false},"featured_media":948,"comment_status":"open","ping_status":"closed","template":"","meta":{"_acf_changed":false},"product_brand":[],"product_cat":[35],"product_tag":[],"class_list":{"0":"post-947","1":"product","2":"type-product","3":"status-publish","4":"has-post-thumbnail","6":"product_cat-plyty-izolacyjne","8":"first","9":"instock","10":"shipping-taxable","11":"product-type-simple"},"acf":[],"_links":{"self":[{"href":"https:\/\/marpanel.pl\/sk\/wp-json\/wp\/v2\/product\/947","targetHints":{"allow":["GET"]}}],"collection":[{"href":"https:\/\/marpanel.pl\/sk\/wp-json\/wp\/v2\/product"}],"about":[{"href":"https:\/\/marpanel.pl\/sk\/wp-json\/wp\/v2\/types\/product"}],"replies":[{"embeddable":true,"href":"https:\/\/marpanel.pl\/sk\/wp-json\/wp\/v2\/comments?post=947"}],"wp:featuredmedia":[{"embeddable":true,"href":"https:\/\/marpanel.pl\/sk\/wp-json\/wp\/v2\/media\/948"}],"wp:attachment":[{"href":"https:\/\/marpanel.pl\/sk\/wp-json\/wp\/v2\/media?parent=947"}],"wp:term":[{"taxonomy":"product_brand","embeddable":true,"href":"https:\/\/marpanel.pl\/sk\/wp-json\/wp\/v2\/product_brand?post=947"},{"taxonomy":"product_cat","embeddable":true,"href":"https:\/\/marpanel.pl\/sk\/wp-json\/wp\/v2\/product_cat?post=947"},{"taxonomy":"product_tag","embeddable":true,"href":"https:\/\/marpanel.pl\/sk\/wp-json\/wp\/v2\/product_tag?post=947"}],"curies":[{"name":"wp","href":"https:\/\/api.w.org\/{rel}","templated":true}]}}