{"id":954,"date":"2024-08-29T15:19:02","date_gmt":"2024-08-29T13:19:02","guid":{"rendered":"https:\/\/marpanel.pl\/?post_type=product&#038;p=954"},"modified":"2026-01-10T18:26:56","modified_gmt":"2026-01-10T17:26:56","slug":"plyta-izolacyjna-pir-termpir-gk-al-gk","status":"publish","type":"product","link":"https:\/\/marpanel.pl\/sk\/plyta\/plyta-izolacyjna-pir-termpir-gk-al-gk\/","title":{"rendered":"Izola\u010dn\u00e1 doska PIR termPIR\u00ae GK AL GK"},"content":{"rendered":"<p>PIR termPIR\u00ae GK AL Izola\u010dn\u00e1 doska GK pon\u00faka modern\u00e9 a efekt\u00edvne rie\u0161enie pre projekty vy\u017eaduj\u00face vysok\u00fa energetick\u00fa \u00fa\u010dinnos\u0165 a statiku. V strede dosky sa nach\u00e1dza jadro z tuhej PIR peny, ktor\u00e9 poskytuje vynikaj\u00facu tepeln\u00fa izol\u00e1ciu. Doska je z oboch str\u00e1n pokryt\u00e1 plynotesn\u00fdm sendvi\u010dov\u00fdm obkladom na b\u00e1ze papiera a hlin\u00edka, ktor\u00fd \u010falej zvy\u0161uje jej odolnos\u0165 proti tepeln\u00fdm strat\u00e1m. Dosky GK s hr\u00fabkou 12,5 mm na oboch stran\u00e1ch jadra zvy\u0161uj\u00fa odolnos\u0165 kon\u0161trukcie a s\u00fa vynikaj\u00face na povrchov\u00fa \u00fapravu interi\u00e9ru. V\u0161etky vrstvy s\u00fa navz\u00e1jom spojen\u00e9 pomocou lepiacej vrstvy, aby sa zabezpe\u010dila odolnos\u0165 a celistvos\u0165 kon\u0161trukcie. termPIR\u00ae AL GK(2) je ide\u00e1lnym rie\u0161en\u00edm pre aplik\u00e1cie, kde je prioritou \u00fa\u010dinn\u00e1 tepeln\u00e1 izol\u00e1cia a robustn\u00e1 a kvalitn\u00e1 povrchov\u00e1 \u00faprava.<\/p>","protected":false},"excerpt":{"rendered":"<p>Izola\u010dn\u00e9 dosky TermPIR\u00ae AL GK(2) s\u00fa bezkonkuren\u010dn\u00fdm rie\u0161en\u00edm na zv\u00fd\u0161enie energetickej \u00fa\u010dinnosti va\u0161ej budovy. Dosky s jadrom z PIR peny s\u00fa z oboch str\u00e1n pokryt\u00e9 plynotesn\u00fdm hlin\u00edkov\u00fdm opl\u00e1\u0161ten\u00edm a 12,5 mm hrub\u00fdmi GK doskami, ktor\u00e9 s\u00fa spojen\u00e9 lepiacou vrstvou.<\/p>","protected":false},"featured_media":955,"comment_status":"open","ping_status":"closed","template":"","meta":{"_acf_changed":false},"product_brand":[],"product_cat":[35],"product_tag":[],"class_list":{"0":"post-954","1":"product","2":"type-product","3":"status-publish","4":"has-post-thumbnail","6":"product_cat-plyty-izolacyjne","8":"first","9":"instock","10":"shipping-taxable","11":"product-type-simple"},"acf":[],"_links":{"self":[{"href":"https:\/\/marpanel.pl\/sk\/wp-json\/wp\/v2\/product\/954","targetHints":{"allow":["GET"]}}],"collection":[{"href":"https:\/\/marpanel.pl\/sk\/wp-json\/wp\/v2\/product"}],"about":[{"href":"https:\/\/marpanel.pl\/sk\/wp-json\/wp\/v2\/types\/product"}],"replies":[{"embeddable":true,"href":"https:\/\/marpanel.pl\/sk\/wp-json\/wp\/v2\/comments?post=954"}],"wp:featuredmedia":[{"embeddable":true,"href":"https:\/\/marpanel.pl\/sk\/wp-json\/wp\/v2\/media\/955"}],"wp:attachment":[{"href":"https:\/\/marpanel.pl\/sk\/wp-json\/wp\/v2\/media?parent=954"}],"wp:term":[{"taxonomy":"product_brand","embeddable":true,"href":"https:\/\/marpanel.pl\/sk\/wp-json\/wp\/v2\/product_brand?post=954"},{"taxonomy":"product_cat","embeddable":true,"href":"https:\/\/marpanel.pl\/sk\/wp-json\/wp\/v2\/product_cat?post=954"},{"taxonomy":"product_tag","embeddable":true,"href":"https:\/\/marpanel.pl\/sk\/wp-json\/wp\/v2\/product_tag?post=954"}],"curies":[{"name":"wp","href":"https:\/\/api.w.org\/{rel}","templated":true}]}}