{"id":956,"date":"2024-08-29T15:20:03","date_gmt":"2024-08-29T13:20:03","guid":{"rendered":"https:\/\/marpanel.pl\/?post_type=product&#038;p=956"},"modified":"2024-10-29T07:36:05","modified_gmt":"2024-10-29T06:36:05","slug":"plyta-izolacyjna-termpir-al-r-eco","status":"publish","type":"product","link":"https:\/\/marpanel.pl\/sk\/plyta\/plyta-izolacyjna-termpir-al-r-eco\/","title":{"rendered":"Izola\u010dn\u00e1 doska PIR termPIR\u00ae BT R-eco"},"content":{"rendered":"<p>Izola\u010dn\u00e1 doska PIR termPIR\u00ae BT R-eco je modern\u00e9 rie\u0161enie, ktor\u00e9 \u00fa\u010dinne zvy\u0161uje energetick\u00fa \u00fa\u010dinnos\u0165 budov a sp\u00e1ja modern\u00fa technol\u00f3giu s materi\u00e1lmi \u0161etrn\u00fdmi k \u017eivotn\u00e9mu prostrediu. Dosky obsahuj\u00fa jadro z tuhej PIR peny, ktor\u00e1 sa vyr\u00e1ba z recyklovan\u00fdch surov\u00edn, \u010do prispieva k zn\u00ed\u017eeniu vplyvu na \u017eivotn\u00e9 prostredie. Obojstrann\u00e1 ochrana vo forme obkladu z bit\u00famenov\u00e9ho sklenen\u00e9ho z\u00e1voja (BT) prep\u00fa\u0161\u0165aj\u00faceho plyny poskytuje dodato\u010dn\u00fa ochranu proti vlhkosti a zvy\u0161uje \u017eivotnos\u0165 izol\u00e1cie. V\u010faka t\u00fdmto vlastnostiam pon\u00faka termPIR\u00ae BT nielen vynikaj\u00facu tepeln\u00fa izol\u00e1ciu, ale aj odolnos\u0165 vo\u010di poveternostn\u00fdm vplyvom, \u010do ho rob\u00ed ide\u00e1lnym pre n\u00e1ro\u010dn\u00e9 stavebn\u00e9 projekty.<\/p>","protected":false},"excerpt":{"rendered":"<p>Izola\u010dn\u00e9 dosky TermPIR\u00ae BT s\u00fa bezkonkuren\u010dn\u00fdm rie\u0161en\u00edm na zv\u00fd\u0161enie energetickej \u00fa\u010dinnosti va\u0161ej budovy. S\u00fa vyroben\u00e9 z recyklovanej tuhej PIR peny a na oboch stran\u00e1ch s\u00fa chr\u00e1nen\u00e9 plynopriepustn\u00fdm bit\u00famenov\u00fdm sklenen\u00fdm pl\u00e1\u0161\u0165om (BT).<\/p>","protected":false},"featured_media":959,"comment_status":"open","ping_status":"closed","template":"","meta":{"_acf_changed":false},"product_brand":[],"product_cat":[35],"product_tag":[],"class_list":{"0":"post-956","1":"product","2":"type-product","3":"status-publish","4":"has-post-thumbnail","6":"product_cat-plyty-izolacyjne","8":"first","9":"instock","10":"shipping-taxable","11":"product-type-simple"},"acf":[],"_links":{"self":[{"href":"https:\/\/marpanel.pl\/sk\/wp-json\/wp\/v2\/product\/956","targetHints":{"allow":["GET"]}}],"collection":[{"href":"https:\/\/marpanel.pl\/sk\/wp-json\/wp\/v2\/product"}],"about":[{"href":"https:\/\/marpanel.pl\/sk\/wp-json\/wp\/v2\/types\/product"}],"replies":[{"embeddable":true,"href":"https:\/\/marpanel.pl\/sk\/wp-json\/wp\/v2\/comments?post=956"}],"wp:featuredmedia":[{"embeddable":true,"href":"https:\/\/marpanel.pl\/sk\/wp-json\/wp\/v2\/media\/959"}],"wp:attachment":[{"href":"https:\/\/marpanel.pl\/sk\/wp-json\/wp\/v2\/media?parent=956"}],"wp:term":[{"taxonomy":"product_brand","embeddable":true,"href":"https:\/\/marpanel.pl\/sk\/wp-json\/wp\/v2\/product_brand?post=956"},{"taxonomy":"product_cat","embeddable":true,"href":"https:\/\/marpanel.pl\/sk\/wp-json\/wp\/v2\/product_cat?post=956"},{"taxonomy":"product_tag","embeddable":true,"href":"https:\/\/marpanel.pl\/sk\/wp-json\/wp\/v2\/product_tag?post=956"}],"curies":[{"name":"wp","href":"https:\/\/api.w.org\/{rel}","templated":true}]}}