{"id":960,"date":"2024-08-29T15:22:44","date_gmt":"2024-08-29T13:22:44","guid":{"rendered":"https:\/\/marpanel.pl\/?post_type=product&#038;p=960"},"modified":"2024-10-29T07:34:46","modified_gmt":"2024-10-29T06:34:46","slug":"plyta-izolacyjna-pir-termpir-etx-r-eco","status":"publish","type":"product","link":"https:\/\/marpanel.pl\/sk\/plyta\/plyta-izolacyjna-pir-termpir-etx-r-eco\/","title":{"rendered":"Izola\u010dn\u00e1 doska PIR termPIR\u00ae ETX R-eco"},"content":{"rendered":"<p>Izola\u010dn\u00e1 doska PIR s n\u00e1zvomPIR\u00ae ETX R-eco je modern\u00e9 rie\u0161enie, ktor\u00e9 \u00fa\u010dinne zvy\u0161uje energetick\u00fa \u00fa\u010dinnos\u0165 budov a sp\u00e1ja modern\u00e9 materi\u00e1ly s ekologick\u00fdmi technol\u00f3giami. Dosky vyroben\u00e9 z tuhej PIR peny z\u00edskanej z recyklovan\u00fdch surov\u00edn poskytuj\u00fa vynikaj\u00face tepelnoizola\u010dn\u00e9 vlastnosti a pom\u00e1haj\u00fa zni\u017eova\u0165 vplyv na \u017eivotn\u00e9 prostredie. Obojstrann\u00e1 ochrana v podobe plynopriepustn\u00e9ho sklenen\u00e9ho z\u00e1voja (ETX) oblo\u017eenia \u010falej chr\u00e1ni pred vlhkos\u0165ou, \u010d\u00edm zabezpe\u010duje trvanlivos\u0165 a stabilitu izol\u00e1cie. V\u010faka t\u00fdmto vlastnostiam pon\u00faka termPIR\u00ae ETX \u00fa\u010dinn\u00fa ochranu pred tepeln\u00fdmi stratami a dlhodob\u00fa \u017eivotnos\u0165, \u010do z neho rob\u00ed ide\u00e1lnu vo\u013ebu pre projekty udr\u017eate\u013en\u00fdch a energeticky \u00fasporn\u00fdch budov.<\/p>","protected":false},"excerpt":{"rendered":"<p>Izola\u010dn\u00e9 dosky TermPIR\u00ae ETX s\u00fa bezkonkuren\u010dn\u00fdm rie\u0161en\u00edm na zv\u00fd\u0161enie energetickej \u00fa\u010dinnosti va\u0161ej budovy. Skladaj\u00fa sa z jadra z tuhej PIR peny, vyrobenej z recyklovan\u00fdch surov\u00edn, a z obojstrann\u00e9ho obkladu zo sklenenej f\u00f3lie prep\u00fa\u0161\u0165aj\u00facej plyny (ETX).<\/p>","protected":false},"featured_media":961,"comment_status":"open","ping_status":"closed","template":"","meta":{"_acf_changed":false},"product_brand":[],"product_cat":[35],"product_tag":[],"class_list":{"0":"post-960","1":"product","2":"type-product","3":"status-publish","4":"has-post-thumbnail","6":"product_cat-plyty-izolacyjne","8":"first","9":"instock","10":"shipping-taxable","11":"product-type-simple"},"acf":[],"_links":{"self":[{"href":"https:\/\/marpanel.pl\/sk\/wp-json\/wp\/v2\/product\/960","targetHints":{"allow":["GET"]}}],"collection":[{"href":"https:\/\/marpanel.pl\/sk\/wp-json\/wp\/v2\/product"}],"about":[{"href":"https:\/\/marpanel.pl\/sk\/wp-json\/wp\/v2\/types\/product"}],"replies":[{"embeddable":true,"href":"https:\/\/marpanel.pl\/sk\/wp-json\/wp\/v2\/comments?post=960"}],"wp:featuredmedia":[{"embeddable":true,"href":"https:\/\/marpanel.pl\/sk\/wp-json\/wp\/v2\/media\/961"}],"wp:attachment":[{"href":"https:\/\/marpanel.pl\/sk\/wp-json\/wp\/v2\/media?parent=960"}],"wp:term":[{"taxonomy":"product_brand","embeddable":true,"href":"https:\/\/marpanel.pl\/sk\/wp-json\/wp\/v2\/product_brand?post=960"},{"taxonomy":"product_cat","embeddable":true,"href":"https:\/\/marpanel.pl\/sk\/wp-json\/wp\/v2\/product_cat?post=960"},{"taxonomy":"product_tag","embeddable":true,"href":"https:\/\/marpanel.pl\/sk\/wp-json\/wp\/v2\/product_tag?post=960"}],"curies":[{"name":"wp","href":"https:\/\/api.w.org\/{rel}","templated":true}]}}