{"id":962,"date":"2024-08-29T15:23:40","date_gmt":"2024-08-29T13:23:40","guid":{"rendered":"https:\/\/marpanel.pl\/?post_type=product&#038;p=962"},"modified":"2024-10-29T07:21:39","modified_gmt":"2024-10-29T06:21:39","slug":"plyta-izolacyjna-pir-termpir-agro-al-ceil","status":"publish","type":"product","link":"https:\/\/marpanel.pl\/sk\/plyta\/plyta-izolacyjna-pir-termpir-agro-al-ceil\/","title":{"rendered":"Izola\u010dn\u00e1 doska PIR termPIR\u00ae AGRO AL CEIL"},"content":{"rendered":"<p>Izola\u010dn\u00e1 doska PIR termPIR\u00ae AGRO AL CEIL je modern\u00e9 rie\u0161enie, ktor\u00e9 v\u00fdrazne zvy\u0161uje energetick\u00fa \u00fa\u010dinnos\u0165 va\u0161ej budovy. Pozost\u00e1vaj\u00fa z tepelnoizola\u010dn\u00e9ho jadra z tuhej PIR peny, ktor\u00e1 poskytuje vynikaj\u00face izola\u010dn\u00e9 vlastnosti. Dosky s\u00fa z oboch str\u00e1n chr\u00e1nen\u00e9 um\u00fdvate\u013en\u00fdm 50 \u03bcm hrub\u00fdm plynotesn\u00fdm oblo\u017een\u00edm z hlin\u00edkovej f\u00f3lie (Agro AL), ktor\u00e9 \u010falej chr\u00e1ni pred tepeln\u00fdmi stratami a zabezpe\u010duje trvanlivos\u0165 materi\u00e1lu. V\u010faka svojej kon\u0161trukcii je termPIR\u00ae AGRO AL ide\u00e1lnou vo\u013ebou pre \u0161irok\u00fa \u0161k\u00e1lu stavebn\u00fdch aplik\u00e1ci\u00ed, pri\u010dom pon\u00faka vysok\u00fa odolnos\u0165 vo\u010di vonkaj\u0161\u00edm vplyvom. Panely maj\u00fa po\u017eiarnu klasifik\u00e1ciu B-s2,d0, \u010do potvrdzuje ich n\u00edzku hor\u013eavos\u0165 a bezpe\u010dnos\u0165 v pr\u00edpade po\u017eiaru. Podrobn\u00e9 inform\u00e1cie o po\u017eiarnej klasifik\u00e1cii s\u00fa k dispoz\u00edcii v pr\u00edslu\u0161nej dokument\u00e1cii.<\/p>","protected":false},"excerpt":{"rendered":"<p>Izola\u010dn\u00e9 dosky TermPIR\u00ae AGRO AL s\u00fa bezkonkuren\u010dn\u00fdm rie\u0161en\u00edm na zv\u00fd\u0161enie energetickej \u00fa\u010dinnosti va\u0161ej budovy. S\u00fa vyroben\u00e9 z tuhej PIR peny a na oboch stran\u00e1ch s\u00fa chr\u00e1nen\u00e9 um\u00fdvate\u013en\u00fdm oblo\u017een\u00edm z 50 \u03bcm hrubej hlin\u00edkovej f\u00f3lie (Agro AL). Dosky maj\u00fa po\u017eiarnu klasifik\u00e1ciu B-s2,d0.<\/p>","protected":false},"featured_media":963,"comment_status":"open","ping_status":"closed","template":"","meta":{"_acf_changed":false},"product_brand":[],"product_cat":[35],"product_tag":[],"class_list":{"0":"post-962","1":"product","2":"type-product","3":"status-publish","4":"has-post-thumbnail","6":"product_cat-plyty-izolacyjne","8":"first","9":"instock","10":"shipping-taxable","11":"product-type-simple"},"acf":[],"_links":{"self":[{"href":"https:\/\/marpanel.pl\/sk\/wp-json\/wp\/v2\/product\/962","targetHints":{"allow":["GET"]}}],"collection":[{"href":"https:\/\/marpanel.pl\/sk\/wp-json\/wp\/v2\/product"}],"about":[{"href":"https:\/\/marpanel.pl\/sk\/wp-json\/wp\/v2\/types\/product"}],"replies":[{"embeddable":true,"href":"https:\/\/marpanel.pl\/sk\/wp-json\/wp\/v2\/comments?post=962"}],"wp:featuredmedia":[{"embeddable":true,"href":"https:\/\/marpanel.pl\/sk\/wp-json\/wp\/v2\/media\/963"}],"wp:attachment":[{"href":"https:\/\/marpanel.pl\/sk\/wp-json\/wp\/v2\/media?parent=962"}],"wp:term":[{"taxonomy":"product_brand","embeddable":true,"href":"https:\/\/marpanel.pl\/sk\/wp-json\/wp\/v2\/product_brand?post=962"},{"taxonomy":"product_cat","embeddable":true,"href":"https:\/\/marpanel.pl\/sk\/wp-json\/wp\/v2\/product_cat?post=962"},{"taxonomy":"product_tag","embeddable":true,"href":"https:\/\/marpanel.pl\/sk\/wp-json\/wp\/v2\/product_tag?post=962"}],"curies":[{"name":"wp","href":"https:\/\/api.w.org\/{rel}","templated":true}]}}