{"id":966,"date":"2024-08-29T15:44:57","date_gmt":"2024-08-29T13:44:57","guid":{"rendered":"https:\/\/marpanel.pl\/?post_type=product&#038;p=966"},"modified":"2024-10-28T21:55:07","modified_gmt":"2024-10-28T20:55:07","slug":"plyta-izolacyjna-termpir-al-r-eco-2","status":"publish","type":"product","link":"https:\/\/marpanel.pl\/sk\/plyta\/plyta-izolacyjna-termpir-al-r-eco-2\/","title":{"rendered":"Izola\u010dn\u00e1 doska termPIR\u00ae AL R-eco"},"content":{"rendered":"<p>Izola\u010dn\u00e1 doska TermPIR\u00ae AL R-eco predstavuje modern\u00e9 rie\u0161enie \u00fa\u010dinnej tepelnej izol\u00e1cie, ktor\u00e9 sp\u00e1ja modern\u00e9 materi\u00e1ly a ekologick\u00fa v\u00fdrobu. Ich jadro tvor\u00ed tuh\u00e1 polyizokyanur\u00e1tov\u00e1 (PIR) pena, ktor\u00e1 sa vyr\u00e1ba z recyklovan\u00fdch surov\u00edn. V\u010faka tomu s\u00fa dosky termPIR\u00ae AL nielen \u00fa\u010dinn\u00e9 z h\u013eadiska izol\u00e1cie, ale aj \u0161etrn\u00e9 k \u017eivotn\u00e9mu prostrediu.<\/p>\n<p>Panely s\u00fa z oboch str\u00e1n chr\u00e1nen\u00e9 \u0161peci\u00e1lnou plynotesnou v\u00fdstelkou, ktor\u00e1 sa sklad\u00e1 z troch vrstiev: hlin\u00edka (AL), papiera a polyetyl\u00e9nu. Hlin\u00edkov\u00e1 vrstva p\u00f4sob\u00ed ako bari\u00e9ra pre plyny, zabra\u0148uje tepeln\u00fdm strat\u00e1m a chr\u00e1ni pred vlhkos\u0165ou. Papier a polyetyl\u00e9n podporuj\u00fa stabilitu a \u010falej zvy\u0161uj\u00fa tesnos\u0165 a trvanlivos\u0165 obkladu.<\/p>\n<p>V\u010faka svojim vlastnostiam s\u00fa dosky termPIR\u00ae AL ide\u00e1lne na r\u00f4zne stavebn\u00e9 aplik\u00e1cie, ako je izol\u00e1cia stien, striech a podl\u00e1h. Pon\u00fakaj\u00fa vysok\u00fa energetick\u00fa \u00fa\u010dinnos\u0165 a dlhodob\u00fa ochranu, \u010d\u00edm pom\u00e1haj\u00fa zni\u017eova\u0165 n\u00e1klady na vykurovanie a zvy\u0161ova\u0165 komfort v interi\u00e9ri.<\/p>","protected":false},"excerpt":{"rendered":"<p>Izola\u010dn\u00e9 dosky TermPIR\u00ae AL s\u00fa \u00fa\u010dinn\u00fdm tepelnoizola\u010dn\u00fdm rie\u0161en\u00edm, ktor\u00e9 vyu\u017e\u00edva jadro z PIR peny vyrobenej z recyklovan\u00fdch surov\u00edn. Dosky s\u00fa z oboch str\u00e1n pokryt\u00e9 vrstven\u00fdm plynotesn\u00fdm pl\u00e1\u0161\u0165om z hlin\u00edka, papiera a polyetyl\u00e9nu, ktor\u00fd poskytuje vynikaj\u00facu ochranu proti tepeln\u00fdm strat\u00e1m a vlhkosti.<\/p>","protected":false},"featured_media":967,"comment_status":"open","ping_status":"closed","template":"","meta":{"_acf_changed":false},"product_brand":[],"product_cat":[35],"product_tag":[],"class_list":{"0":"post-966","1":"product","2":"type-product","3":"status-publish","4":"has-post-thumbnail","6":"product_cat-plyty-izolacyjne","8":"first","9":"instock","10":"shipping-taxable","11":"product-type-simple"},"acf":[],"_links":{"self":[{"href":"https:\/\/marpanel.pl\/sk\/wp-json\/wp\/v2\/product\/966","targetHints":{"allow":["GET"]}}],"collection":[{"href":"https:\/\/marpanel.pl\/sk\/wp-json\/wp\/v2\/product"}],"about":[{"href":"https:\/\/marpanel.pl\/sk\/wp-json\/wp\/v2\/types\/product"}],"replies":[{"embeddable":true,"href":"https:\/\/marpanel.pl\/sk\/wp-json\/wp\/v2\/comments?post=966"}],"wp:featuredmedia":[{"embeddable":true,"href":"https:\/\/marpanel.pl\/sk\/wp-json\/wp\/v2\/media\/967"}],"wp:attachment":[{"href":"https:\/\/marpanel.pl\/sk\/wp-json\/wp\/v2\/media?parent=966"}],"wp:term":[{"taxonomy":"product_brand","embeddable":true,"href":"https:\/\/marpanel.pl\/sk\/wp-json\/wp\/v2\/product_brand?post=966"},{"taxonomy":"product_cat","embeddable":true,"href":"https:\/\/marpanel.pl\/sk\/wp-json\/wp\/v2\/product_cat?post=966"},{"taxonomy":"product_tag","embeddable":true,"href":"https:\/\/marpanel.pl\/sk\/wp-json\/wp\/v2\/product_tag?post=966"}],"curies":[{"name":"wp","href":"https:\/\/api.w.org\/{rel}","templated":true}]}}