{"id":968,"date":"2024-08-29T15:50:09","date_gmt":"2024-08-29T13:50:09","guid":{"rendered":"https:\/\/marpanel.pl\/?post_type=product&#038;p=968"},"modified":"2024-10-28T21:53:21","modified_gmt":"2024-10-28T20:53:21","slug":"plyta-warstwowa-gs-inspire-s-2","status":"publish","type":"product","link":"https:\/\/marpanel.pl\/sk\/plyta\/plyta-warstwowa-gs-inspire-s-2\/","title":{"rendered":"Sendvi\u010dov\u00fd panel GS insPIRe\u00ae S"},"content":{"rendered":"<p>Kompozitn\u00e9 dosky GS insPIRe\u00ae S s\u00fa univerz\u00e1lnym materi\u00e1lom ur\u010den\u00fdm na v\u00fdstavbu vonkaj\u0161\u00edch obvodov\u00fdch stien a vn\u00fatorn\u00fdch deliacich stien v r\u00e1mov\u00fdch kon\u0161trukci\u00e1ch. Ich kon\u0161trukcia umo\u017e\u0148uje flexibiln\u00fa in\u0161tal\u00e1ciu vo vertik\u00e1lnom a horizont\u00e1lnom usporiadan\u00ed, aby vyhovovala \u0161irokej \u0161k\u00e1le kon\u0161truk\u010dn\u00fdch po\u017eiadaviek. Panely s\u00fa k dispoz\u00edcii ako jedno- a viacrozponov\u00e9 stenov\u00e9 prvky, \u010do zabezpe\u010duje ich v\u0161estrannos\u0165 a funk\u010dnos\u0165.<\/p>\n<p>Panely GS insPIRe\u00ae S s\u00fa vyroben\u00e9 z vysokokvalitn\u00e9ho oce\u013eov\u00e9ho plechu obojstranne pozinkovan\u00e9ho v s\u00falade s normou EN 10346. Plech je potiahnut\u00fd organick\u00fdm polyesterov\u00fdm lakom s hr\u00fabkou vrstvy 25 \u03bcm, ktor\u00fd zabezpe\u010duje odolnos\u0165 vo\u010di poveternostn\u00fdm vplyvom a dlhotrvaj\u00facu estetiku. Na zabezpe\u010denie tesnosti spojov medzi panelmi sa pou\u017e\u00edva polyuret\u00e1nov\u00e9 tesnenie PUS, ktor\u00e9 sa aplikuje u\u017e vo f\u00e1ze v\u00fdroby.<\/p>\n<p>Na u\u013eah\u010denie in\u0161tal\u00e1cie s\u00fa panely k dispoz\u00edcii v r\u00f4znych hr\u00fabkach a s r\u00f4znymi typmi z\u00e1mkov: panely s hr\u00fabkou 100 mm a 120 mm maj\u00fa z\u00e1mok s perom a dr\u00e1\u017ekou, zatia\u013e \u010do panely s hr\u00fabkou 40 mm, 60 mm a 80 mm maj\u00fa ploch\u00fd z\u00e1mok. To umo\u017e\u0148uje presn\u00e9 prisp\u00f4sobenie po\u017eiadavk\u00e1m stavby a zabezpe\u010denie robustnosti a odolnosti kon\u0161trukcie steny.<\/p>\n<p>1. profilovanie plechov\u00e9ho obkladu rob\u00ed steny estetick\u00fdmi<br \/>\nVe\u013ek\u00fd polomer profilu z\u00e1mku na zabezpe\u010denie neporu\u0161enosti n\u00e1terov plechu<br \/>\n3. spojovacie dosky s dvojit\u00fdm z\u00e1mkom zaru\u010duj\u00face vysok\u00fa po\u017eiarnu odolnos\u0165<br \/>\n4. profilovan\u00e9 hrany pre jednoduch\u0161iu in\u0161tal\u00e1ciu a lep\u0161iu tepeln\u00fa izol\u00e1ciu<br \/>\n5. jadro z tuhej PIR peny s ve\u013emi dobr\u00fdmi tepelnoizola\u010dn\u00fdmi a protipo\u017eiarnymi vlastnos\u0165ami<br \/>\n6 Priebe\u017en\u00e9 polyuret\u00e1nov\u00e9 tesnenie, ktor\u00e9 udr\u017eiava vysok\u00fa tepeln\u00fa izol\u00e1ciu. Aplikuje sa po\u010das v\u00fdrobn\u00e9ho procesu<br \/>\n7. hlin\u00edkov\u00e1 f\u00f3lia na zabr\u00e1nenie prenikaniu p\u00e1r do jadra z polyuret\u00e1novej peny<\/p>","protected":false},"excerpt":{"rendered":"<p>Stenov\u00e9 panely GS insPIRe\u00ae S s\u00fa ide\u00e1lnym rie\u0161en\u00edm pre vonkaj\u0161ie z\u00e1vesn\u00e9 steny a vn\u00fatorn\u00e9 deliace steny v r\u00e1mov\u00fdch kon\u0161trukci\u00e1ch. S\u00fa vyroben\u00e9 z pozinkovan\u00e9ho oce\u013eov\u00e9ho plechu, potiahnut\u00e9ho 25 \u03bcm organick\u00fdm polyesterov\u00fdm lakom a poskytuj\u00fa odolnos\u0165 a estetiku. Panely mo\u017eno in\u0161talova\u0165 vertik\u00e1lne aj horizont\u00e1lne, a to pomocou z\u00e1mkov na pero a dr\u00e1\u017eku alebo ploch\u00fdch z\u00e1mkov v z\u00e1vislosti od hr\u00fabky.<\/p>","protected":false},"featured_media":971,"comment_status":"open","ping_status":"closed","template":"","meta":{"_acf_changed":false},"product_brand":[],"product_cat":[27,30],"product_tag":[],"class_list":{"0":"post-968","1":"product","2":"type-product","3":"status-publish","4":"has-post-thumbnail","6":"product_cat-plyty-warstwowe","7":"product_cat-plyty-warstwowe-scienne","9":"first","10":"instock","11":"shipping-taxable","12":"product-type-simple"},"acf":[],"_links":{"self":[{"href":"https:\/\/marpanel.pl\/sk\/wp-json\/wp\/v2\/product\/968","targetHints":{"allow":["GET"]}}],"collection":[{"href":"https:\/\/marpanel.pl\/sk\/wp-json\/wp\/v2\/product"}],"about":[{"href":"https:\/\/marpanel.pl\/sk\/wp-json\/wp\/v2\/types\/product"}],"replies":[{"embeddable":true,"href":"https:\/\/marpanel.pl\/sk\/wp-json\/wp\/v2\/comments?post=968"}],"wp:featuredmedia":[{"embeddable":true,"href":"https:\/\/marpanel.pl\/sk\/wp-json\/wp\/v2\/media\/971"}],"wp:attachment":[{"href":"https:\/\/marpanel.pl\/sk\/wp-json\/wp\/v2\/media?parent=968"}],"wp:term":[{"taxonomy":"product_brand","embeddable":true,"href":"https:\/\/marpanel.pl\/sk\/wp-json\/wp\/v2\/product_brand?post=968"},{"taxonomy":"product_cat","embeddable":true,"href":"https:\/\/marpanel.pl\/sk\/wp-json\/wp\/v2\/product_cat?post=968"},{"taxonomy":"product_tag","embeddable":true,"href":"https:\/\/marpanel.pl\/sk\/wp-json\/wp\/v2\/product_tag?post=968"}],"curies":[{"name":"wp","href":"https:\/\/api.w.org\/{rel}","templated":true}]}}