{"id":969,"date":"2024-08-29T15:53:03","date_gmt":"2024-08-29T13:53:03","guid":{"rendered":"https:\/\/marpanel.pl\/?post_type=product&#038;p=969"},"modified":"2024-10-28T21:52:11","modified_gmt":"2024-10-28T20:52:11","slug":"plyta-warstwowa-gs-inspire-u","status":"publish","type":"product","link":"https:\/\/marpanel.pl\/sk\/plyta\/plyta-warstwowa-gs-inspire-u\/","title":{"rendered":"Sendvi\u010dov\u00fd panel GS insPIRe\u00ae U"},"content":{"rendered":"<p>Sendvi\u010dov\u00e9 panely GS insPIRe\u00ae U s\u00fa ur\u010den\u00e9 na pou\u017eitie vo vonkaj\u0161\u00edch obvodov\u00fdch sten\u00e1ch a vn\u00fatorn\u00fdch deliacich sten\u00e1ch v r\u00e1mov\u00fdch budov\u00e1ch. V\u010faka svojej flexibilite pri mont\u00e1\u017ei sa tieto panely m\u00f4\u017eu in\u0161talova\u0165 vertik\u00e1lne aj horizont\u00e1lne, \u010do umo\u017e\u0148uje \u0161irok\u00fa \u0161k\u00e1lu aplik\u00e1ci\u00ed, a to ako jedno- aj viacrozponov\u00e9 stenov\u00e9 prvky.<\/p>\n<p>Jedine\u010dnou vlastnos\u0165ou t\u00fdchto panelov je skryt\u00e9 upevnenie, ktor\u00e9 je z fas\u00e1dy nevidite\u013en\u00e9. Toto rie\u0161enie nielen zvy\u0161uje architektonick\u00fd vzh\u013ead budovy, ale aj zlep\u0161uje funk\u010dnos\u0165 t\u00fdm, \u017ee poskytuje jednotn\u00fd a estetick\u00fd povrch.<\/p>\n<p>Panely GS insPIRe\u00ae U s\u00fa vyroben\u00e9 z obojstranne pozinkovan\u00e9ho oce\u013eov\u00e9ho plechu v s\u00falade s normou EN 10346. Povrch plechu je potiahnut\u00fd 25 \u03bcm organick\u00fdm polyesterov\u00fdm lakom, ktor\u00fd zabezpe\u010duje odolnos\u0165 vo\u010di poveternostn\u00fdm vplyvom a dlhotrvaj\u00faci estetick\u00fd vzh\u013ead.<\/p>\n<p>Okrem toho, aby sa zabezpe\u010dila vzduchotesnos\u0165 spojov medzi panelmi, vo f\u00e1ze v\u00fdroby sa aplikuje polyuret\u00e1nov\u00e9 tesnenie PUS. Toto rie\u0161enie zaru\u010duje vynikaj\u00facu izol\u00e1ciu a trvanlivos\u0165 celej kon\u0161trukcie steny.<\/p>\n<p>1. profilovanie plechov\u00e9ho obkladu rob\u00ed steny estetick\u00fdmi<br \/>\n2. skryt\u00fd spojovac\u00ed prvok na dosiahnutie jednotnej\u0161ieho vzh\u013eadu fas\u00e1d<br \/>\nVe\u013ek\u00fd polomer profilu z\u00e1mku na zabezpe\u010denie neporu\u0161enosti n\u00e1terov plechu<br \/>\nDvojit\u00e9 prepojenie panelov na zaru\u010denie vysokej po\u017eiarnej odolnosti<br \/>\n5. pomocn\u00e1 dr\u00e1\u017eka na u\u013eah\u010denie umiestnenia spojovacieho prvku<br \/>\nProfilovan\u00e9 hrany na jednoduch\u0161iu in\u0161tal\u00e1ciu a lep\u0161iu tepeln\u00fa izol\u00e1ciu<br \/>\n7 Priebe\u017en\u00e9 polyuret\u00e1nov\u00e9 tesnenie, ktor\u00e9 udr\u017eiava vysok\u00fa tepeln\u00fa izol\u00e1ciu. Aplikuje sa po\u010das v\u00fdrobn\u00e9ho procesu<br \/>\n8. hlin\u00edkov\u00e1 f\u00f3lia na zabr\u00e1nenie prenikaniu p\u00e1r do jadra z polyuret\u00e1novej peny<br \/>\n9. jadro z tuhej PIR peny s ve\u013emi dobr\u00fdmi tepelnoizola\u010dn\u00fdmi a protipo\u017eiarnymi vlastnos\u0165ami<\/p>","protected":false},"excerpt":{"rendered":"<p>Stenov\u00e9 panely GS insPIRe\u00ae U s\u00fa ide\u00e1lne na v\u00fdstavbu vonkaj\u0161\u00edch obvodov\u00fdch stien a vn\u00fatorn\u00fdch deliacich stien v r\u00e1mov\u00fdch kon\u0161trukci\u00e1ch. Vyzna\u010duj\u00fa sa skryt\u00fdm upevnen\u00edm, ktor\u00e9 poskytuje estetick\u00fd a funk\u010dn\u00fd vzh\u013ead. S\u00fa vyroben\u00e9 z pozinkovan\u00e9ho oce\u013eov\u00e9ho plechu, potiahnut\u00e9 organick\u00fdm polyesterov\u00fdm lakom s hr\u00fabkou 25 \u03bcm a vybaven\u00e9 polyuret\u00e1nov\u00fdm tesnen\u00edm PUS, \u010do zaru\u010duje ich odolnos\u0165 a tesnos\u0165.<\/p>","protected":false},"featured_media":973,"comment_status":"open","ping_status":"closed","template":"","meta":{"_acf_changed":false},"product_brand":[],"product_cat":[27,30],"product_tag":[],"class_list":{"0":"post-969","1":"product","2":"type-product","3":"status-publish","4":"has-post-thumbnail","6":"product_cat-plyty-warstwowe","7":"product_cat-plyty-warstwowe-scienne","9":"first","10":"instock","11":"shipping-taxable","12":"product-type-simple"},"acf":[],"_links":{"self":[{"href":"https:\/\/marpanel.pl\/sk\/wp-json\/wp\/v2\/product\/969","targetHints":{"allow":["GET"]}}],"collection":[{"href":"https:\/\/marpanel.pl\/sk\/wp-json\/wp\/v2\/product"}],"about":[{"href":"https:\/\/marpanel.pl\/sk\/wp-json\/wp\/v2\/types\/product"}],"replies":[{"embeddable":true,"href":"https:\/\/marpanel.pl\/sk\/wp-json\/wp\/v2\/comments?post=969"}],"wp:featuredmedia":[{"embeddable":true,"href":"https:\/\/marpanel.pl\/sk\/wp-json\/wp\/v2\/media\/973"}],"wp:attachment":[{"href":"https:\/\/marpanel.pl\/sk\/wp-json\/wp\/v2\/media?parent=969"}],"wp:term":[{"taxonomy":"product_brand","embeddable":true,"href":"https:\/\/marpanel.pl\/sk\/wp-json\/wp\/v2\/product_brand?post=969"},{"taxonomy":"product_cat","embeddable":true,"href":"https:\/\/marpanel.pl\/sk\/wp-json\/wp\/v2\/product_cat?post=969"},{"taxonomy":"product_tag","embeddable":true,"href":"https:\/\/marpanel.pl\/sk\/wp-json\/wp\/v2\/product_tag?post=969"}],"curies":[{"name":"wp","href":"https:\/\/api.w.org\/{rel}","templated":true}]}}