{"id":974,"date":"2024-08-29T16:00:43","date_gmt":"2024-08-29T14:00:43","guid":{"rendered":"https:\/\/marpanel.pl\/?post_type=product&#038;p=974"},"modified":"2024-10-28T21:49:17","modified_gmt":"2024-10-28T20:49:17","slug":"plyta-warstwowa-gs-inspire-ch","status":"publish","type":"product","link":"https:\/\/marpanel.pl\/sk\/plyta\/plyta-warstwowa-gs-inspire-ch\/","title":{"rendered":"Sendvi\u010dov\u00fd panel GS insPIRe\u00ae CH"},"content":{"rendered":"<p>Sendvi\u010dov\u00fd panel GS insPIRe\u00ae CH je \u0161peci\u00e1lne navrhnut\u00fd na pou\u017eitie v zariadeniach, kde sa vy\u017eaduj\u00fa kontrolovan\u00e9 teplotn\u00e9 a vlhkostn\u00e9 podmienky, ako s\u00fa chladiarne a mraziace boxy. M\u00f4\u017ee sa pou\u017e\u00edva\u0165 v chladiarensk\u00fdch skladoch (t &gt; 0 \u00b0C) aj v mrazni\u010dk\u00e1ch (t &lt; 0 \u00b0C), ako aj v in\u00fdch zariadeniach, ktor\u00e9 vy\u017eaduj\u00fa presn\u00fa regul\u00e1ciu teploty a vlhkosti.<\/p>\n<p>V\u010faka univerz\u00e1lnosti in\u0161tal\u00e1cie mo\u017eno panely GS insPIRe\u00ae CH in\u0161talova\u0165 vertik\u00e1lne aj horizont\u00e1lne, \u010do umo\u017e\u0148uje ich pou\u017eitie v r\u00f4znych konfigur\u00e1ci\u00e1ch. S\u00fa ide\u00e1lne na v\u00fdstavbu samostatne stojacich kon\u0161trukci\u00ed a ako stenov\u00e9 a podlahov\u00e9 prvky v chladiarensk\u00fdch alebo mraziarensk\u00fdch priestoroch, postaven\u00fdch vo vn\u00fatri existuj\u00facich budov.<\/p>\n<p>Tieto panely sa vyzna\u010duj\u00fa vysokou izola\u010dnou \u00fa\u010dinnos\u0165ou, ktor\u00e1 zabezpe\u010duje udr\u017eanie optim\u00e1lnych podmienok v kontrolovan\u00fdch priestoroch. V\u010faka mo\u017enosti mont\u00e1\u017ee ako jedno- a viacprie\u010dnikov\u00e9 prvky predstavuj\u00fa flexibiln\u00e9 rie\u0161enie, ktor\u00e9 mo\u017eno prisp\u00f4sobi\u0165 r\u00f4znym kon\u0161truk\u010dn\u00fdm potreb\u00e1m.<\/p>\n<p>1. profilovanie plechov\u00e9ho obkladu rob\u00ed steny estetick\u00fdmi<br \/>\n2. tesniaca hmota aplikovan\u00e1 na mieste<br \/>\nVe\u013ek\u00fd polomer profilu z\u00e1mku na zabezpe\u010denie neporu\u0161enosti n\u00e1terov plechu<br \/>\n4. profilovan\u00e9 hrany pre jednoduch\u0161iu in\u0161tal\u00e1ciu a lep\u0161iu tepeln\u00fa izol\u00e1ciu<br \/>\n5. dvojit\u00e9 uzamykanie panelov, ktor\u00e9 zaru\u010duje vysok\u00e9 protipo\u017eiarne vlastnosti<br \/>\n6. labyrintov\u00fd kontakt jadra na elimin\u00e1ciu tepeln\u00e9ho mosta<br \/>\n7. Jadro z tuhej peny PIR s ve\u013emi dobr\u00fdmi tepelnoizola\u010dn\u00fdmi a protipo\u017eiarnymi vlastnos\u0165ami<\/p>","protected":false},"excerpt":{"rendered":"<p>Chladiaci panel GS insPIRe\u00ae CH je ide\u00e1lnym rie\u0161en\u00edm na kon\u0161trukciu stien a stropov v chladiarensk\u00fdch a mraziarensk\u00fdch skladoch, ako aj v zariadeniach s regulovanou teplotou a vlhkos\u0165ou. V\u010faka mo\u017enosti vertik\u00e1lnej aj horizont\u00e1lnej in\u0161tal\u00e1cie mo\u017eno panely pou\u017ei\u0165 na v\u00fdstavbu samostatne stojacich kon\u0161trukci\u00ed aj chladiarensk\u00fdch priestorov vo vn\u00fatri existuj\u00facich budov.<\/p>","protected":false},"featured_media":975,"comment_status":"open","ping_status":"closed","template":"","meta":{"_acf_changed":false},"product_brand":[],"product_cat":[27,30],"product_tag":[],"class_list":{"0":"post-974","1":"product","2":"type-product","3":"status-publish","4":"has-post-thumbnail","6":"product_cat-plyty-warstwowe","7":"product_cat-plyty-warstwowe-scienne","9":"first","10":"instock","11":"shipping-taxable","12":"product-type-simple"},"acf":[],"_links":{"self":[{"href":"https:\/\/marpanel.pl\/sk\/wp-json\/wp\/v2\/product\/974","targetHints":{"allow":["GET"]}}],"collection":[{"href":"https:\/\/marpanel.pl\/sk\/wp-json\/wp\/v2\/product"}],"about":[{"href":"https:\/\/marpanel.pl\/sk\/wp-json\/wp\/v2\/types\/product"}],"replies":[{"embeddable":true,"href":"https:\/\/marpanel.pl\/sk\/wp-json\/wp\/v2\/comments?post=974"}],"wp:featuredmedia":[{"embeddable":true,"href":"https:\/\/marpanel.pl\/sk\/wp-json\/wp\/v2\/media\/975"}],"wp:attachment":[{"href":"https:\/\/marpanel.pl\/sk\/wp-json\/wp\/v2\/media?parent=974"}],"wp:term":[{"taxonomy":"product_brand","embeddable":true,"href":"https:\/\/marpanel.pl\/sk\/wp-json\/wp\/v2\/product_brand?post=974"},{"taxonomy":"product_cat","embeddable":true,"href":"https:\/\/marpanel.pl\/sk\/wp-json\/wp\/v2\/product_cat?post=974"},{"taxonomy":"product_tag","embeddable":true,"href":"https:\/\/marpanel.pl\/sk\/wp-json\/wp\/v2\/product_tag?post=974"}],"curies":[{"name":"wp","href":"https:\/\/api.w.org\/{rel}","templated":true}]}}